{"id":11,"date":"2023-03-01T11:53:13","date_gmt":"2023-03-01T09:53:13","guid":{"rendered":"https:\/\/uusisivu.keskiespooseura.fi\/?page_id=11"},"modified":"2023-03-02T12:25:19","modified_gmt":"2023-03-02T10:25:19","slug":"julkaisut","status":"publish","type":"page","link":"https:\/\/keskiespooseura.fi\/?page_id=11","title":{"rendered":"Julkaisut"},"content":{"rendered":"\t\t<div data-elementor-type=\"wp-page\" data-elementor-id=\"11\" class=\"elementor elementor-11\">\n\t\t\t\t\t\t<section class=\"elementor-section elementor-top-section elementor-element elementor-element-0297109 elementor-section-boxed elementor-section-height-default elementor-section-height-default\" data-id=\"0297109\" data-element_type=\"section\" data-e-type=\"section\">\n\t\t\t\t\t\t<div class=\"elementor-container elementor-column-gap-default\">\n\t\t\t\t\t<div class=\"elementor-column elementor-col-50 elementor-top-column elementor-element elementor-element-c4983d1\" data-id=\"c4983d1\" data-element_type=\"column\" data-e-type=\"column\">\n\t\t\t<div class=\"elementor-widget-wrap elementor-element-populated\">\n\t\t\t\t\t\t<div class=\"elementor-element elementor-element-0b2037e elementor-widget elementor-widget-heading\" data-id=\"0b2037e\" data-element_type=\"widget\" data-e-type=\"widget\" data-widget_type=\"heading.default\">\n\t\t\t\t<div class=\"elementor-widget-container\">\n\t\t\t\t\t<h2 class=\"elementor-heading-title elementor-size-default\">Keski-Espoo -seura on julkaissut kolme kirjaa<\/h2>\t\t\t\t<\/div>\n\t\t\t\t<\/div>\n\t\t\t\t<div class=\"elementor-element elementor-element-06ddd2a elementor-widget elementor-widget-text-editor\" data-id=\"06ddd2a\" data-element_type=\"widget\" data-e-type=\"widget\" data-widget_type=\"text-editor.default\">\n\t\t\t\t<div class=\"elementor-widget-container\">\n\t\t\t\t\t\t\t\t\t<p>Keski-Espoo \u2013seuran suurina saavutuksina on my\u00f6s pidett\u00e4v\u00e4 seuran julkaisemia kolmea kirjaa, joista ensimm\u00e4inen ilmestyi vuonna 1998 nimell\u00e4 \u201dKivikauden kyl\u00e4st\u00e4 kaupunkikeskukseksi\u201d. Kirja sai ilmestymisvuonna Kalevala-vuoden juhlapalkinnon. Toinen kirja nimelt\u00e4 \u201dKeski-Espoon huviloita ja kartanoita\u201d ilmestyi vuonna 2002. Kirjasta otettiin kaksi painosta. Vuonna 2017 ilmestyi kolmas kirja \u201d Keski-Espoo 45 vuotta osana kaupunkia\u201d. Keski-Espoo \u2013seura on painattanut my\u00f6s postikortteja kirkosta ja muutamista alueella olevista julkisista rakennuksista.<\/p><p>Seuralla on ollut kotisivut, www.keskiespooseura.fi vuodesta 2007 l\u00e4htien. Seuran omilla sivuilla on n\u00e4ht\u00e4v\u00e4n\u00e4 Keski-Espoon Sanomien vuosikertoja. Sivuilla julkaistaan my\u00f6s yhdistyksen omia, Espoon kaupungin ja muiden yhteis\u00f6jen tapahtumailmoituksia, tiedotteita yms. omalta toiminta-alueelta.<\/p>\t\t\t\t\t\t\t\t<\/div>\n\t\t\t\t<\/div>\n\t\t\t\t\t<\/div>\n\t\t<\/div>\n\t\t\t\t<div class=\"elementor-column elementor-col-50 elementor-top-column elementor-element elementor-element-a7d6d14\" data-id=\"a7d6d14\" data-element_type=\"column\" data-e-type=\"column\">\n\t\t\t<div class=\"elementor-widget-wrap elementor-element-populated\">\n\t\t\t\t\t\t<div class=\"elementor-element elementor-element-465b522 elementor-widget elementor-widget-image\" data-id=\"465b522\" data-element_type=\"widget\" data-e-type=\"widget\" data-widget_type=\"image.default\">\n\t\t\t\t<div class=\"elementor-widget-container\">\n\t\t\t\t\t\t\t\t\t\t\t\t\t\t\t<img fetchpriority=\"high\" decoding=\"async\" width=\"768\" height=\"427\" src=\"https:\/\/keskiespooseura.fi\/wp-content\/uploads\/2023\/03\/julkaisut-768x427.jpg\" class=\"attachment-medium_large size-medium_large wp-image-124\" alt=\"\" srcset=\"https:\/\/keskiespooseura.fi\/wp-content\/uploads\/2023\/03\/julkaisut-768x427.jpg 768w, https:\/\/keskiespooseura.fi\/wp-content\/uploads\/2023\/03\/julkaisut-300x167.jpg 300w, https:\/\/keskiespooseura.fi\/wp-content\/uploads\/2023\/03\/julkaisut-1024x569.jpg 1024w, https:\/\/keskiespooseura.fi\/wp-content\/uploads\/2023\/03\/julkaisut.jpg 1061w\" sizes=\"(max-width: 768px) 100vw, 768px\" \/>\t\t\t\t\t\t\t\t\t\t\t\t\t\t\t<\/div>\n\t\t\t\t<\/div>\n\t\t\t\t\t<\/div>\n\t\t<\/div>\n\t\t\t\t\t<\/div>\n\t\t<\/section>\n\t\t\t\t<section class=\"elementor-section elementor-top-section elementor-element elementor-element-3f6dbe4 elementor-section-boxed elementor-section-height-default elementor-section-height-default\" data-id=\"3f6dbe4\" data-element_type=\"section\" data-e-type=\"section\">\n\t\t\t\t\t\t<div class=\"elementor-container elementor-column-gap-default\">\n\t\t\t\t\t<div class=\"elementor-column elementor-col-50 elementor-top-column elementor-element elementor-element-96e97ec\" data-id=\"96e97ec\" data-element_type=\"column\" data-e-type=\"column\">\n\t\t\t<div class=\"elementor-widget-wrap elementor-element-populated\">\n\t\t\t\t\t\t<div class=\"elementor-element elementor-element-b5c5699 elementor-widget elementor-widget-heading\" data-id=\"b5c5699\" data-element_type=\"widget\" data-e-type=\"widget\" data-widget_type=\"heading.default\">\n\t\t\t\t<div class=\"elementor-widget-container\">\n\t\t\t\t\t<h2 class=\"elementor-heading-title elementor-size-default\">Suvelan Sirkus<\/h2>\t\t\t\t<\/div>\n\t\t\t\t<\/div>\n\t\t\t\t<div class=\"elementor-element elementor-element-0f43499 elementor-widget elementor-widget-text-editor\" data-id=\"0f43499\" data-element_type=\"widget\" data-e-type=\"widget\" data-widget_type=\"text-editor.default\">\n\t\t\t\t<div class=\"elementor-widget-container\">\n\t\t\t\t\t\t\t\t\t<p>Seuran alaisuudessa aloitti vuonna 1990 aktiivinen nuorisojaosto, jonka ansioista seuralla oli mahdollisuus perustaa samana vuonna my\u00f6s oma sirkuskoulu, Suvelan Sirkus. Sirkuskoulun toiminta kasvoi nopeasti niin suureksi, ett\u00e4 se rekister\u00f6itiin omaksi yhdistykseksi, Suvelan sirkuksen kannatusyhdistys ry:ksi vuonna 1993.<br \/>\u00a0<br \/>Espoon kaupungin avustuksen ja vanhempain suuren tuen turvin sirkus laajentui ja my\u00f6s kansainv\u00e4listyi; suhteita solmittiin ruotsalaiseen Ludvikan ja ven\u00e4l\u00e4iseen Hatsinan sirkukseen. Hatsinan sirkuksen j\u00e4seni\u00e4 toimi my\u00f6s opettajina Eestiss\u00e4 Harjun maakunnassa sijaitsevassa Vihasoon kyl\u00e4ss\u00e4 pidetyill\u00e4 Suvelan sirkuskoulun leireill\u00e4. Sirkuskoulussa oli alusta alkaen yli 100 oppilasta ja vuonna 1992 saatiin harjoitustilat Kannusillanm\u00e4est\u00e4. Sirkuksen opettajina toimivat aluksi Moskovan sirkuksesta oppinsa saanut Sergei Fatkin ja 1990-luvun puoliv\u00e4ist\u00e4 vakituisena opettajana ranskalainen sirkustaiteilija Lionel Lejeune. Suvelan Sirkus osallistui my\u00f6s valtakunnallisiin sirkustapahtumiin ja menestyi niiss\u00e4 hyvin.\u00a0 Vuonna 1995 Suvelan Sirkus saavutti toisen tilan Suomen mestaruuskilpailuissa sirkuskokonaisuudesta. Suvelan sirkuskoulu liitettiin my\u00f6hemmin osaksi Espoon esitt\u00e4v\u00e4\u00e4 koulua (ESKO).<\/p><p>Suvelan Sirkuskoulun menestyksen takana oli aktiivisesti toiminut, vuonna 1993 perustettu kannatusyhdistys, jonka johtokunnan puheenjohtajana toimi aluksi allekirjoittanut. Erityisen kiitoksen sirkuskoulun menestyksess\u00e4 ansaitsevat aviopari P\u00e4ivi ja Jukka Erinko, jotka osallistuivat sirkuskoulun py\u00f6ritt\u00e4miseen valmistamalla esiintymispukuja, hankkimalla ja juontamalla esityksi\u00e4, j\u00e4rjest\u00e4m\u00e4ll\u00e4 leirej\u00e4 ja huolehtimalla kuljetuksista. Moni mukana ollut nuori sai sirkuskoulusta hyv\u00e4n l\u00e4ht\u00f6kohdan tulevaisuudelle.<br \/>\u00a0<br \/>Nuorisojaosto toiminta oli vilkasta toiminnanohjaaja Leena Rokkasen ansiosta 1990-luvun loppupuolella. Kerhossa 10-16 \u2013vuotiaat tyt\u00f6t ja pojat opettelivat ruoanlaittoa, radioamat\u00f6\u00f6ritoimintaa jne. Vuonna 1996 mukana oli 50 nuorta ja 30 aikuista, Vuonna 1998 toiminta siirrettiin Keski-Espoossa toimivan\u00a0 Mannerheimin lastensuojeluliiton\u00a0 alaisuuteen.<\/p>\t\t\t\t\t\t\t\t<\/div>\n\t\t\t\t<\/div>\n\t\t\t\t\t<\/div>\n\t\t<\/div>\n\t\t\t\t<div class=\"elementor-column elementor-col-50 elementor-top-column elementor-element elementor-element-046705b\" data-id=\"046705b\" data-element_type=\"column\" data-e-type=\"column\">\n\t\t\t<div class=\"elementor-widget-wrap elementor-element-populated\">\n\t\t\t\t\t\t<div class=\"elementor-element elementor-element-1e51023 elementor-widget elementor-widget-image\" data-id=\"1e51023\" data-element_type=\"widget\" data-e-type=\"widget\" data-widget_type=\"image.default\">\n\t\t\t\t<div class=\"elementor-widget-container\">\n\t\t\t\t\t\t\t\t\t\t\t\t\t\t\t<img decoding=\"async\" width=\"646\" height=\"463\" src=\"https:\/\/keskiespooseura.fi\/wp-content\/uploads\/2023\/03\/sirkus.jpg\" class=\"attachment-medium_large size-medium_large wp-image-126\" alt=\"\" srcset=\"https:\/\/keskiespooseura.fi\/wp-content\/uploads\/2023\/03\/sirkus.jpg 646w, https:\/\/keskiespooseura.fi\/wp-content\/uploads\/2023\/03\/sirkus-300x215.jpg 300w\" sizes=\"(max-width: 646px) 100vw, 646px\" \/>\t\t\t\t\t\t\t\t\t\t\t\t\t\t\t<\/div>\n\t\t\t\t<\/div>\n\t\t\t\t\t<\/div>\n\t\t<\/div>\n\t\t\t\t\t<\/div>\n\t\t<\/section>\n\t\t\t\t<\/div>\n\t\t","protected":false},"excerpt":{"rendered":"<p>Keski-Espoo -seura on julkaissut kolme kirjaa Keski-Espoo \u2013seuran suurina saavutuksina on my\u00f6s pidett\u00e4v\u00e4 seuran julkaisemia kolmea kirjaa, joista ensimm\u00e4inen ilmestyi vuonna 1998 nimell\u00e4 \u201dKivikauden kyl\u00e4st\u00e4 kaupunkikeskukseksi\u201d. Kirja sai ilmestymisvuonna Kalevala-vuoden juhlapalkinnon. Toinen kirja nimelt\u00e4 \u201dKeski-Espoon huviloita ja kartanoita\u201d ilmestyi vuonna 2002. Kirjasta otettiin kaksi painosta. Vuonna 2017 ilmestyi kolmas kirja \u201d Keski-Espoo 45 vuotta osana [&hellip;]<\/p>\n","protected":false},"author":2,"featured_media":0,"parent":0,"menu_order":0,"comment_status":"closed","ping_status":"closed","template":"","meta":{"footnotes":""},"class_list":["post-11","page","type-page","status-publish","hentry"],"_links":{"self":[{"href":"https:\/\/keskiespooseura.fi\/index.php?rest_route=\/wp\/v2\/pages\/11","targetHints":{"allow":["GET"]}}],"collection":[{"href":"https:\/\/keskiespooseura.fi\/index.php?rest_route=\/wp\/v2\/pages"}],"about":[{"href":"https:\/\/keskiespooseura.fi\/index.php?rest_route=\/wp\/v2\/types\/page"}],"author":[{"embeddable":true,"href":"https:\/\/keskiespooseura.fi\/index.php?rest_route=\/wp\/v2\/users\/2"}],"replies":[{"embeddable":true,"href":"https:\/\/keskiespooseura.fi\/index.php?rest_route=%2Fwp%2Fv2%2Fcomments&post=11"}],"version-history":[{"count":7,"href":"https:\/\/keskiespooseura.fi\/index.php?rest_route=\/wp\/v2\/pages\/11\/revisions"}],"predecessor-version":[{"id":141,"href":"https:\/\/keskiespooseura.fi\/index.php?rest_route=\/wp\/v2\/pages\/11\/revisions\/141"}],"wp:attachment":[{"href":"https:\/\/keskiespooseura.fi\/index.php?rest_route=%2Fwp%2Fv2%2Fmedia&parent=11"}],"curies":[{"name":"wp","href":"https:\/\/api.w.org\/{rel}","templated":true}]}}