{"id":1199,"date":"2024-06-28T13:38:39","date_gmt":"2024-06-28T10:38:39","guid":{"rendered":"https:\/\/keskiespooseura.fi\/?page_id=1199"},"modified":"2025-05-13T14:08:47","modified_gmt":"2025-05-13T11:08:47","slug":"toimintasuunnitelma-2025","status":"publish","type":"page","link":"https:\/\/keskiespooseura.fi\/?page_id=1199","title":{"rendered":"Toimintasuunnitelma 2025"},"content":{"rendered":"\t\t<div data-elementor-type=\"wp-page\" data-elementor-id=\"1199\" class=\"elementor elementor-1199\">\n\t\t\t\t\t\t<section class=\"elementor-section elementor-top-section elementor-element elementor-element-749c602 elementor-section-boxed elementor-section-height-default elementor-section-height-default\" data-id=\"749c602\" data-element_type=\"section\" data-e-type=\"section\">\n\t\t\t\t\t\t<div class=\"elementor-container elementor-column-gap-default\">\n\t\t\t\t\t<div class=\"elementor-column elementor-col-100 elementor-top-column elementor-element elementor-element-4d660a9\" data-id=\"4d660a9\" data-element_type=\"column\" data-e-type=\"column\">\n\t\t\t<div class=\"elementor-widget-wrap elementor-element-populated\">\n\t\t\t\t\t\t<div class=\"elementor-element elementor-element-b16ba6d elementor-widget elementor-widget-heading\" data-id=\"b16ba6d\" data-element_type=\"widget\" data-e-type=\"widget\" data-widget_type=\"heading.default\">\n\t\t\t\t<div class=\"elementor-widget-container\">\n\t\t\t\t\t<h2 class=\"elementor-heading-title elementor-size-default\">Keski-Espoo-seuran toimintasuunnitelma vuodelle 2025<\/h2>\t\t\t\t<\/div>\n\t\t\t\t<\/div>\n\t\t\t\t\t<\/div>\n\t\t<\/div>\n\t\t\t\t\t<\/div>\n\t\t<\/section>\n\t\t\t\t<section class=\"elementor-section elementor-top-section elementor-element elementor-element-3fe5010 elementor-section-boxed elementor-section-height-default elementor-section-height-default\" data-id=\"3fe5010\" data-element_type=\"section\" data-e-type=\"section\">\n\t\t\t\t\t\t<div class=\"elementor-container elementor-column-gap-default\">\n\t\t\t\t\t<div class=\"elementor-column elementor-col-50 elementor-top-column elementor-element elementor-element-9832d36\" data-id=\"9832d36\" data-element_type=\"column\" data-e-type=\"column\">\n\t\t\t<div class=\"elementor-widget-wrap elementor-element-populated\">\n\t\t\t\t\t\t<div class=\"elementor-element elementor-element-ea2ce63 elementor-widget elementor-widget-text-editor\" data-id=\"ea2ce63\" data-element_type=\"widget\" data-e-type=\"widget\" data-widget_type=\"text-editor.default\">\n\t\t\t\t<div class=\"elementor-widget-container\">\n\t\t\t\t\t\t\t\t\t<p><strong>Seuran toiminta-ajatus<\/strong><br \/>Keski-Espoo-seura pyrkii parantamaan toiminta-alueensa viihtyisyytt\u00e4, asuntorakentamisen monipuolisuutta ja alueen yksityist\u00e4 sek\u00e4 julkista palvelutarjontaa vaikuttamalla aktiivisesti kaavoitusasioihin kaupunkikeskuksen (Espoon keskus, kaupunginosa 40) ja sen l\u00e4hialueiden erityispiirteet huomioon ottaen sek\u00e4 n\u00e4in kehitt\u00e4m\u00e4\u00e4n toiminta-alueensa sivistyksellisi\u00e4 ja sosiaalisia oloja. Seura toimii yhteisty\u00f6ss\u00e4 muiden j\u00e4rjest\u00f6jen ja yhteis\u00f6jen kanssa edell\u00e4 mainittujen tavoitteiden saavuttamiseksi.\u00a0 Lis\u00e4ksi seura toimii kaupunkikeskuksen asukkaiden tietoisuuden lis\u00e4\u00e4miseksi oman asuinalueensa historiasta ja nykytilasta. Asukkaita pyrit\u00e4\u00e4n my\u00f6s sitouttamaan ja juurruttamaan alueelle ja t\u00e4t\u00e4 kautta aktivoimaan mukaan alueen kehitt\u00e4misty\u00f6h\u00f6n.\u00a0<br \/><br \/><strong>Seuran toiminta\u00a0<\/strong><br \/>Seura pit\u00e4\u00e4 s\u00e4\u00e4nt\u00f6m\u00e4\u00e4r\u00e4isen vuosikokouksen huhtikuun loppuun menness\u00e4. Johtokunta kokoontuu 6\u20138 kertaa vuodessa. Johtokunta asettaa tarpeen mukaan avukseen ty\u00f6ryhmi\u00e4. Espoon Kaupunginosayhdistysten Liiton (EKYL), Suomen Kotiseutuliiton ja Pro Espoonjoki ry:n j\u00e4senyhteis\u00f6n\u00e4 seura osallistuu n\u00e4iden j\u00e4rjest\u00f6jen toimintaan. Seura tekee yhteisty\u00f6t\u00e4 alueella toimivien muiden yhdistysten sek\u00e4 Espoon kaupungin, Espoon seurakunnan ja yritysten kanssa. Seura on my\u00f6s yhteisty\u00f6ss\u00e4 alueella toimivien monikulttuurisuutta edustavien yhdistysten kuten kanssa.\u00a0<br \/><br \/><strong>Tapahtumat\u00a0<\/strong><br \/>Seura toteuttaa 4-6 luentoa k\u00e4sitt\u00e4v\u00e4n luentosarjan vuoden 2025 alkupuolella Entressen kirjaston sinisess\u00e4 huoneessa. Luennot k\u00e4sitt\u00e4v\u00e4t Espoon historiaan ja Keski-Espoon alueella tapahtuvaan kehitykseen kuten Espoon keskuksen rakennushankkeisiin, liittyvi\u00e4 aiheita. Luennoitsijat ovat oman alansa asiantuntijoita. <br \/><br \/>Keski-Espoo -seura pyrkii t\u00e4ydent\u00e4m\u00e4\u00e4n ja kierr\u00e4tt\u00e4m\u00e4\u00e4n kolmella kielell\u00e4 toteutettua Keski-Espoon historiaa ja rakennuksia k\u00e4sittelev\u00e4\u00e4 rollup-n\u00e4yttely\u00e4. \u00a0Tieto oman asuinalueen historiasta on t\u00e4rke\u00e4\u00e4 monikulttuurisen v\u00e4est\u00f6nosan kotouttamisessa ja alueelle muuttaville uusille asukkaille.<br \/><br \/>Seura osallistuu vuosittain Espoon tuomiokirkon ymp\u00e4rist\u00f6ss\u00e4 j\u00e4rjestett\u00e4ville SyysMatin Markkinoille sek\u00e4 Espoon keskuksessa pidett\u00e4viin erilaisiin tapahtumiin kuten Espoo-p\u00e4iv\u00e4n tapahtumiin. Seura pyrkii j\u00e4rjest\u00e4m\u00e4\u00e4n retki\u00e4 ja kaupunkik\u00e4velyj\u00e4 Espoon keskuksessa. Seura j\u00e4rjest\u00e4\u00e4 yhteisty\u00f6ss\u00e4 muiden yhdistysten kanssa my\u00f6s erilaisia tapahtumia.<\/p>\t\t\t\t\t\t\t\t<\/div>\n\t\t\t\t<\/div>\n\t\t\t\t\t<\/div>\n\t\t<\/div>\n\t\t\t\t<div class=\"elementor-column elementor-col-50 elementor-top-column elementor-element elementor-element-7be32da\" data-id=\"7be32da\" data-element_type=\"column\" data-e-type=\"column\">\n\t\t\t<div class=\"elementor-widget-wrap elementor-element-populated\">\n\t\t\t\t\t\t<div class=\"elementor-element elementor-element-7b2bfa9 elementor-widget elementor-widget-text-editor\" data-id=\"7b2bfa9\" data-element_type=\"widget\" data-e-type=\"widget\" data-widget_type=\"text-editor.default\">\n\t\t\t\t<div class=\"elementor-widget-container\">\n\t\t\t\t\t\t\t\t\t<p><strong>Kannanotot ja lausunnot\u00a0<\/strong><br \/>Vuoden 2025 aikana seurataan Espoolaistentalon suunnitelmia, Lommilan ja sen pohjoispuolisen alueen kaavoitusty\u00f6t\u00e4, Suviniityn rakentamista, Espoontorin laajentamista koskevia suunnitelmia sek\u00e4 muuta alueella tapahtuvaa asuntorakentamisesta sek\u00e4 tie- ja katuverkoston kehittymist\u00e4, kuten meneill\u00e4\u00e4n olevan kaupunkirata-hankkeen toteuttamista Lepp\u00e4vaarasta Kauklahteen. Seura osallistuu Espoonjoen ja Kirkkoj\u00e4rven virkistysk\u00e4yt\u00f6n lis\u00e4\u00e4miseen t\u00e4ht\u00e4\u00e4vien hankkeiden edist\u00e4miseen. Espoov\u00e4yl\u00e4n levent\u00e4miseen liittyvi\u00e4 suunnitelmia etenkin Keskuspuiston osalta ja siihen liittyv\u00e4n S\u00f6derskoginaukean asemakaavoitusty\u00f6n edistymist\u00e4 seurataan mielenkiinnolla. Seura osallistuu tarvittaessa Espoon yleiskaava 2060 -hankkeen suunnitteluun liittyviin ty\u00f6ryhmiin. Toiminta-alueella sijaitseva Sunan navetta pyrit\u00e4\u00e4n saamaan kulttuurik\u00e4ytt\u00f6\u00f6n. Valtuustotalon tulevaisuuteen liittyvi\u00e4 suunnitelmia seurataan ja tarvittaessa otetaan kantaa suunnitelmiin.<\/p><p><strong>Julkaisutoiminta<\/strong><br \/>Seura jatkaa Keski-Espoon Sanomien julkaisemista tavoitteenaan lehden sis\u00e4ll\u00f6n ja ulkoasun jatkuva kehitt\u00e4minen. Lehti on koettu Keski-Espoossa ja sen l\u00e4hialueilla t\u00e4rke\u00e4ksi tiedon v\u00e4litt\u00e4j\u00e4ksi. Lehti ilmestyy 4 kertaa vuodessa. Lehden sis\u00e4lt\u00f6\u00e4 ja linjaa valvoo johtokunta.\u00a0<\/p><p>Keski-Espoon Sanomien painosm\u00e4\u00e4r\u00e4 on 20 000 kpl, ja se jaetaan kaikkiin seuran toiminta-alueen ja sen reunavy\u00f6hykkeiden talouksiin luukkujakeluna. Lehden painosm\u00e4\u00e4r\u00e4 on riippuvainen lehden kustannuksista. Lehden rahoitus hoidetaan kaupungin avustuksella ja ilmoitusmyyntituloilla. Entressen kirjastossa ja Espoontorilla on Keski-Espoon Sanomia varten oma lehtiteline. Sanomista tehd\u00e4\u00e4n my\u00f6s digiversio. (<a href=\"https:\/\/indd.adobe.com\/view\/dd50fed0-4123-483a-a14b-d306bbc9c386\" target=\"_blank\" rel=\"noopener\">Keski-Espoon Sanomat 1 2024<\/a>, <a href=\"https:\/\/indd.adobe.com\/view\/2c7257c8-203c-4f6f-8b99-163143c82c05\" target=\"_blank\" rel=\"noopener\">Keski-Espoon Sanomat 2 2024<\/a>. <a href=\"https:\/\/indd.adobe.com\/view\/75aef95b-a4e2-42c8-adee-0b0de8119a72\" target=\"_blank\" rel=\"noopener\">Keski-Espoon Sanomat 3 2024<\/a>, <a href=\"https:\/\/indd.adobe.com\/view\/6d4ec517-0ae4-4403-afb7-a6b1689ed555\" target=\"_blank\" rel=\"noopener\">Keski-Espoon Sanomat 4 2024<\/a>)<\/p><p>Tiedottamisessa k\u00e4ytet\u00e4\u00e4n seuran omia www-sivuja osoitteessa https:\/\/www.keskiespooseura.fi\/. Sivuilla julkaistaan aina my\u00f6s viimeisimm\u00e4t Keski-Espoon Sanomat ja kotisivujen arkistossa on tallennettuna aikaisemmin julkaistuja lehti\u00e4.\u00a0 Seura on julkaissut kolme kirjaa, joista vuonna 2017 ilmestyneest\u00e4 historiikista \u201dKeski-Espoo 45 vuotta osana kaupunkia\u201d on viel\u00e4 painosta j\u00e4ljell\u00e4 ja sit\u00e4 myyd\u00e4\u00e4n tapahtumissa.<\/p><p><strong>J\u00e4senist\u00f6<\/strong><br \/>Seuran henkil\u00f6- ja kannattajaj\u00e4senm\u00e4\u00e4r\u00e4\u00e4 pyrit\u00e4\u00e4n kasvattamaan osallistumalla toiminta-alueella j\u00e4rjestett\u00e4viin tapahtumiin ja tuomalla eri kanavien kautta tietoisuuteen seuran toiminta. J\u00e4senist\u00f6n aktiivisuutta kaupunkikeskuksen kehitt\u00e4miseen osallistumisessa nostetaan.\u00a0<br \/><strong><br \/>Talous\u00a0<\/strong><br \/>Toimintansa rahoittamiseksi seura ker\u00e4\u00e4 j\u00e4senmaksun henkil\u00f6- ja yhteis\u00f6j\u00e4senilt\u00e4\u00e4n sek\u00e4 hakee avustuksia eri tahoilta, ensi sijassa Espoon kaupungilta. T\u00e4rke\u00e4 tulonl\u00e4hde seuralle on ilmoitusmyynnist\u00e4 saadut tulot. Julkaisutoiminnan mahdollinen tuotto k\u00e4ytet\u00e4\u00e4n seuran yleisen ja julkaisutoiminnan kehitt\u00e4miseen. J\u00e4senmaksut vuonna 2025: henkil\u00f6j\u00e4senet 15,00 euroa, saman perheen muut j\u00e4senet 5,00 euroa, el\u00e4kel\u00e4iset 10 euroa ja kannattajaj\u00e4senet 50,00 euroa.\u00a0<\/p>\t\t\t\t\t\t\t\t<\/div>\n\t\t\t\t<\/div>\n\t\t\t\t\t<\/div>\n\t\t<\/div>\n\t\t\t\t\t<\/div>\n\t\t<\/section>\n\t\t\t\t<section class=\"elementor-section elementor-top-section elementor-element elementor-element-cb88c64 elementor-section-boxed elementor-section-height-default elementor-section-height-default\" data-id=\"cb88c64\" data-element_type=\"section\" data-e-type=\"section\">\n\t\t\t\t\t\t<div class=\"elementor-container elementor-column-gap-default\">\n\t\t\t\t\t<div class=\"elementor-column elementor-col-100 elementor-top-column elementor-element elementor-element-7c328d6\" data-id=\"7c328d6\" data-element_type=\"column\" data-e-type=\"column\">\n\t\t\t<div class=\"elementor-widget-wrap elementor-element-populated\">\n\t\t\t\t\t\t<div class=\"elementor-element elementor-element-716c3f2 elementor-widget elementor-widget-heading\" data-id=\"716c3f2\" data-element_type=\"widget\" data-e-type=\"widget\" data-widget_type=\"heading.default\">\n\t\t\t\t<div class=\"elementor-widget-container\">\n\t\t\t\t\t<h2 class=\"elementor-heading-title elementor-size-default\">Keski-Espoo-seuran toimintasuunnitelma vuodelle 2026<\/h2>\t\t\t\t<\/div>\n\t\t\t\t<\/div>\n\t\t\t\t\t<\/div>\n\t\t<\/div>\n\t\t\t\t\t<\/div>\n\t\t<\/section>\n\t\t\t\t<section class=\"elementor-section elementor-top-section elementor-element elementor-element-540d9eb elementor-section-boxed elementor-section-height-default elementor-section-height-default\" data-id=\"540d9eb\" data-element_type=\"section\" data-e-type=\"section\">\n\t\t\t\t\t\t<div class=\"elementor-container elementor-column-gap-default\">\n\t\t\t\t\t<div class=\"elementor-column elementor-col-50 elementor-top-column elementor-element elementor-element-d89c00a\" data-id=\"d89c00a\" data-element_type=\"column\" data-e-type=\"column\">\n\t\t\t<div class=\"elementor-widget-wrap elementor-element-populated\">\n\t\t\t\t\t\t<div class=\"elementor-element elementor-element-1c5660b elementor-widget elementor-widget-text-editor\" data-id=\"1c5660b\" data-element_type=\"widget\" data-e-type=\"widget\" data-widget_type=\"text-editor.default\">\n\t\t\t\t<div class=\"elementor-widget-container\">\n\t\t\t\t\t\t\t\t\t<p>(toimintasuunnitelma hyv\u00e4ksyttiin 24.4.2025 pidetyss\u00e4 vuosikokouksessa)<br \/><br \/><strong>Seuran toiminta-ajatus<\/strong><br \/>Keski-Espoo-seura pyrkii parantamaan toiminta-alueensa viihtyisyytt\u00e4, asuntorakentamisen monipuolisuutta ja alueen yksityist\u00e4 sek\u00e4 julkista palvelutarjontaa vaikuttamalla aktiivisesti kaavoitusasioihin kaupunkikeskuksen (Espoon keskus) ja sen l\u00e4hialueiden erityispiirteet huomioon ottaen sek\u00e4 n\u00e4in kehitt\u00e4m\u00e4\u00e4n toiminta-alueensa sivistyksellisi\u00e4 ja sosiaalisia oloja. Espoon keskuksen asuinalueita ovat Kiltakallio, Kirkkoj\u00e4rvi, Saarniraivio, Suna Suvela ja Tuomarila. Seura toimii yhteisty\u00f6ss\u00e4 muiden j\u00e4rjest\u00f6jen ja yhteis\u00f6jen kanssa edell\u00e4 mainittujen tavoitteiden saavuttamiseksi.\u00a0<br \/><br \/>Lis\u00e4ksi seura pyrkii toiminnallaan lis\u00e4\u00e4m\u00e4\u00e4n kaupunkikeskuksen asukkaiden tietoisuutta oman asuinalueensa historiasta ja nykytilasta. Asukkaita pyrit\u00e4\u00e4n my\u00f6s sitouttamaan ja juurruttamaan alueelle ja t\u00e4t\u00e4 kautta aktivoimaan mukaan alueen kehitt\u00e4misty\u00f6h\u00f6n.\u00a0<br \/><br \/><strong>Seuran toiminta\u00a0<\/strong><br \/>Seura pit\u00e4\u00e4 s\u00e4\u00e4nt\u00f6m\u00e4\u00e4r\u00e4isen vuosikokouksen huhtikuun loppuun menness\u00e4. Johtokunta kokoontuu 6\u20138 kertaa vuodessa. Johtokunta asettaa tarpeen mukaan avukseen ty\u00f6ryhmi\u00e4. Espoon Kaupunginosayhdistysten Liiton (EKYL), Suomen Kotiseutuliiton ja Pro Espoonjoki ry:n j\u00e4senyhteis\u00f6n\u00e4 seura osallistuu n\u00e4iden j\u00e4rjest\u00f6jen toimintaan. Seura tekee yhteisty\u00f6t\u00e4 alueella toimivien muiden yhdistysten sek\u00e4 Espoon kaupungin, Espoon Tuomiokirkkoseurakunnan ja yritysten kanssa. Seura on my\u00f6s yhteisty\u00f6ss\u00e4 monikulttuurisuutta edustavien yhdistysten kanssa.\u00a0<br \/><br \/><strong>Tapahtumat\u00a0<\/strong><br \/>Seura toteuttaa 4\u20136 luentoa k\u00e4sitt\u00e4v\u00e4n luentosarjan vuoden 2026 alkupuolella Entressen kirjaston sinisess\u00e4 huoneessa. Luennot k\u00e4sitt\u00e4v\u00e4t Espoon historiaan ja Keski-Espoon alueella tapahtuvaan kehitykseen kuten Espoon keskuksen rakennushankkeisiin, liittyvi\u00e4 aiheita. Luennoitsijat ovat oman alansa asiantuntijoita. <br \/><br \/>Keski-Espoo \u2013 seura pyrkii t\u00e4ydent\u00e4m\u00e4\u00e4n ja kierr\u00e4tt\u00e4m\u00e4\u00e4n vuonna 2018 kolmella kielell\u00e4 toteutettua Keski-Espoon historiaa ja rakennuksia k\u00e4sittelev\u00e4\u00e4 rollup-n\u00e4yttely\u00e4 alueen tapahtumien yhteydess\u00e4.\u00a0Tieto oman asuinalueen historiasta on t\u00e4rke\u00e4\u00e4 etenkin monikulttuurisen v\u00e4est\u00f6nosan kotouttamisessa ja alueelle muuttaville uusille asukkaille. <br \/><br \/>Seura osallistuu vuosittain Espoon tuomiokirkon ymp\u00e4rist\u00f6ss\u00e4 j\u00e4rjestett\u00e4ville SyysMatin Markkinoille sek\u00e4 Espoon keskuksessa pidett\u00e4viin erilaisiin tapahtumiin kuten Espoo-p\u00e4iv\u00e4n tapahtumiin. Seura pyrkii j\u00e4rjest\u00e4\u00e4 my\u00f6s omia tapahtumia kuten kaupunkik\u00e4velyj\u00e4 Espoon keskuksessa ja retki\u00e4 Espoossa ja sen ymp\u00e4rist\u00f6ss\u00e4. Seura j\u00e4rjest\u00e4\u00e4 yhteisty\u00f6ss\u00e4 muiden yhdistysten kanssa my\u00f6s erilaisia tapahtumia.<br \/><br \/><\/p>\t\t\t\t\t\t\t\t<\/div>\n\t\t\t\t<\/div>\n\t\t\t\t\t<\/div>\n\t\t<\/div>\n\t\t\t\t<div class=\"elementor-column elementor-col-50 elementor-top-column elementor-element elementor-element-67d0909\" data-id=\"67d0909\" data-element_type=\"column\" data-e-type=\"column\">\n\t\t\t<div class=\"elementor-widget-wrap elementor-element-populated\">\n\t\t\t\t\t\t<div class=\"elementor-element elementor-element-41ce374 elementor-widget elementor-widget-text-editor\" data-id=\"41ce374\" data-element_type=\"widget\" data-e-type=\"widget\" data-widget_type=\"text-editor.default\">\n\t\t\t\t<div class=\"elementor-widget-container\">\n\t\t\t\t\t\t\t\t\t<p><strong>Kannanotot ja lausunnot\u00a0<\/strong><br \/>Keski-Espoo-seurassa seurataan Espoolasitentalon jatkosuunnittelua ja Virastokeskuksen kehityst\u00e4. Vuoden 2026 aikana seurataan edelleen Lommilan ja sen pohjoispuolisen alueen kaavoitusty\u00f6t\u00e4, Suviniityn rakentamista, Espoontorin laajentamista koskevia suunnitelmia sek\u00e4 muuta alueella tapahtuvaa asuntorakentamisen edistymist\u00e4 ja toteutumista sek\u00e4 tie- ja katuverkoston kehittymist\u00e4 kuten kaupunkiradan rakennusty\u00f6n edistymist\u00e4. Seura osallistuu Espoonjokilaakson virkistys- k\u00e4yt\u00f6n lis\u00e4\u00e4miseen t\u00e4ht\u00e4\u00e4vien hankkeiden edist\u00e4miseen sek\u00e4 seuraa alueelle tehtyj\u00e4 asemakaavoitusta ja rakennussuunnitelmia kuten S\u00f6derskoginaukean kaavan valmistelua. Kaavassa on t\u00e4rke\u00e4 huomioida Keskuspuisto ja alueen kulttuurihistorialliset arvot. <br \/><br \/><strong>Julkaisutoiminta<\/strong><br \/>Seura jatkaa Keski-Espoon Sanomien julkaisemista tavoitteenaan lehden sis\u00e4ll\u00f6n ja ulkoasun jatkuva kehitt\u00e4minen. Lehti on koettu Keski-Espoossa ja sen l\u00e4hialueilla t\u00e4rke\u00e4ksi tiedon v\u00e4litt\u00e4j\u00e4ksi. Lehti ilmestyy nelj\u00e4 kertaa vuodessa. Lehden sis\u00e4lt\u00f6\u00e4 ja linjaa valvoo johtokunta.\u00a0<br \/><br \/>Keski-Espoon Sanomien painosm\u00e4\u00e4r\u00e4 on 20 000 kpl ja se jaetaan kaikkiin seuran toiminta-alueen ja sen reunavy\u00f6hykkeiden talouksiin luukkujakeluna. Lehden painosm\u00e4\u00e4r\u00e4\u00e4 on taloudellisista syist\u00e4 jouduttu supistamaan. Lehden rahoitus hoidetaan kaupungin avustuksella ja ilmoitusmyyntituloilla. Tarvittaessa lehden levikkialueen laajuutta tarkistetaan taloudellisten reunaehtojen puitteissa. Entressen kirjastossa ja Espoontorilla on Keski-Espoon Sanomia varten omat lehtitelineet.\u00a0Lehdest\u00e4 tehd\u00e4\u00e4n my\u00f6s digiversio.<br \/>Oman lehden, esitteiden ja j\u00e4sentiedotteiden lis\u00e4ksi tiedottamisessa k\u00e4ytet\u00e4\u00e4n seuran omia www-sivuja osoitteessa https:\/\/www.keskiespooseura.fi\/. Sivuilla julkaistaan aina my\u00f6s viimeisimm\u00e4t Keski-Espoon Sanomat ja arkistossa on tallennettuna aikaisemmin julkiastuja lehti\u00e4.\u00a0<br \/><br \/>Seura on julkaissut historiansa aikana kolme kirjaa, joista \u201dKeski-Espoo \u2013 Kivi- kauden kyl\u00e4st\u00e4 kaupunkikeskukseksi\u201d ja \u201dKartanoita ja huviloita Keski- Espoossa\u201d ovat jo loppuunmyytyj\u00e4. Vuonna 2017 ilmestyneen historiikin \u201dKeski-Espoo 45 vuotta osana kaupunkia\u201d on viel\u00e4 saatavana. Espoon keskuksen rikas historia antaa aiheita uuden kirjan suunnittelulle.<br \/><br \/><strong>J\u00e4senist\u00f6<\/strong> <br \/>Seuran henkil\u00f6- ja kannattajaj\u00e4senm\u00e4\u00e4r\u00e4\u00e4 pyrit\u00e4\u00e4n kasvattamaan osallistumalla entist\u00e4 enemm\u00e4n toiminta-alueella j\u00e4rjestett\u00e4viin tapahtumiin ja tuomalla alueen asukkaiden eri kanavien kautta tietoisuuteen Keski-Espoo-seuran toiminta. <br \/><br \/><strong>Talous<\/strong>\u00a0<br \/>Toimintansa rahoittamiseksi seura ker\u00e4\u00e4 j\u00e4senmaksun henkil\u00f6- ja yhteis\u00f6j\u00e4senilt\u00e4\u00e4n sek\u00e4 hakee tukea eri tahoilta, ensi sijassa Espoon kaupungilta. T\u00e4rke\u00e4 tulonl\u00e4hde seuralle on my\u00f6s ilmoitusmyynnist\u00e4 saadut tulot. Julkaisutoiminnan mahdollinen tuotto k\u00e4ytet\u00e4\u00e4n seuran yleisen ja julkaisutoiminnan kehitt\u00e4miseen. J\u00e4senmaksut v. 2026: henkil\u00f6j\u00e4senet 15,00 euroa, saman perheen muut j\u00e4senet 5,00 euroa, el\u00e4kel\u00e4iset 10 euroa ja kannattajaj\u00e4senet 50,00 euroa.\u00a0<\/p>\t\t\t\t\t\t\t\t<\/div>\n\t\t\t\t<\/div>\n\t\t\t\t\t<\/div>\n\t\t<\/div>\n\t\t\t\t\t<\/div>\n\t\t<\/section>\n\t\t\t\t<\/div>\n\t\t","protected":false},"excerpt":{"rendered":"<p>Keski-Espoo-seuran toimintasuunnitelma vuodelle 2025 Seuran toiminta-ajatusKeski-Espoo-seura pyrkii parantamaan toiminta-alueensa viihtyisyytt\u00e4, asuntorakentamisen monipuolisuutta ja alueen yksityist\u00e4 sek\u00e4 julkista palvelutarjontaa vaikuttamalla aktiivisesti kaavoitusasioihin kaupunkikeskuksen (Espoon keskus, kaupunginosa 40) ja sen l\u00e4hialueiden erityispiirteet huomioon ottaen sek\u00e4 n\u00e4in kehitt\u00e4m\u00e4\u00e4n toiminta-alueensa sivistyksellisi\u00e4 ja sosiaalisia oloja. Seura toimii yhteisty\u00f6ss\u00e4 muiden j\u00e4rjest\u00f6jen ja yhteis\u00f6jen kanssa edell\u00e4 mainittujen tavoitteiden saavuttamiseksi.\u00a0 Lis\u00e4ksi seura toimii [&hellip;]<\/p>\n","protected":false},"author":2,"featured_media":0,"parent":0,"menu_order":0,"comment_status":"closed","ping_status":"closed","template":"","meta":{"footnotes":""},"class_list":["post-1199","page","type-page","status-publish","hentry"],"_links":{"self":[{"href":"https:\/\/keskiespooseura.fi\/index.php?rest_route=\/wp\/v2\/pages\/1199","targetHints":{"allow":["GET"]}}],"collection":[{"href":"https:\/\/keskiespooseura.fi\/index.php?rest_route=\/wp\/v2\/pages"}],"about":[{"href":"https:\/\/keskiespooseura.fi\/index.php?rest_route=\/wp\/v2\/types\/page"}],"author":[{"embeddable":true,"href":"https:\/\/keskiespooseura.fi\/index.php?rest_route=\/wp\/v2\/users\/2"}],"replies":[{"embeddable":true,"href":"https:\/\/keskiespooseura.fi\/index.php?rest_route=%2Fwp%2Fv2%2Fcomments&post=1199"}],"version-history":[{"count":28,"href":"https:\/\/keskiespooseura.fi\/index.php?rest_route=\/wp\/v2\/pages\/1199\/revisions"}],"predecessor-version":[{"id":1681,"href":"https:\/\/keskiespooseura.fi\/index.php?rest_route=\/wp\/v2\/pages\/1199\/revisions\/1681"}],"wp:attachment":[{"href":"https:\/\/keskiespooseura.fi\/index.php?rest_route=%2Fwp%2Fv2%2Fmedia&parent=1199"}],"curies":[{"name":"wp","href":"https:\/\/api.w.org\/{rel}","templated":true}]}}