{"id":15,"date":"2023-03-01T11:54:23","date_gmt":"2023-03-01T09:54:23","guid":{"rendered":"https:\/\/uusisivu.keskiespooseura.fi\/?page_id=15"},"modified":"2024-06-28T11:46:37","modified_gmt":"2024-06-28T08:46:37","slug":"saannot","status":"publish","type":"page","link":"https:\/\/keskiespooseura.fi\/?page_id=15","title":{"rendered":"S\u00e4\u00e4nn\u00f6t"},"content":{"rendered":"\t\t<div data-elementor-type=\"wp-page\" data-elementor-id=\"15\" class=\"elementor elementor-15\">\n\t\t\t\t\t\t<section class=\"elementor-section elementor-top-section elementor-element elementor-element-570b4b6 elementor-section-boxed elementor-section-height-default elementor-section-height-default\" data-id=\"570b4b6\" data-element_type=\"section\" data-e-type=\"section\">\n\t\t\t\t\t\t<div class=\"elementor-container elementor-column-gap-default\">\n\t\t\t\t\t<div class=\"elementor-column elementor-col-50 elementor-top-column elementor-element elementor-element-41beddb\" data-id=\"41beddb\" data-element_type=\"column\" data-e-type=\"column\">\n\t\t\t<div class=\"elementor-widget-wrap elementor-element-populated\">\n\t\t\t\t\t\t<div class=\"elementor-element elementor-element-0733963 elementor-widget elementor-widget-heading\" data-id=\"0733963\" data-element_type=\"widget\" data-e-type=\"widget\" data-widget_type=\"heading.default\">\n\t\t\t\t<div class=\"elementor-widget-container\">\n\t\t\t\t\t<h2 class=\"elementor-heading-title elementor-size-default\">Keski-Espoo -seuran s\u00e4\u00e4nn\u00f6t<\/h2>\t\t\t\t<\/div>\n\t\t\t\t<\/div>\n\t\t\t\t<div class=\"elementor-element elementor-element-70c6c2d elementor-widget elementor-widget-text-editor\" data-id=\"70c6c2d\" data-element_type=\"widget\" data-e-type=\"widget\" data-widget_type=\"text-editor.default\">\n\t\t\t\t<div class=\"elementor-widget-container\">\n\t\t\t\t\t\t\t\t\t<p><strong>Nimi ja kotipaikka<\/strong><br \/><strong>1\u00a7\u00a0<br \/><\/strong>Yhdistyksen nimi on Keski-Espoo \u2013seura, ruotsiksi F\u00f6reningen f\u00f6r Mellersta Esbo.<br \/>Yhdistyksen, jota n\u00e4iss\u00e4 s\u00e4\u00e4nn\u00f6iss\u00e4 nimitet\u00e4\u00e4n seuraksi, kotipaikka on Espoon kaupunki ja toiminta-alueena Espoon keskus l\u00e4hialueineen.<br \/>Seura on kaksikielinen, mutta p\u00f6yt\u00e4kirja- ja rekister\u00f6imiskieli on suomi.<br \/>Seura on puoluepoliittisesti sitoutumaton.<\/p><p><strong>Tarkoitus ja toiminta<\/strong><br \/><strong>2\u00a7\u00a0<br \/><\/strong>Seuran tarkoituksena on <br \/>\u2022 ty\u00f6skennell\u00e4 toiminta-alueensa sivistyksellisten ja sosiaalisten olojen kehitt\u00e4miseksi sek\u00e4 viihtyvyyden lis\u00e4\u00e4miseksi kaupunginosan omaleimaisuuden ja paikallisten erityispiirteitten pohjalta,<br \/>\u2022 olla toiminta-alueensa asukkaiden ja eri yhteis\u00f6jen yhdyssiteen\u00e4 sek\u00e4<br \/>\u2022 syvent\u00e4\u00e4 asukkaiden paikallistuntemusta ja paikallishenke\u00e4 sek\u00e4 pyrki\u00e4 lis\u00e4\u00e4m\u00e4\u00e4n heid\u00e4n kiintymyst\u00e4\u00e4n kotiseutuunsa.<\/p><p><strong>3\u00a7\u00a0<br \/><\/strong>Tarkoituksensa toteuttamiseksi seura<br \/>\u2022 toiminta-alueensa asukkaiden etuj\u00e4rjest\u00f6n\u00e4 osallistuu aluetta koskevaan suunnitteluun ja pyrkii vaikuttamaan p\u00e4\u00e4t\u00f6ksentekoon,<br \/>\u2022 tekee aloitteita ja esityksi\u00e4 sek\u00e4 antaa lausuntoja viranomaisille,<br \/>\u2022 on yhteisty\u00f6ss\u00e4 kotiseututy\u00f6n keskusj\u00e4rjest\u00f6jen, kunnan sek\u00e4 muiden samoihin p\u00e4\u00e4m\u00e4\u00e4riin pyrkivien yhteis\u00f6jen kanssa,<br \/>\u2022 j\u00e4rjest\u00e4\u00e4 kokouksia, luento- ja esitelm\u00e4tilaisuuksia sek\u00e4 muuta seuran sis\u00e4ist\u00e4 ja ulosp\u00e4in suuntautuvaa koulutus- ja tiedotustoimintaa,<br \/>\u2022 toimeenpanee n\u00e4yttelyit\u00e4, retki\u00e4 ja opintomatkoja sek\u00e4 j\u00e4rjest\u00e4\u00e4 juhla- ym. tilaisuuksia,<br \/>\u2022 edist\u00e4\u00e4 asukkaiden omatoimisuutta sek\u00e4 paikallista harrastustoimintaa sek\u00e4<br \/>\u2022 pyrkii muillakin samankaltaisilla tavoilla toteuttamaan seuran tarkoitusperi\u00e4 ja tavoitteita.<\/p><p><strong>J\u00e4senist\u00f6<br \/>4\u00a7\u00a0<br \/><\/strong>Seuran varsinaiseksi j\u00e4seneksi p\u00e4\u00e4see jokainen sen tarkoitusper\u00e4t ja s\u00e4\u00e4nn\u00f6t hyv\u00e4ksyv\u00e4, seuran toiminta-alueella asuva henkil\u00f6, jonka seuran johtokunta j\u00e4seneksi hyv\u00e4ksyy. J\u00e4senyys katsotaan alkavaksi siit\u00e4 ajankohdasta, jolloin j\u00e4seneksi ilmoittautuminen on hyv\u00e4ksytty.<br \/>J\u00e4sen on velvollinen suorittamaan seuran vuosikokouksen m\u00e4\u00e4r\u00e4\u00e4m\u00e4n j\u00e4senmaksun.<\/p><p>Seuran kannattajaj\u00e4seneksi p\u00e4\u00e4see jokainen oikeustoimikelpoinen yhteis\u00f6 tai yksityinen henkil\u00f6, jonka johtokunta hyv\u00e4ksyy ja joka suorittaa seuran vuosikokouksen m\u00e4\u00e4r\u00e4\u00e4m\u00e4n kannattajaj\u00e4senmaksun. Kannattajaj\u00e4senell\u00e4 ei ole \u00e4\u00e4nioikeutta seuran kokouksissa.<\/p><p class=\"leipis\">Johtokunta pit\u00e4\u00e4 seuran j\u00e4senist\u00e4 lainmukaista j\u00e4senluetteloa.<\/p><p><strong>5\u00a7<br \/><\/strong>J\u00e4sen voi erota seurasta ilmoittamalla siit\u00e4 kirjallisesti johtokunnalle tai puheenjohtajalle tai suullisesti seuran kokouksen p\u00f6yt\u00e4kirjaan.<br \/>Seuran johtokunnalla on oikeus erottaa j\u00e4sen, joka toimii seuran s\u00e4\u00e4nt\u00f6j\u00e4 tai periaatteita vastaan tai laiminly\u00f6 j\u00e4senmaksun suorittamisen m\u00e4\u00e4r\u00e4aikana.<br \/>Erotettu j\u00e4sen voi 30 p\u00e4iv\u00e4n kuluessa erottamisesta tiedon saatuaan kirjallisesti valittaa p\u00e4\u00e4t\u00f6ksest\u00e4 seuran kokoukselle j\u00e4tt\u00e4m\u00e4ll\u00e4 valituskirjelm\u00e4ns\u00e4 johtokunnalle.<\/p><p><strong>6\u00a7<br \/><\/strong>Kunniaj\u00e4senekseen seura voi johtokunnan esityksest\u00e4 kutsua henkil\u00f6n tai yhteis\u00f6n, joka huomattavalla tavalla ja pitk\u00e4aikaisesti on vaikuttanut seuran tarkoituksen toteuttamiseksi.<\/p><p>Kunniaj\u00e4senell\u00e4 ei ole j\u00e4senmaksuvelvoitetta.<\/p><p><strong>Kokoukset<br \/>7\u00a7<br \/><\/strong>Seuran vuosikokous pidet\u00e4\u00e4n johtokunnan p\u00e4\u00e4tt\u00e4m\u00e4n\u00e4 aikana huhtikuun <br \/>viimeiseen p\u00e4iv\u00e4\u00e4n menness\u00e4. Ylim\u00e4\u00e4r\u00e4inen kokous pidet\u00e4\u00e4n, kun seuran <br \/>kokous niin p\u00e4\u00e4tt\u00e4\u00e4 tai johtokunta katsoo siihen olevan aihetta tai, kun v\u00e4hint\u00e4\u00e4n kymmenesosa (1\/10) seuran \u00e4\u00e4nioikeutetuista j\u00e4senist\u00e4 sit\u00e4 johtokunnalta erityisesti ilmoitettua asiaa varten kirjallisesti vaatii. <br \/>Kokous on pidett\u00e4v\u00e4 kolmenkymmenen (30) vuorokauden kuluessa vaatimuksen esitt\u00e4misest\u00e4.<\/p><p class=\"leipis\">Kutsu seuran kokouksiin toimitetaan v\u00e4hint\u00e4\u00e4n seitsem\u00e4n (7) vuorokautta ennen kokousta j\u00e4senille postitetuilla kirjeill\u00e4, s\u00e4hk\u00f6postitse tai seuran <br \/>kotipaikkakunnalla ilmestyv\u00e4ss\u00e4 lehdess\u00e4. Kutsun toimittamistapa vahvistetaan vuosikokouksessa.<\/p><p><strong>8\u00a7<\/strong><br \/>Seuran kokouksessa on \u00e4\u00e4nioikeus jokaisella 15 vuotta t\u00e4ytt\u00e4neell\u00e4 varsinaisella j\u00e4senell\u00e4. P\u00e4\u00e4t\u00f6kset tehd\u00e4\u00e4n yksinkertaisella \u00e4\u00e4nten enemmist\u00f6ll\u00e4. \u00c4\u00e4nten menness\u00e4 tasan ratkaisee puheenjohtajan \u00e4\u00e4ni, vaaleissa kuitenkin arpa.<\/p><p><strong>Vuosikokous<\/strong><br \/><strong>9\u00a7<br \/><\/strong>Seuran vuosikokous pidet\u00e4\u00e4n vuosittain huhtikuun loppuun menness\u00e4.<br \/><br \/><\/p><p><strong>\u00a0<\/strong><\/p><p id=\"u7032-18\">\u00a0<\/p>\t\t\t\t\t\t\t\t<\/div>\n\t\t\t\t<\/div>\n\t\t\t\t\t<\/div>\n\t\t<\/div>\n\t\t\t\t<div class=\"elementor-column elementor-col-50 elementor-top-column elementor-element elementor-element-81508bd\" data-id=\"81508bd\" data-element_type=\"column\" data-e-type=\"column\">\n\t\t\t<div class=\"elementor-widget-wrap elementor-element-populated\">\n\t\t\t\t\t\t<div class=\"elementor-element elementor-element-fe4604f elementor-widget elementor-widget-text-editor\" data-id=\"fe4604f\" data-element_type=\"widget\" data-e-type=\"widget\" data-widget_type=\"text-editor.default\">\n\t\t\t\t<div class=\"elementor-widget-container\">\n\t\t\t\t\t\t\t\t\t<p><strong>Vuosikokouksessa k\u00e4sitelt\u00e4v\u00e4t asiat:<\/strong><br \/>1. Kokouksen avaus<br \/>2. Valitaan kokoukselle puheenjohtaja, sihteeri, kaksi p\u00f6yt\u00e4kirjan tarkastajaa ja tarvittaessa kaksi \u00e4\u00e4ntenlaskijaa<br \/>3. Todetaan kokouksen laillisuus ja p\u00e4\u00e4t\u00f6svaltaisuus<br \/>4. Hyv\u00e4ksyt\u00e4\u00e4n kokouksen ty\u00f6j\u00e4rjestys<br \/>5. K\u00e4sitell\u00e4\u00e4n edellisen vuoden toimintakertomus ja p\u00e4\u00e4tet\u00e4\u00e4n sen hyv\u00e4ksymisest\u00e4.<br \/>6. Esitell\u00e4\u00e4n edellisen vuoden tilinp\u00e4\u00e4t\u00f6s ja toiminnantarkastajien<br \/>7. \/tilintarkastajien lausunto sek\u00e4 p\u00e4\u00e4tet\u00e4\u00e4n tilinp\u00e4\u00e4t\u00f6ksen vahvistamisesta sek\u00e4 vastuuvapauden my\u00f6nt\u00e4misest\u00e4 johtokunnalle ja muille vastuuvelvollisille.<br \/>8. Hyv\u00e4ksyt\u00e4\u00e4n seuraavan vuoden toimintasuunnitelma<br \/>9. M\u00e4\u00e4r\u00e4t\u00e4\u00e4n j\u00e4senmaksun suuruus<br \/>10. P\u00e4\u00e4tet\u00e4\u00e4n johtokunnan j\u00e4senten ja toiminnantarkastajien\/ tilintarkastajien palkkioista<br \/>11. Valitaan johtokunnan puheenjohtaja, muut j\u00e4senet sek\u00e4 varaj\u00e4senet<br \/>12. Valitaan yksi tai kaksi toiminnantarkastajaa\/tilintarkastajaa ja n\u00e4ille varahenkil\u00f6t <br \/>13. P\u00e4\u00e4tet\u00e4\u00e4n seuran kokouksen koollekutsumistavasta 7\u00a7:n perusteella<br \/>14. P\u00e4\u00e4tet\u00e4\u00e4n edustamisesta keskus- ja yhteisty\u00f6j\u00e4rjest\u00f6jen kokouksissa<br \/>15. K\u00e4sitell\u00e4\u00e4n asiat, jotka on johtokunnalle esitetty v\u00e4hint\u00e4\u00e4n kolmekymment\u00e4 (30) p\u00e4iv\u00e4\u00e4 ennen kokousta vuosikokouksessa k\u00e4sitelt\u00e4viksi sek\u00e4 muut kokouskutsussa mainitut asiat<\/p><p>16. Muut kokouksessa esille tulleet ja keskusteltavat asiat<\/p><p><strong><br \/><br \/><br \/>Johtokunta<\/strong><br \/><strong>10\u00a7\u00a0<br \/><\/strong>Seuran toimintaa suunnittelee, johtaa ja sen asioita hoitaa vuosikokouksen valitsema johtokunta, johon kuuluvat puheenjohtaja ja 6\u20138 muuta j\u00e4sent\u00e4. J\u00e4senet tulee pyrki\u00e4 valitsemaan niin, ett\u00e4 he edustavat seuran toiminta-alueen eri osia.<\/p><p>Johtokunnan toimikausi on vuosikokousten v\u00e4linen aika. Johtokunta valitsee <br \/>keskuudestaan varapuheenjohtajan sek\u00e4 kutsuu sihteerin, rahastonhoitajan ja <br \/>muut tarvittavat toimihenkil\u00f6t ja p\u00e4\u00e4tt\u00e4\u00e4 heille maksettavista palkkioista ja <br \/>korvauksista.<\/p><p>Johtokunta kokoontuu puheenjohtajan tai h\u00e4nen estyneen\u00e4 ollessaan <br \/>varapuheenjohtaja tai, kun v\u00e4hint\u00e4\u00e4n kolme (3) j\u00e4sent\u00e4 tietyn asian k\u00e4sittely\u00e4 <br \/>varten kirjallisesti vaatii. Johtokunta on p\u00e4\u00e4t\u00f6svaltainen, kun puheenjohtaja tai varapuheenjohtaja ja v\u00e4hint\u00e4\u00e4n puolet muista j\u00e4senist\u00e4 on l\u00e4sn\u00e4 kokouksessa.<\/p><p>Johtokunta tekee p\u00e4\u00e4t\u00f6kset yksinkertaisella enemmist\u00f6ll\u00e4 ja \u00e4\u00e4nten menness\u00e4 tasan puheenjohtajan \u00e4\u00e4ni ratkaisee.<\/p><p>Johtokunta voi asettaa m\u00e4\u00e4r\u00e4aikaisia tai pysyvi\u00e4 ty\u00f6ryhmi\u00e4, joista kukin valitsee keskuudestaan puheenjohtajan, varapuheenjohtajan ja sihteerin.<\/p><p><strong>Nimenkirjoittajat<\/strong><br \/><strong>11\u00a7<br \/><\/strong>Seuran nimen kirjoittaa puheenjohtaja, varapuheenjohtaja ja sihteeri, kaksi yhdess\u00e4.<\/p><p><strong>Talous<\/strong><br \/><strong>12\u00a7<br \/><\/strong>Seuran tilit p\u00e4\u00e4tet\u00e4\u00e4n kalenterivuosittain ja ne on j\u00e4tett\u00e4v\u00e4 tilintarkastajille viimeist\u00e4\u00e4n kuukausi ennen vuosikokousta. Tilintarkastajien on palautettava tilit lausuntoineen johtokunnalle viimeist\u00e4\u00e4n nelj\u00e4toista (14) p\u00e4iv\u00e4\u00e4 ennen kokousta.<\/p><p><strong>13\u00a7 <\/strong>\u00a0\u00a0\u00a0\u00a0\u00a0\u00a0 <br \/>Seuralla on oikeus toimintansa tukemiseksi ottaa vastaan avustuksia ja lahjoituksia, omistaa ja hallita toimintaansa varten tarpeellista kiinte\u00e4\u00e4 omaisuutta, harjoittaa kustannustoimintaa sek\u00e4 asianmukaisella luvalla toimeenpanna arpajaisia ja rahanker\u00e4yksi\u00e4.<\/p><p id=\"u7032-218\" class=\"leipis\"><strong>S\u00e4\u00e4nt\u00f6jen muuttaminen ja seuran purkaminen<br \/>14\u00a7<\/strong> <br \/>Muutoksia n\u00e4ihin s\u00e4\u00e4nt\u00f6ihin voi tehd\u00e4 ainoastaan seuran kokouksessa. Muutosehdotuksen on t\u00e4ll\u00f6in hyv\u00e4ksytyksi tullakseen saatava v\u00e4hint\u00e4\u00e4n kolme nelj\u00e4sosaa (3\/4) annetuista \u00e4\u00e4nist\u00e4.<\/p><p id=\"u7032-224\" class=\"leipis\"><strong>15\u00a7<\/strong><br \/>Ehdotus seuran purkamisesta on k\u00e4sitelt\u00e4v\u00e4 kahdessa per\u00e4kk\u00e4isess\u00e4 kokouksessa, joiden v\u00e4lin tulee olla v\u00e4hint\u00e4\u00e4n yksi kuukausi, ja ehdotuksen on hyv\u00e4ksytyksi tullakseen saatava kummassakin kokouksessa v\u00e4hint\u00e4\u00e4n kolme nelj\u00e4sosaa (3\/4) annetuista \u00e4\u00e4nist\u00e4.<\/p><p id=\"u7032-228\" class=\"leipis\"><strong>16\u00a7<\/strong><br \/>Seuran purkautuessa tai tullessa lakkautetuksi sen varat luovutetaan kotiseututy\u00f6t\u00e4 edist\u00e4v\u00e4\u00e4n tarkoitukseen sen mukaan kuin seuran viimeinen kokous p\u00e4\u00e4tt\u00e4\u00e4.<\/p><p id=\"u7032-230\" class=\"leipis\"><strong>17\u00a7<\/strong><br \/>Muilta osin noudatetaan voimassa olevaa yhdistyslakia.<\/p><p id=\"u7032-233\" class=\"leipis\">(Oikeusministeri\u00f6 on hyv\u00e4ksynyt yhdistyksen merkitt\u00e4v\u00e4ksi yhdistysrekisteriin 29.5.1990. S\u00e4\u00e4nt\u00f6jen 11\u00a7:n 3. kappale on muutettu syyskokouksessa 24.11.1992.)<\/p>\t\t\t\t\t\t\t\t<\/div>\n\t\t\t\t<\/div>\n\t\t\t\t\t<\/div>\n\t\t<\/div>\n\t\t\t\t\t<\/div>\n\t\t<\/section>\n\t\t\t\t<\/div>\n\t\t","protected":false},"excerpt":{"rendered":"<p>Keski-Espoo -seuran s\u00e4\u00e4nn\u00f6t Nimi ja kotipaikka1\u00a7\u00a0Yhdistyksen nimi on Keski-Espoo \u2013seura, ruotsiksi F\u00f6reningen f\u00f6r Mellersta Esbo.Yhdistyksen, jota n\u00e4iss\u00e4 s\u00e4\u00e4nn\u00f6iss\u00e4 nimitet\u00e4\u00e4n seuraksi, kotipaikka on Espoon kaupunki ja toiminta-alueena Espoon keskus l\u00e4hialueineen.Seura on kaksikielinen, mutta p\u00f6yt\u00e4kirja- ja rekister\u00f6imiskieli on suomi.Seura on puoluepoliittisesti sitoutumaton. Tarkoitus ja toiminta2\u00a7\u00a0Seuran tarkoituksena on \u2022 ty\u00f6skennell\u00e4 toiminta-alueensa sivistyksellisten ja sosiaalisten olojen kehitt\u00e4miseksi sek\u00e4 viihtyvyyden [&hellip;]<\/p>\n","protected":false},"author":2,"featured_media":0,"parent":0,"menu_order":0,"comment_status":"closed","ping_status":"closed","template":"elementor_header_footer","meta":{"footnotes":""},"class_list":["post-15","page","type-page","status-publish","hentry"],"_links":{"self":[{"href":"https:\/\/keskiespooseura.fi\/index.php?rest_route=\/wp\/v2\/pages\/15","targetHints":{"allow":["GET"]}}],"collection":[{"href":"https:\/\/keskiespooseura.fi\/index.php?rest_route=\/wp\/v2\/pages"}],"about":[{"href":"https:\/\/keskiespooseura.fi\/index.php?rest_route=\/wp\/v2\/types\/page"}],"author":[{"embeddable":true,"href":"https:\/\/keskiespooseura.fi\/index.php?rest_route=\/wp\/v2\/users\/2"}],"replies":[{"embeddable":true,"href":"https:\/\/keskiespooseura.fi\/index.php?rest_route=%2Fwp%2Fv2%2Fcomments&post=15"}],"version-history":[{"count":127,"href":"https:\/\/keskiespooseura.fi\/index.php?rest_route=\/wp\/v2\/pages\/15\/revisions"}],"predecessor-version":[{"id":1071,"href":"https:\/\/keskiespooseura.fi\/index.php?rest_route=\/wp\/v2\/pages\/15\/revisions\/1071"}],"wp:attachment":[{"href":"https:\/\/keskiespooseura.fi\/index.php?rest_route=%2Fwp%2Fv2%2Fmedia&parent=15"}],"curies":[{"name":"wp","href":"https:\/\/api.w.org\/{rel}","templated":true}]}}