{"id":17,"date":"2023-03-01T11:54:59","date_gmt":"2023-03-01T09:54:59","guid":{"rendered":"https:\/\/uusisivu.keskiespooseura.fi\/?page_id=17"},"modified":"2026-03-24T20:45:31","modified_gmt":"2026-03-24T18:45:31","slug":"keski-espoon-sanomat","status":"publish","type":"page","link":"https:\/\/keskiespooseura.fi\/?page_id=17","title":{"rendered":"Keski-Espoon Sanomat"},"content":{"rendered":"\t\t<div data-elementor-type=\"wp-page\" data-elementor-id=\"17\" class=\"elementor elementor-17\">\n\t\t\t\t\t\t<section class=\"elementor-section elementor-top-section elementor-element elementor-element-dc5cd47 elementor-section-boxed elementor-section-height-default elementor-section-height-default\" data-id=\"dc5cd47\" data-element_type=\"section\" data-e-type=\"section\">\n\t\t\t\t\t\t<div class=\"elementor-container elementor-column-gap-default\">\n\t\t\t\t\t<div class=\"elementor-column elementor-col-50 elementor-top-column elementor-element elementor-element-89396a6\" data-id=\"89396a6\" data-element_type=\"column\" data-e-type=\"column\">\n\t\t\t<div class=\"elementor-widget-wrap elementor-element-populated\">\n\t\t\t\t\t\t<div class=\"elementor-element elementor-element-19d9be8 elementor-widget elementor-widget-heading\" data-id=\"19d9be8\" data-element_type=\"widget\" data-e-type=\"widget\" data-widget_type=\"heading.default\">\n\t\t\t\t<div class=\"elementor-widget-container\">\n\t\t\t\t\t<h2 class=\"elementor-heading-title elementor-size-default\">Keski-Espoon Sanomat ilmestyy nelj\u00e4 kertaa vuodessa<\/h2>\t\t\t\t<\/div>\n\t\t\t\t<\/div>\n\t\t\t\t<div class=\"elementor-element elementor-element-81b6d78 elementor-widget elementor-widget-text-editor\" data-id=\"81b6d78\" data-element_type=\"widget\" data-e-type=\"widget\" data-widget_type=\"text-editor.default\">\n\t\t\t\t<div class=\"elementor-widget-container\">\n\t\t\t\t\t\t\t\t\t<p>Painetun lehden lis\u00e4ksi lehti n\u00e4kyy my\u00f6s netiss\u00e4. N\u00e4ist\u00e4 linkist\u00e4 l\u00f6ytyv\u00e4t vuoden 2023 lehdet.<\/p><p><a href=\"https:\/\/indd.adobe.com\/view\/c06dc667-073f-4786-944e-cd379aad49d8\" target=\"_blank\" rel=\"noopener\">Keski-Espoon Sanomat 1 2023<\/a><\/p><p><a href=\"https:\/\/uusisivu.keskiespooseura.fi\/wp-content\/uploads\/2023\/03\/kes_1_2023.pdf\" target=\"_blank\" rel=\"noopener\">Lehti pdf-muodossa.<\/a><\/p><p><a href=\"https:\/\/indd.adobe.com\/view\/ce4c7c09-d68d-47aa-b285-1fdfb20168f9\" target=\"_blank\" rel=\"noopener\">Keski-Espoon Sanomat 2 2023<\/a><\/p><p><a href=\"https:\/\/keskiespooseura.fi\/wp-content\/uploads\/2023\/05\/kes_2_2023.pdf\" target=\"_blank\" rel=\"noopener\">Lehti pdf-muodossa<\/a><\/p><p><a href=\"https:\/\/indd.adobe.com\/view\/c058be4a-c004-4bd1-b446-e9b35c7be875\" target=\"_blank\" rel=\"noopener\">Keski-Espoon Sanomat 3 2023<\/a><\/p><p><a href=\"https:\/\/keskiespooseura.fi\/wp-content\/uploads\/2023\/09\/kes_3_2023.pdf\" target=\"_blank\" rel=\"noopener\">Lehti pdf-muodossa.<\/a><\/p><p><a href=\"https:\/\/indd.adobe.com\/view\/a7f5dbcb-446d-48fc-b653-38d413d98f95\" target=\"_blank\" rel=\"noopener\">Keski-Espoon Sanomat 4 2023<\/a><\/p><p><a href=\"https:\/\/keskiespooseura.fi\/wp-content\/uploads\/2023\/12\/kes_4_2023.pdf\" target=\"_blank\" rel=\"noopener\">Linkki pdf-muodossa<\/a><\/p><p><a href=\"https:\/\/indd.adobe.com\/view\/dd50fed0-4123-483a-a14b-d306bbc9c386\" target=\"_blank\" rel=\"noopener\">Keski-Espoon Sanomat 1 2024<\/a><br \/><a href=\"https:\/\/keskiespooseura.fi\/wp-content\/uploads\/2024\/03\/kes_1_2024.pdf\" target=\"_blank\" rel=\"noopener\">Lehti pdf-muodossa<\/a><\/p><p><a href=\"https:\/\/indd.adobe.com\/view\/2c7257c8-203c-4f6f-8b99-163143c82c05\" target=\"_blank\" rel=\"noopener\">Keski-Espoon Sanomat 2 2024<\/a><br \/><a href=\"https:\/\/keskiespooseura.fi\/wp-content\/uploads\/2024\/05\/kes_2_2024.pdf\" target=\"_blank\" rel=\"noopener\">Lehti pdf-muodossa<\/a><\/p><p><a href=\"https:\/\/indd.adobe.com\/view\/75aef95b-a4e2-42c8-adee-0b0de8119a72\" target=\"_blank\" rel=\"noopener\">Keski-Espoon Sanomat 3 2024<\/a><br \/><a href=\"https:\/\/keskiespooseura.fi\/wp-content\/uploads\/2024\/09\/kes_3_2024.pdf\" target=\"_blank\" rel=\"noopener\">Lehti pdf-muodossa<\/a><\/p><p><a href=\"https:\/\/indd.adobe.com\/view\/6d4ec517-0ae4-4403-afb7-a6b1689ed555\" target=\"_blank\" rel=\"noopener\">Keski-Espoon Sanomat 4 2024<\/a><br \/><a href=\"https:\/\/keskiespooseura.fi\/wp-content\/uploads\/2024\/12\/kes_4_2024.pdf\" target=\"_blank\" rel=\"noopener\">Lehti pdf-muodossa<\/a><\/p>\t\t\t\t\t\t\t\t<\/div>\n\t\t\t\t<\/div>\n\t\t\t\t\t<\/div>\n\t\t<\/div>\n\t\t\t\t<div class=\"elementor-column elementor-col-50 elementor-top-column elementor-element elementor-element-21d51ee\" data-id=\"21d51ee\" data-element_type=\"column\" data-e-type=\"column\">\n\t\t\t<div class=\"elementor-widget-wrap elementor-element-populated\">\n\t\t\t\t\t\t<div class=\"elementor-element elementor-element-79cad49 elementor-widget elementor-widget-image\" data-id=\"79cad49\" data-element_type=\"widget\" data-e-type=\"widget\" data-widget_type=\"image.default\">\n\t\t\t\t<div class=\"elementor-widget-container\">\n\t\t\t\t\t\t\t\t\t\t\t\t\t\t\t<img fetchpriority=\"high\" decoding=\"async\" width=\"768\" height=\"213\" src=\"https:\/\/keskiespooseura.fi\/wp-content\/uploads\/2023\/03\/kansikuva-pieni-768x213.png\" class=\"attachment-medium_large size-medium_large wp-image-190\" alt=\"\" srcset=\"https:\/\/keskiespooseura.fi\/wp-content\/uploads\/2023\/03\/kansikuva-pieni-768x213.png 768w, https:\/\/keskiespooseura.fi\/wp-content\/uploads\/2023\/03\/kansikuva-pieni-300x83.png 300w, https:\/\/keskiespooseura.fi\/wp-content\/uploads\/2023\/03\/kansikuva-pieni-1024x284.png 1024w, https:\/\/keskiespooseura.fi\/wp-content\/uploads\/2023\/03\/kansikuva-pieni-1536x426.png 1536w, https:\/\/keskiespooseura.fi\/wp-content\/uploads\/2023\/03\/kansikuva-pieni.png 1575w\" sizes=\"(max-width: 768px) 100vw, 768px\" \/>\t\t\t\t\t\t\t\t\t\t\t\t\t\t\t<\/div>\n\t\t\t\t<\/div>\n\t\t\t\t<div class=\"elementor-element elementor-element-e58ad20 elementor-widget elementor-widget-text-editor\" data-id=\"e58ad20\" data-element_type=\"widget\" data-e-type=\"widget\" data-widget_type=\"text-editor.default\">\n\t\t\t\t<div class=\"elementor-widget-container\">\n\t\t\t\t\t\t\t\t\t<p><a href=\"https:\/\/keskiespooseura.fi\/wp-content\/uploads\/2026\/03\/mediakortti-2026.pd\" target=\"_blank\" rel=\"noopener\">Mediakortti 2026<\/a><\/p><p><a href=\"https:\/\/indd.adobe.com\/view\/fe35517e-0c4f-4075-b07a-c53a3aa84d55\" target=\"_blank\" rel=\"noopener\">Lehti 1 2026<\/a><br \/><a href=\"https:\/\/keskiespooseura.fi\/wp-content\/uploads\/2026\/03\/kes_1_2026.pdf\" target=\"_blank\" rel=\"noopener\">Lehti pdf-muodossa<\/a><br \/><br \/>&#8211;<\/p><p><a href=\"https:\/\/indd.adobe.com\/view\/2643f43c-6793-4c77-8b6c-33390de91007\" target=\"_blank\" rel=\"noopener\">Lehti 1 2025<\/a><br \/><a href=\"https:\/\/keskiespooseura.fi\/wp-content\/uploads\/2025\/03\/kes_1_2025.pdf\" target=\"_blank\" rel=\"noopener\">Lehti pdf-muodossa<\/a><\/p><p><a href=\"https:\/\/indd.adobe.com\/view\/59a7d67d-ce91-4b59-ba7b-5665d186cc54\" target=\"_blank\" rel=\"noopener\">Lehti 2 2025<\/a><br \/><a href=\"https:\/\/keskiespooseura.fi\/wp-content\/uploads\/2025\/05\/kes_2_2025.pdf\" target=\"_blank\" rel=\"noopener\">Lehti pdf-muodossa<\/a><\/p><p><a href=\"https:\/\/indd.adobe.com\/view\/c6ac09fb-1964-447e-8a84-09e93556a2f8\" target=\"_blank\" rel=\"noopener\">Lehti 3 2025<\/a><br \/><a href=\"https:\/\/keskiespooseura.fi\/wp-content\/uploads\/2025\/09\/kes_3_2025.pdf\" target=\"_blank\" rel=\"noopener\">Lehti pdf-muodossa<\/a><\/p><p><a href=\"https:\/\/indd.adobe.com\/view\/1397cc51-8de2-448c-9e45-ad7a826ecc49\" target=\"_blank\" rel=\"noopener\">Lehti 4 2025<\/a><br \/><a href=\"https:\/\/keskiespooseura.fi\/wp-content\/uploads\/2025\/12\/kes_4_2025.pdf\" target=\"_blank\" rel=\"noopener\">Lehti pdf-muodossa<\/a><\/p>\t\t\t\t\t\t\t\t<\/div>\n\t\t\t\t<\/div>\n\t\t\t\t\t<\/div>\n\t\t<\/div>\n\t\t\t\t\t<\/div>\n\t\t<\/section>\n\t\t\t\t<section class=\"elementor-section elementor-top-section elementor-element elementor-element-08d252e elementor-section-boxed elementor-section-height-default elementor-section-height-default\" data-id=\"08d252e\" data-element_type=\"section\" data-e-type=\"section\">\n\t\t\t\t\t\t<div class=\"elementor-container elementor-column-gap-default\">\n\t\t\t\t\t<div class=\"elementor-column elementor-col-33 elementor-top-column elementor-element elementor-element-f79873a\" data-id=\"f79873a\" data-element_type=\"column\" data-e-type=\"column\">\n\t\t\t<div class=\"elementor-widget-wrap\">\n\t\t\t\t\t\t\t<\/div>\n\t\t<\/div>\n\t\t\t\t<div class=\"elementor-column elementor-col-33 elementor-top-column elementor-element elementor-element-8932ec6\" data-id=\"8932ec6\" data-element_type=\"column\" data-e-type=\"column\">\n\t\t\t<div class=\"elementor-widget-wrap elementor-element-populated\">\n\t\t\t\t\t\t<div class=\"elementor-element elementor-element-146141f elementor-widget__width-initial elementor-widget elementor-widget-text-editor\" data-id=\"146141f\" data-element_type=\"widget\" data-e-type=\"widget\" data-widget_type=\"text-editor.default\">\n\t\t\t\t<div class=\"elementor-widget-container\">\n\t\t\t\t\t\t\t\t\t<h3><strong>Keski-Espoon Sanomat 1\/2026<\/strong><\/h3><p><strong>Seuraava lehti numero 2\u00a0 ilmestyy 20.5.2026 ja DL on 3<\/strong><strong>.5.2026<\/strong><br \/>Otamme vastaan juttuja ja ilmoituksia alueeltamme.<\/p><p>Keski-Espooseen liittyv\u00e4\u00e4 aineistoa vied\u00e4\u00e4n my\u00f6s Keski-Espoo -seuran omille kotisivuille, https:\/\/www.keskiespooseura.fi\/. Juttuja ja haastattelupyynt\u00f6j\u00e4 voi l\u00e4hett\u00e4\u00e4 p\u00e4\u00e4toimittajalle tai johtokunnan j\u00e4senille. Yhteystiedot ovat Keski-Espoon Sanomien tunnuslaatikossa ja kotisivuilla. Keski-Espoon Sanomista tehd\u00e4\u00e4n my\u00f6s digiversio.<\/p>\t\t\t\t\t\t\t\t<\/div>\n\t\t\t\t<\/div>\n\t\t\t\t\t<\/div>\n\t\t<\/div>\n\t\t\t\t<div class=\"elementor-column elementor-col-33 elementor-top-column elementor-element elementor-element-b4f84de\" data-id=\"b4f84de\" data-element_type=\"column\" data-e-type=\"column\">\n\t\t\t<div class=\"elementor-widget-wrap\">\n\t\t\t\t\t\t\t<\/div>\n\t\t<\/div>\n\t\t\t\t\t<\/div>\n\t\t<\/section>\n\t\t\t\t<section class=\"elementor-section elementor-top-section elementor-element elementor-element-e632785 elementor-section-boxed elementor-section-height-default elementor-section-height-default\" data-id=\"e632785\" data-element_type=\"section\" data-e-type=\"section\">\n\t\t\t\t\t\t<div class=\"elementor-container elementor-column-gap-default\">\n\t\t\t\t\t<div class=\"elementor-column elementor-col-100 elementor-top-column elementor-element elementor-element-033a821\" data-id=\"033a821\" data-element_type=\"column\" data-e-type=\"column\">\n\t\t\t<div class=\"elementor-widget-wrap elementor-element-populated\">\n\t\t\t\t\t\t<div class=\"elementor-element elementor-element-99c5a16 elementor-widget elementor-widget-heading\" data-id=\"99c5a16\" data-element_type=\"widget\" data-e-type=\"widget\" data-widget_type=\"heading.default\">\n\t\t\t\t<div class=\"elementor-widget-container\">\n\t\t\t\t\t<h2 class=\"elementor-heading-title elementor-size-default\">Keski-Espoon Sanomat ja muu julkaisutoiminta\u200b<\/h2>\t\t\t\t<\/div>\n\t\t\t\t<\/div>\n\t\t\t\t\t<\/div>\n\t\t<\/div>\n\t\t\t\t\t<\/div>\n\t\t<\/section>\n\t\t\t\t<section class=\"elementor-section elementor-top-section elementor-element elementor-element-9305aaf elementor-section-boxed elementor-section-height-default elementor-section-height-default\" data-id=\"9305aaf\" data-element_type=\"section\" data-e-type=\"section\">\n\t\t\t\t\t\t<div class=\"elementor-container elementor-column-gap-default\">\n\t\t\t\t\t<div class=\"elementor-column elementor-col-50 elementor-top-column elementor-element elementor-element-4476a36\" data-id=\"4476a36\" data-element_type=\"column\" data-e-type=\"column\">\n\t\t\t<div class=\"elementor-widget-wrap elementor-element-populated\">\n\t\t\t\t\t\t<div class=\"elementor-element elementor-element-023d361 elementor-widget elementor-widget-text-editor\" data-id=\"023d361\" data-element_type=\"widget\" data-e-type=\"widget\" data-widget_type=\"text-editor.default\">\n\t\t\t\t<div class=\"elementor-widget-container\">\n\t\t\t\t\t\t\t\t\t<p>Keski-Espoon Sanomat on ilmestynyt alusta alkaen p\u00e4\u00e4s\u00e4\u00e4nt\u00f6isesti nelj\u00e4 kertaa vuodessa. Lehden formaatti oli vuoteen 1995 saakka A4 ja sen j\u00e4lkeen Tabloid. Lehden sis\u00e4ll\u00f6n tuottamisesta on vastannut toimituskunta, jossa on edelleen mukana seuran perustajaj\u00e4seni\u00e4 ja pitk\u00e4\u00e4n mukana olleita innokkaita j\u00e4seni\u00e4. Seuran toiminta perustuu talkooty\u00f6h\u00f6n ja kirjoituspalkkioita ei ole maksettu.<\/p><p>Keski-Espoon Sanomien painosm\u00e4\u00e4r\u00e4 oli aluksi 5000 ja nyky\u00e4\u00e4n \u202830 000 kappaletta, mik\u00e4 on alueen nopean kasvun my\u00f6t\u00e4 nykyp\u00e4iv\u00e4n\u00e4 riitt\u00e4m\u00e4t\u00f6n. Painosm\u00e4\u00e4r\u00e4\u00e4 pyrit\u00e4\u00e4n kasvattamaan tulevaisuudessa. Lehti jaetaan Espoon keskuksen lis\u00e4ksi Gumb\u00f6leen, Kauklahteen, Kuurinniittyyn , Latokaskeen, Mikkel\u00e4\u00e4n, Nuuksioon, Pihlajarinteeseen, Suvelaan Tuomarilaan ja Ymmerstaan. Lis\u00e4ksi Entressen kirjastossa on lehtiteline.<\/p>\t\t\t\t\t\t\t\t<\/div>\n\t\t\t\t<\/div>\n\t\t\t\t\t<\/div>\n\t\t<\/div>\n\t\t\t\t<div class=\"elementor-column elementor-col-50 elementor-top-column elementor-element elementor-element-93903dd\" data-id=\"93903dd\" data-element_type=\"column\" data-e-type=\"column\">\n\t\t\t<div class=\"elementor-widget-wrap elementor-element-populated\">\n\t\t\t\t\t\t<div class=\"elementor-element elementor-element-153c66f elementor-widget elementor-widget-text-editor\" data-id=\"153c66f\" data-element_type=\"widget\" data-e-type=\"widget\" data-widget_type=\"text-editor.default\">\n\t\t\t\t<div class=\"elementor-widget-container\">\n\t\t\t\t\t\t\t\t\t<p>Keski-Espoon Sanomien sis\u00e4lt\u00f6 on pyritty saamaan alusta l\u00e4htien mahdollisimman monipuoliseksi. Lehteen otetaan kirjoituksia ja hallituksen j\u00e4senet kirjoittavat my\u00f6s Keski-Espoon toiminta-aluetta koskevia artikkeleita eri aiheista ja alueen historiasta. Espoon kaupungin alueelle perustamista projekteista ja hankkeista raportoidaan jatkuvasti.<\/p><p>Espoon tuomioseurakunnan kanssa on tehty l\u00e4heist\u00e4 yhteisty\u00f6t\u00e4 pitk\u00e4\u00e4n. Keski-Espoon Sanomien ilmestyminen on riippuvainen ilmoittajista. Lehdess\u00e4 esitell\u00e4\u00e4n s\u00e4\u00e4nn\u00f6llisesti ilmoitusten yhteydess\u00e4 my\u00f6s eri yritysten toimintaa. Keski-Espoon Sanomissa julkaistaan my\u00f6s alueella toimivien seurojen ja yhdistysten tiedotteita ja yhteystietoja.<\/p>\t\t\t\t\t\t\t\t<\/div>\n\t\t\t\t<\/div>\n\t\t\t\t\t<\/div>\n\t\t<\/div>\n\t\t\t\t\t<\/div>\n\t\t<\/section>\n\t\t\t\t<\/div>\n\t\t","protected":false},"excerpt":{"rendered":"<p>Keski-Espoon Sanomat ilmestyy nelj\u00e4 kertaa vuodessa Painetun lehden lis\u00e4ksi lehti n\u00e4kyy my\u00f6s netiss\u00e4. N\u00e4ist\u00e4 linkist\u00e4 l\u00f6ytyv\u00e4t vuoden 2023 lehdet. Keski-Espoon Sanomat 1 2023 Lehti pdf-muodossa. Keski-Espoon Sanomat 2 2023 Lehti pdf-muodossa Keski-Espoon Sanomat 3 2023 Lehti pdf-muodossa. Keski-Espoon Sanomat 4 2023 Linkki pdf-muodossa Keski-Espoon Sanomat 1 2024Lehti pdf-muodossa Keski-Espoon Sanomat 2 2024Lehti pdf-muodossa Keski-Espoon Sanomat [&hellip;]<\/p>\n","protected":false},"author":2,"featured_media":0,"parent":0,"menu_order":0,"comment_status":"closed","ping_status":"closed","template":"elementor_header_footer","meta":{"footnotes":""},"class_list":["post-17","page","type-page","status-publish","hentry"],"_links":{"self":[{"href":"https:\/\/keskiespooseura.fi\/index.php?rest_route=\/wp\/v2\/pages\/17","targetHints":{"allow":["GET"]}}],"collection":[{"href":"https:\/\/keskiespooseura.fi\/index.php?rest_route=\/wp\/v2\/pages"}],"about":[{"href":"https:\/\/keskiespooseura.fi\/index.php?rest_route=\/wp\/v2\/types\/page"}],"author":[{"embeddable":true,"href":"https:\/\/keskiespooseura.fi\/index.php?rest_route=\/wp\/v2\/users\/2"}],"replies":[{"embeddable":true,"href":"https:\/\/keskiespooseura.fi\/index.php?rest_route=%2Fwp%2Fv2%2Fcomments&post=17"}],"version-history":[{"count":290,"href":"https:\/\/keskiespooseura.fi\/index.php?rest_route=\/wp\/v2\/pages\/17\/revisions"}],"predecessor-version":[{"id":1969,"href":"https:\/\/keskiespooseura.fi\/index.php?rest_route=\/wp\/v2\/pages\/17\/revisions\/1969"}],"wp:attachment":[{"href":"https:\/\/keskiespooseura.fi\/index.php?rest_route=%2Fwp%2Fv2%2Fmedia&parent=17"}],"curies":[{"name":"wp","href":"https:\/\/api.w.org\/{rel}","templated":true}]}}