{"id":19,"date":"2023-03-01T11:55:41","date_gmt":"2023-03-01T09:55:41","guid":{"rendered":"https:\/\/uusisivu.keskiespooseura.fi\/?page_id=19"},"modified":"2026-03-28T13:34:34","modified_gmt":"2026-03-28T11:34:34","slug":"lehdet","status":"publish","type":"page","link":"https:\/\/keskiespooseura.fi\/?page_id=19","title":{"rendered":"Lehdet 2021-2024"},"content":{"rendered":"\t\t<div data-elementor-type=\"wp-page\" data-elementor-id=\"19\" class=\"elementor elementor-19\">\n\t\t\t\t\t\t<section class=\"elementor-section elementor-top-section elementor-element elementor-element-1cd5887 elementor-section-boxed elementor-section-height-default elementor-section-height-default\" data-id=\"1cd5887\" data-element_type=\"section\" data-e-type=\"section\">\n\t\t\t\t\t\t<div class=\"elementor-container elementor-column-gap-default\">\n\t\t\t\t\t<div class=\"elementor-column elementor-col-100 elementor-top-column elementor-element elementor-element-aadfd28\" data-id=\"aadfd28\" data-element_type=\"column\" data-e-type=\"column\">\n\t\t\t<div class=\"elementor-widget-wrap elementor-element-populated\">\n\t\t\t\t\t\t<div class=\"elementor-element elementor-element-7db14a6 elementor-widget elementor-widget-heading\" data-id=\"7db14a6\" data-element_type=\"widget\" data-e-type=\"widget\" data-widget_type=\"heading.default\">\n\t\t\t\t<div class=\"elementor-widget-container\">\n\t\t\t\t\t<h2 class=\"elementor-heading-title elementor-size-default\">Keski-Espoon Sanomat 2024<\/h2>\t\t\t\t<\/div>\n\t\t\t\t<\/div>\n\t\t\t\t<div class=\"elementor-element elementor-element-eb42061 elementor-widget elementor-widget-text-editor\" data-id=\"eb42061\" data-element_type=\"widget\" data-e-type=\"widget\" data-widget_type=\"text-editor.default\">\n\t\t\t\t<div class=\"elementor-widget-container\">\n\t\t\t\t\t\t\t\t\t<p><strong>Linkist\u00e4 l\u00f6yd\u00e4t vuoden 2024 lehdet<\/strong><br \/><a href=\"https:\/\/indd.adobe.com\/view\/dd50fed0-4123-483a-a14b-d306bbc9c386\" target=\"_blank\" rel=\"noopener\">Keski-Espoon Sanomat 1 2024<\/a><br \/><a href=\"https:\/\/indd.adobe.com\/view\/2c7257c8-203c-4f6f-8b99-163143c82c05\" target=\"_blank\" rel=\"noopener\">Keski-Espoon Sanomat 2 2024<\/a><br \/><a href=\"https:\/\/indd.adobe.com\/view\/75aef95b-a4e2-42c8-adee-0b0de8119a72\" target=\"_blank\" rel=\"noopener\">Keski-Espoon Sanomat 3 2024<\/a><br \/><a href=\"https:\/\/indd.adobe.com\/view\/6d4ec517-0ae4-4403-afb7-a6b1689ed555\" target=\"_blank\" rel=\"noopener\">Keski-Espoon Sanomat 4 2024<\/a><\/p>\t\t\t\t\t\t\t\t<\/div>\n\t\t\t\t<\/div>\n\t\t\t\t\t<\/div>\n\t\t<\/div>\n\t\t\t\t\t<\/div>\n\t\t<\/section>\n\t\t\t\t<section class=\"elementor-section elementor-top-section elementor-element elementor-element-ea7dde0 elementor-section-boxed elementor-section-height-default elementor-section-height-default\" data-id=\"ea7dde0\" data-element_type=\"section\" data-e-type=\"section\">\n\t\t\t\t\t\t<div class=\"elementor-container elementor-column-gap-default\">\n\t\t\t\t\t<div class=\"elementor-column elementor-col-100 elementor-top-column elementor-element elementor-element-a41c083\" data-id=\"a41c083\" data-element_type=\"column\" data-e-type=\"column\">\n\t\t\t<div class=\"elementor-widget-wrap elementor-element-populated\">\n\t\t\t\t\t\t<div class=\"elementor-element elementor-element-1d45d74 elementor-widget elementor-widget-heading\" data-id=\"1d45d74\" data-element_type=\"widget\" data-e-type=\"widget\" data-widget_type=\"heading.default\">\n\t\t\t\t<div class=\"elementor-widget-container\">\n\t\t\t\t\t<h2 class=\"elementor-heading-title elementor-size-default\">Keski-Espoon Sanomat 2023<\/h2>\t\t\t\t<\/div>\n\t\t\t\t<\/div>\n\t\t\t\t\t<\/div>\n\t\t<\/div>\n\t\t\t\t\t<\/div>\n\t\t<\/section>\n\t\t\t\t<section class=\"elementor-section elementor-top-section elementor-element elementor-element-0cd9551 elementor-section-boxed elementor-section-height-default elementor-section-height-default\" data-id=\"0cd9551\" data-element_type=\"section\" data-e-type=\"section\">\n\t\t\t\t\t\t<div class=\"elementor-container elementor-column-gap-default\">\n\t\t\t\t\t<div class=\"elementor-column elementor-col-50 elementor-top-column elementor-element elementor-element-2a1217c\" data-id=\"2a1217c\" data-element_type=\"column\" data-e-type=\"column\">\n\t\t\t<div class=\"elementor-widget-wrap elementor-element-populated\">\n\t\t\t\t\t\t<div class=\"elementor-element elementor-element-66e3f63 elementor-widget elementor-widget-text-editor\" data-id=\"66e3f63\" data-element_type=\"widget\" data-e-type=\"widget\" data-widget_type=\"text-editor.default\">\n\t\t\t\t<div class=\"elementor-widget-container\">\n\t\t\t\t\t\t\t\t\t<p><strong>Linkeist\u00e4 l\u00f6yd\u00e4t vuoden 2023 lehdet<\/strong><\/p><p><a href=\"https:\/\/indd.adobe.com\/view\/c06dc667-073f-4786-944e-cd379aad49d8\" target=\"_blank\" rel=\"noopener\">Keski-Espoon Sanomat 1 2023<\/a><br \/><a href=\"https:\/\/indd.adobe.com\/view\/ce4c7c09-d68d-47aa-b285-1fdfb20168f9\" target=\"_blank\" rel=\"noopener\">Keski-Espoon Sanomat 2 2023<\/a><br \/><a href=\"https:\/\/indd.adobe.com\/view\/c058be4ac004- 4bd1-b446-e9b35c7be875\" target=\"_blank\" rel=\"noopener\" data-wplink-url-error=\"true\">Keski-Espoon Sanomat 3 2023<\/a><br \/><a href=\"https:\/\/indd.adobe.com\/view\/a7f5dbcb- 446d-48fc-b653-38d413d98f95\" target=\"_blank\" rel=\"noopener\" data-wplink-url-error=\"true\">Keski-Espoon Sanomat 4 2023<\/a><\/p>\t\t\t\t\t\t\t\t<\/div>\n\t\t\t\t<\/div>\n\t\t\t\t\t<\/div>\n\t\t<\/div>\n\t\t\t\t<div class=\"elementor-column elementor-col-50 elementor-top-column elementor-element elementor-element-dadeef7\" data-id=\"dadeef7\" data-element_type=\"column\" data-e-type=\"column\">\n\t\t\t<div class=\"elementor-widget-wrap\">\n\t\t\t\t\t\t\t<\/div>\n\t\t<\/div>\n\t\t\t\t\t<\/div>\n\t\t<\/section>\n\t\t\t\t<section class=\"elementor-section elementor-top-section elementor-element elementor-element-aad25c2 elementor-section-boxed elementor-section-height-default elementor-section-height-default\" data-id=\"aad25c2\" data-element_type=\"section\" data-e-type=\"section\">\n\t\t\t\t\t\t<div class=\"elementor-container elementor-column-gap-default\">\n\t\t\t\t\t<div class=\"elementor-column elementor-col-100 elementor-top-column elementor-element elementor-element-2120551\" data-id=\"2120551\" data-element_type=\"column\" data-e-type=\"column\">\n\t\t\t<div class=\"elementor-widget-wrap elementor-element-populated\">\n\t\t\t\t\t\t<div class=\"elementor-element elementor-element-5d66e43 elementor-widget elementor-widget-heading\" data-id=\"5d66e43\" data-element_type=\"widget\" data-e-type=\"widget\" data-widget_type=\"heading.default\">\n\t\t\t\t<div class=\"elementor-widget-container\">\n\t\t\t\t\t<h2 class=\"elementor-heading-title elementor-size-default\">Keski-Espoon Sanomat 2022<\/h2>\t\t\t\t<\/div>\n\t\t\t\t<\/div>\n\t\t\t\t\t<\/div>\n\t\t<\/div>\n\t\t\t\t\t<\/div>\n\t\t<\/section>\n\t\t\t\t<section class=\"elementor-section elementor-top-section elementor-element elementor-element-f2bece4 elementor-section-boxed elementor-section-height-default elementor-section-height-default\" data-id=\"f2bece4\" data-element_type=\"section\" data-e-type=\"section\">\n\t\t\t\t\t\t<div class=\"elementor-container elementor-column-gap-default\">\n\t\t\t\t\t<div class=\"elementor-column elementor-col-50 elementor-top-column elementor-element elementor-element-07ea4d2\" data-id=\"07ea4d2\" data-element_type=\"column\" data-e-type=\"column\">\n\t\t\t<div class=\"elementor-widget-wrap elementor-element-populated\">\n\t\t\t\t\t\t<div class=\"elementor-element elementor-element-3470c1c elementor-widget elementor-widget-text-editor\" data-id=\"3470c1c\" data-element_type=\"widget\" data-e-type=\"widget\" data-widget_type=\"text-editor.default\">\n\t\t\t\t<div class=\"elementor-widget-container\">\n\t\t\t\t\t\t\t\t\t<p><strong>Linkeist\u00e4 l\u00f6yd\u00e4t vuoden 2022 lehdet<\/strong><\/p><p><a href=\"https:\/\/indd.adobe.com\/view\/c0361bd1-3844-4283-a543-505dc613c654\" target=\"_blank\" rel=\"noopener\">Keski-Espoon Sanomat 1 2022<\/a><br \/><a href=\"https:\/\/indd.adobe.com\/view\/37ac6db3-c608-44cd-b322-59d0e09af9a5\" target=\"_blank\" rel=\"noopener\">Keski-Espoon Sanomat 2 2022<\/a><br \/><a href=\"https:\/\/indd.adobe.com\/view\/ff30189a-8d23-4a8e-98e0-8dff2eb3ee85\" target=\"_blank\" rel=\"noopener\">Keski-Espoon Sanomat 3 2022<\/a><br \/><a href=\"https:\/\/indd.adobe.com\/view\/01c8c876-ea35-46de-9dbd-fa15c795c27f\" target=\"_blank\" rel=\"noopener\">Keski-Espoon Sanomat 4 2022<\/a><\/p>\t\t\t\t\t\t\t\t<\/div>\n\t\t\t\t<\/div>\n\t\t\t\t\t<\/div>\n\t\t<\/div>\n\t\t\t\t<div class=\"elementor-column elementor-col-50 elementor-top-column elementor-element elementor-element-70c6ca1\" data-id=\"70c6ca1\" data-element_type=\"column\" data-e-type=\"column\">\n\t\t\t<div class=\"elementor-widget-wrap elementor-element-populated\">\n\t\t\t\t\t\t<div class=\"elementor-element elementor-element-381215e elementor-widget elementor-widget-image\" data-id=\"381215e\" data-element_type=\"widget\" data-e-type=\"widget\" data-widget_type=\"image.default\">\n\t\t\t\t<div class=\"elementor-widget-container\">\n\t\t\t\t\t\t\t\t\t\t\t\t\t\t\t<img fetchpriority=\"high\" decoding=\"async\" width=\"768\" height=\"228\" src=\"https:\/\/keskiespooseura.fi\/wp-content\/uploads\/2023\/03\/kansilehti-4-2022-pieni-768x228.png\" class=\"attachment-medium_large size-medium_large wp-image-229\" alt=\"\" srcset=\"https:\/\/keskiespooseura.fi\/wp-content\/uploads\/2023\/03\/kansilehti-4-2022-pieni-768x228.png 768w, https:\/\/keskiespooseura.fi\/wp-content\/uploads\/2023\/03\/kansilehti-4-2022-pieni-300x89.png 300w, https:\/\/keskiespooseura.fi\/wp-content\/uploads\/2023\/03\/kansilehti-4-2022-pieni-1024x303.png 1024w, https:\/\/keskiespooseura.fi\/wp-content\/uploads\/2023\/03\/kansilehti-4-2022-pieni.png 1063w\" sizes=\"(max-width: 768px) 100vw, 768px\" \/>\t\t\t\t\t\t\t\t\t\t\t\t\t\t\t<\/div>\n\t\t\t\t<\/div>\n\t\t\t\t\t<\/div>\n\t\t<\/div>\n\t\t\t\t\t<\/div>\n\t\t<\/section>\n\t\t\t\t<section class=\"elementor-section elementor-top-section elementor-element elementor-element-989bf24 elementor-section-boxed elementor-section-height-default elementor-section-height-default\" data-id=\"989bf24\" data-element_type=\"section\" data-e-type=\"section\">\n\t\t\t\t\t\t<div class=\"elementor-container elementor-column-gap-default\">\n\t\t\t\t\t<div class=\"elementor-column elementor-col-100 elementor-top-column elementor-element elementor-element-c1ec593\" data-id=\"c1ec593\" data-element_type=\"column\" data-e-type=\"column\">\n\t\t\t<div class=\"elementor-widget-wrap elementor-element-populated\">\n\t\t\t\t\t\t<div class=\"elementor-element elementor-element-0ac1709 elementor-widget elementor-widget-heading\" data-id=\"0ac1709\" data-element_type=\"widget\" data-e-type=\"widget\" data-widget_type=\"heading.default\">\n\t\t\t\t<div class=\"elementor-widget-container\">\n\t\t\t\t\t<h2 class=\"elementor-heading-title elementor-size-default\">Keski-Espoon Sanomat 2021<\/h2>\t\t\t\t<\/div>\n\t\t\t\t<\/div>\n\t\t\t\t\t<\/div>\n\t\t<\/div>\n\t\t\t\t\t<\/div>\n\t\t<\/section>\n\t\t\t\t<section class=\"elementor-section elementor-top-section elementor-element elementor-element-95511c1 elementor-section-boxed elementor-section-height-default elementor-section-height-default\" data-id=\"95511c1\" data-element_type=\"section\" data-e-type=\"section\">\n\t\t\t\t\t\t<div class=\"elementor-container elementor-column-gap-default\">\n\t\t\t\t\t<div class=\"elementor-column elementor-col-50 elementor-top-column elementor-element elementor-element-9d11f87\" data-id=\"9d11f87\" data-element_type=\"column\" data-e-type=\"column\">\n\t\t\t<div class=\"elementor-widget-wrap elementor-element-populated\">\n\t\t\t\t\t\t<div class=\"elementor-element elementor-element-1a083d0 elementor-widget elementor-widget-text-editor\" data-id=\"1a083d0\" data-element_type=\"widget\" data-e-type=\"widget\" data-widget_type=\"text-editor.default\">\n\t\t\t\t<div class=\"elementor-widget-container\">\n\t\t\t\t\t\t\t\t\t<p><strong>Linkeist\u00e4 l\u00f6yd\u00e4t vuoden 2021 lehdet<\/strong><\/p><p><a href=\"https:\/\/indd.adobe.com\/view\/2edb64b5-da94-44b7-8a7a-536673642671\" target=\"_blank\" rel=\"noopener\">Keski-Espoon Sanomat 1 2021<\/a><br \/><a href=\"https:\/\/indd.adobe.com\/view\/fdf0e088-8961-4cb3-a4fb-93adbbcbd4f3\" target=\"_blank\" rel=\"noopener\">Keski-Espoon Sanomat 2 2021<\/a><br \/><a href=\"https:\/\/indd.adobe.com\/view\/6bb72dc3-2d61-418f-8aa5-33fd0fe165bd\" target=\"_blank\" rel=\"noopener\">Keski-Espoon Sanomat 3 2021<\/a><br \/><a href=\"https:\/\/indd.adobe.com\/view\/7ad1d936-31a8-4e76-8e4d-6721beda1d2b\" target=\"_blank\" rel=\"noopener\">Keski-Espoon Sanomat 4 2021<\/a><\/p>\t\t\t\t\t\t\t\t<\/div>\n\t\t\t\t<\/div>\n\t\t\t\t\t<\/div>\n\t\t<\/div>\n\t\t\t\t<div class=\"elementor-column elementor-col-50 elementor-top-column elementor-element elementor-element-252e7b4\" data-id=\"252e7b4\" data-element_type=\"column\" data-e-type=\"column\">\n\t\t\t<div class=\"elementor-widget-wrap elementor-element-populated\">\n\t\t\t\t\t\t<div class=\"elementor-element elementor-element-d0760d2 elementor-widget elementor-widget-image\" data-id=\"d0760d2\" data-element_type=\"widget\" data-e-type=\"widget\" data-widget_type=\"image.default\">\n\t\t\t\t<div class=\"elementor-widget-container\">\n\t\t\t\t\t\t\t\t\t\t\t\t\t\t\t<img decoding=\"async\" width=\"768\" height=\"225\" src=\"https:\/\/keskiespooseura.fi\/wp-content\/uploads\/2023\/03\/kansilehti-3-2021-768x225.png\" class=\"attachment-medium_large size-medium_large wp-image-241\" alt=\"\" srcset=\"https:\/\/keskiespooseura.fi\/wp-content\/uploads\/2023\/03\/kansilehti-3-2021-768x225.png 768w, https:\/\/keskiespooseura.fi\/wp-content\/uploads\/2023\/03\/kansilehti-3-2021-300x88.png 300w, https:\/\/keskiespooseura.fi\/wp-content\/uploads\/2023\/03\/kansilehti-3-2021.png 886w\" sizes=\"(max-width: 768px) 100vw, 768px\" \/>\t\t\t\t\t\t\t\t\t\t\t\t\t\t\t<\/div>\n\t\t\t\t<\/div>\n\t\t\t\t\t<\/div>\n\t\t<\/div>\n\t\t\t\t\t<\/div>\n\t\t<\/section>\n\t\t\t\t<\/div>\n\t\t","protected":false},"excerpt":{"rendered":"<p>Keski-Espoon Sanomat 2024 Linkist\u00e4 l\u00f6yd\u00e4t vuoden 2024 lehdetKeski-Espoon Sanomat 1 2024Keski-Espoon Sanomat 2 2024Keski-Espoon Sanomat 3 2024Keski-Espoon Sanomat 4 2024 Keski-Espoon Sanomat 2023 Linkeist\u00e4 l\u00f6yd\u00e4t vuoden 2023 lehdet Keski-Espoon Sanomat 1 2023Keski-Espoon Sanomat 2 2023Keski-Espoon Sanomat 3 2023Keski-Espoon Sanomat 4 2023 Keski-Espoon Sanomat 2022 Linkeist\u00e4 l\u00f6yd\u00e4t vuoden 2022 lehdet Keski-Espoon Sanomat 1 2022Keski-Espoon Sanomat 2 [&hellip;]<\/p>\n","protected":false},"author":2,"featured_media":0,"parent":0,"menu_order":0,"comment_status":"closed","ping_status":"closed","template":"elementor_header_footer","meta":{"footnotes":""},"class_list":["post-19","page","type-page","status-publish","hentry"],"_links":{"self":[{"href":"https:\/\/keskiespooseura.fi\/index.php?rest_route=\/wp\/v2\/pages\/19","targetHints":{"allow":["GET"]}}],"collection":[{"href":"https:\/\/keskiespooseura.fi\/index.php?rest_route=\/wp\/v2\/pages"}],"about":[{"href":"https:\/\/keskiespooseura.fi\/index.php?rest_route=\/wp\/v2\/types\/page"}],"author":[{"embeddable":true,"href":"https:\/\/keskiespooseura.fi\/index.php?rest_route=\/wp\/v2\/users\/2"}],"replies":[{"embeddable":true,"href":"https:\/\/keskiespooseura.fi\/index.php?rest_route=%2Fwp%2Fv2%2Fcomments&post=19"}],"version-history":[{"count":101,"href":"https:\/\/keskiespooseura.fi\/index.php?rest_route=\/wp\/v2\/pages\/19\/revisions"}],"predecessor-version":[{"id":2005,"href":"https:\/\/keskiespooseura.fi\/index.php?rest_route=\/wp\/v2\/pages\/19\/revisions\/2005"}],"wp:attachment":[{"href":"https:\/\/keskiespooseura.fi\/index.php?rest_route=%2Fwp%2Fv2%2Fmedia&parent=19"}],"curies":[{"name":"wp","href":"https:\/\/api.w.org\/{rel}","templated":true}]}}