{"id":21,"date":"2023-03-01T11:57:06","date_gmt":"2023-03-01T09:57:06","guid":{"rendered":"https:\/\/uusisivu.keskiespooseura.fi\/?page_id=21"},"modified":"2023-03-02T14:19:14","modified_gmt":"2023-03-02T12:19:14","slug":"keski-espoon-historia","status":"publish","type":"page","link":"https:\/\/keskiespooseura.fi\/?page_id=21","title":{"rendered":"Keski-Espoon historia"},"content":{"rendered":"\t\t<div data-elementor-type=\"wp-page\" data-elementor-id=\"21\" class=\"elementor elementor-21\">\n\t\t\t\t\t\t<section class=\"elementor-section elementor-top-section elementor-element elementor-element-e4da323 elementor-section-boxed elementor-section-height-default elementor-section-height-default\" data-id=\"e4da323\" data-element_type=\"section\" data-e-type=\"section\">\n\t\t\t\t\t\t<div class=\"elementor-container elementor-column-gap-default\">\n\t\t\t\t\t<div class=\"elementor-column elementor-col-100 elementor-top-column elementor-element elementor-element-0dcce80\" data-id=\"0dcce80\" data-element_type=\"column\" data-e-type=\"column\">\n\t\t\t<div class=\"elementor-widget-wrap elementor-element-populated\">\n\t\t\t\t\t\t<div class=\"elementor-element elementor-element-25f8fb5 elementor-widget elementor-widget-heading\" data-id=\"25f8fb5\" data-element_type=\"widget\" data-e-type=\"widget\" data-widget_type=\"heading.default\">\n\t\t\t\t<div class=\"elementor-widget-container\">\n\t\t\t\t\t<h2 class=\"elementor-heading-title elementor-size-default\">S\u00f6drikin kyl\u00e4n kantatilat rakentuivat l\u00e4hi\u00f6iksi<\/h2>\t\t\t\t<\/div>\n\t\t\t\t<\/div>\n\t\t\t\t\t<\/div>\n\t\t<\/div>\n\t\t\t\t\t<\/div>\n\t\t<\/section>\n\t\t\t\t<section class=\"elementor-section elementor-top-section elementor-element elementor-element-a478edd elementor-section-boxed elementor-section-height-default elementor-section-height-default\" data-id=\"a478edd\" data-element_type=\"section\" data-e-type=\"section\">\n\t\t\t\t\t\t<div class=\"elementor-container elementor-column-gap-default\">\n\t\t\t\t\t<div class=\"elementor-column elementor-col-50 elementor-top-column elementor-element elementor-element-cfe500b\" data-id=\"cfe500b\" data-element_type=\"column\" data-e-type=\"column\">\n\t\t\t<div class=\"elementor-widget-wrap elementor-element-populated\">\n\t\t\t\t\t\t<div class=\"elementor-element elementor-element-81f43f5 elementor-widget elementor-widget-text-editor\" data-id=\"81f43f5\" data-element_type=\"widget\" data-e-type=\"widget\" data-widget_type=\"text-editor.default\">\n\t\t\t\t<div class=\"elementor-widget-container\">\n\t\t\t\t\t\t\t\t\t<p>Espoon keskus on vuosisatojen aikana kehittynyt S\u00f6drikin kyl\u00e4n viiden kantatilan maille. Espoon historiassa on 1433 ensimm\u00e4inen maininta kyl\u00e4st\u00e4 nimelt\u00e4 \u201dSoderrike\u201d eli S\u00f6drik. Ruotsinkieliset kylien nimet Espoossa saivat suomenkieliset vastineet 1965. S\u00f6drik on nyky\u00e4\u00e4n Suvelan asuinalueen ruotsinkielielinen nimi. Suvelan alue k\u00e4sitt\u00e4\u00e4 vain osan entisist\u00e4 S\u00f6drikin kyl\u00e4n kantatiloihin kuuluneista maista. Kantatilat ovat muuttuneet l\u00e4hi\u00f6iksi, mutta niiden historia on tavoitettavissa Espoon keskuksessa olevien katujen ja alueiden nimist\u00f6ss\u00e4.<\/p>\t\t\t\t\t\t\t\t<\/div>\n\t\t\t\t<\/div>\n\t\t\t\t\t<\/div>\n\t\t<\/div>\n\t\t\t\t<div class=\"elementor-column elementor-col-50 elementor-top-column elementor-element elementor-element-b363dde\" data-id=\"b363dde\" data-element_type=\"column\" data-e-type=\"column\">\n\t\t\t<div class=\"elementor-widget-wrap elementor-element-populated\">\n\t\t\t\t\t\t<div class=\"elementor-element elementor-element-8b6e76a elementor-widget elementor-widget-text-editor\" data-id=\"8b6e76a\" data-element_type=\"widget\" data-e-type=\"widget\" data-widget_type=\"text-editor.default\">\n\t\t\t\t<div class=\"elementor-widget-container\">\n\t\t\t\t\t\t\t\t\t<p>S\u00f6drikin kyl\u00e4 sijaitsi 1400-luvulla Espoonjoen rannalla vastap\u00e4\u00e4t\u00e4 Espoon kivikirkkoa. 1600-luvun asiakirjoissa S\u00f6drikin kyl\u00e4\u00e4 kutsuttiin my\u00f6s Kyrkbyksi, Kirkonkyl\u00e4ksi.<br \/>Nykyinen Tuomarila oli 1900-luvun alussa mets\u00e4\u00e4 sek\u00e4 Domsin, Sunan, Dahlin, Jofsin ja Kirstin kantatilojen takamaita. N\u00e4m\u00e4 palstoitettiin vaiheittain 1910\u201340-luvuilla. Tuomarilasta tuli suomenkielinen saareke ruotsinkielisen v\u00e4est\u00f6n keskelle.<\/p>\t\t\t\t\t\t\t\t<\/div>\n\t\t\t\t<\/div>\n\t\t\t\t\t<\/div>\n\t\t<\/div>\n\t\t\t\t\t<\/div>\n\t\t<\/section>\n\t\t\t\t<section class=\"elementor-section elementor-top-section elementor-element elementor-element-4fe6dc5 elementor-section-boxed elementor-section-height-default elementor-section-height-default\" data-id=\"4fe6dc5\" data-element_type=\"section\" data-e-type=\"section\">\n\t\t\t\t\t\t<div class=\"elementor-container elementor-column-gap-default\">\n\t\t\t\t\t<div class=\"elementor-column elementor-col-50 elementor-top-column elementor-element elementor-element-f3ae3b6\" data-id=\"f3ae3b6\" data-element_type=\"column\" data-e-type=\"column\">\n\t\t\t<div class=\"elementor-widget-wrap elementor-element-populated\">\n\t\t\t\t\t\t<div class=\"elementor-element elementor-element-54bff86 elementor-widget elementor-widget-heading\" data-id=\"54bff86\" data-element_type=\"widget\" data-e-type=\"widget\" data-widget_type=\"heading.default\">\n\t\t\t\t<div class=\"elementor-widget-container\">\n\t\t\t\t\t<h2 class=\"elementor-heading-title elementor-size-default\">Domsin kantatila<\/h2>\t\t\t\t<\/div>\n\t\t\t\t<\/div>\n\t\t\t\t<div class=\"elementor-element elementor-element-93eccfd elementor-widget elementor-widget-text-editor\" data-id=\"93eccfd\" data-element_type=\"widget\" data-e-type=\"widget\" data-widget_type=\"text-editor.default\">\n\t\t\t\t<div class=\"elementor-widget-container\">\n\t\t\t\t\t\t\t\t\t<p>Domsin kantatila on sijainnut nykyisell\u00e4 paikallaan vastap\u00e4\u00e4t\u00e4 kirkkoa Vanhan Lakelantien varrella ilmeisesti jo 1500-luvun alusta l\u00e4htien. P\u00e4\u00e4rakennuksen jugend-henkisen nykyasu on 1900-luvun alkupuolelta, mutta runko on vanhempi. Doms on viimeinen vanhalla kyl\u00e4nm\u00e4ell\u00e4 s\u00e4ilynyt asuinrakennus, joka nyky\u00e4\u00e4n on Espoon kaupungin opetus- ja sivistystoimen k\u00e4yt\u00f6ss\u00e4.<\/p><p>Dahlin kantatila sijaitsi nykyisen Kyl\u00e4torintie 5:n kohdalla Kirkkoj\u00e4rvell\u00e4. Tilan p\u00e4\u00e4rakennus paloi 1984. Kantatila oli alun perin sijainnut Gr\u00e5-nimisen\u00e4 S\u00f6drikin kyl\u00e4nm\u00e4ell\u00e4 Espoon kirkkoa vastap\u00e4\u00e4t\u00e4. Se siirrettiin Kirkkoj\u00e4rven rannalle viimeist\u00e4\u00e4n 1800-luvun alussa, jolloin sen nimeksi muutettiin Dahl. Vuonna 1936 tilan osti Lindholmin sahan johtaja Elis Lindholm, joka peruskorjasi kaikki rakennukset ja pystytti uusia. Tila myytiin Espoon kaupungille 1973. Paikalla on nyt Kirkkoj\u00e4rven p\u00e4iv\u00e4koti. Sen edustalla kasvava hyv\u00e4kuntoinen ja kaunismuotoinen mets\u00e4lehmus on useita satoja vuosia vanha ja rauhoitettu.<\/p><p>Dahlin kantatila sijaitsi nykyisen Kyl\u00e4torintie 5:n kohdalla Kirkkoj\u00e4rvell\u00e4. Tilan p\u00e4\u00e4rakennus paloi 1984. Kantatila oli alun perin sijainnut Gr\u00e5-nimisen\u00e4 S\u00f6drikin kyl\u00e4nm\u00e4ell\u00e4 Espoon kirkkoa vastap\u00e4\u00e4t\u00e4. Se siirrettiin Kirkkoj\u00e4rven rannalle viimeist\u00e4\u00e4n 1800-luvun alussa, jolloin sen nimeksi muutettiin Dahl. Vuonna 1936 tilan osti Lindholmin sahan johtaja Elis Lindholm, joka peruskorjasi kaikki rakennukset ja pystytti uusia. Tila myytiin Espoon kaupungille 1973. Paikalla on nyt Kirkkoj\u00e4rven p\u00e4iv\u00e4koti. Sen edustalla kasvava hyv\u00e4kuntoinen ja kaunismuotoinen mets\u00e4lehmus on useita satoja vuosia vanha ja rauhoitettu.<\/p><p>\u00a0<\/p>\t\t\t\t\t\t\t\t<\/div>\n\t\t\t\t<\/div>\n\t\t\t\t\t<\/div>\n\t\t<\/div>\n\t\t\t\t<div class=\"elementor-column elementor-col-50 elementor-top-column elementor-element elementor-element-0b68b09\" data-id=\"0b68b09\" data-element_type=\"column\" data-e-type=\"column\">\n\t\t\t<div class=\"elementor-widget-wrap elementor-element-populated\">\n\t\t\t\t\t\t<div class=\"elementor-element elementor-element-620a76a elementor-widget elementor-widget-image\" data-id=\"620a76a\" data-element_type=\"widget\" data-e-type=\"widget\" data-widget_type=\"image.default\">\n\t\t\t\t<div class=\"elementor-widget-container\">\n\t\t\t\t\t\t\t\t\t\t\t\t\t\t\t<img fetchpriority=\"high\" decoding=\"async\" width=\"768\" height=\"607\" src=\"https:\/\/keskiespooseura.fi\/wp-content\/uploads\/2023\/03\/domsinkantatila-768x607.jpg\" class=\"attachment-medium_large size-medium_large wp-image-152\" alt=\"\" srcset=\"https:\/\/keskiespooseura.fi\/wp-content\/uploads\/2023\/03\/domsinkantatila-768x607.jpg 768w, https:\/\/keskiespooseura.fi\/wp-content\/uploads\/2023\/03\/domsinkantatila-300x237.jpg 300w, https:\/\/keskiespooseura.fi\/wp-content\/uploads\/2023\/03\/domsinkantatila-1024x810.jpg 1024w, https:\/\/keskiespooseura.fi\/wp-content\/uploads\/2023\/03\/domsinkantatila-1536x1214.jpg 1536w, https:\/\/keskiespooseura.fi\/wp-content\/uploads\/2023\/03\/domsinkantatila.jpg 1772w\" sizes=\"(max-width: 768px) 100vw, 768px\" \/>\t\t\t\t\t\t\t\t\t\t\t\t\t\t\t<\/div>\n\t\t\t\t<\/div>\n\t\t\t\t<div class=\"elementor-element elementor-element-645cb37 elementor-widget elementor-widget-text-editor\" data-id=\"645cb37\" data-element_type=\"widget\" data-e-type=\"widget\" data-widget_type=\"text-editor.default\">\n\t\t\t\t<div class=\"elementor-widget-container\">\n\t\t\t\t\t\t\t\t\t<p>Domsin kantatila<\/p>\t\t\t\t\t\t\t\t<\/div>\n\t\t\t\t<\/div>\n\t\t\t\t\t<\/div>\n\t\t<\/div>\n\t\t\t\t\t<\/div>\n\t\t<\/section>\n\t\t\t\t<section class=\"elementor-section elementor-top-section elementor-element elementor-element-1ad6f09 elementor-section-boxed elementor-section-height-default elementor-section-height-default\" data-id=\"1ad6f09\" data-element_type=\"section\" data-e-type=\"section\">\n\t\t\t\t\t\t<div class=\"elementor-container elementor-column-gap-default\">\n\t\t\t\t\t<div class=\"elementor-column elementor-col-50 elementor-top-column elementor-element elementor-element-184cdcd\" data-id=\"184cdcd\" data-element_type=\"column\" data-e-type=\"column\">\n\t\t\t<div class=\"elementor-widget-wrap elementor-element-populated\">\n\t\t\t\t\t\t<div class=\"elementor-element elementor-element-10b2ef5 elementor-widget elementor-widget-heading\" data-id=\"10b2ef5\" data-element_type=\"widget\" data-e-type=\"widget\" data-widget_type=\"heading.default\">\n\t\t\t\t<div class=\"elementor-widget-container\">\n\t\t\t\t\t<h2 class=\"elementor-heading-title elementor-size-default\">Jofsin kantatila<\/h2>\t\t\t\t<\/div>\n\t\t\t\t<\/div>\n\t\t\t\t<div class=\"elementor-element elementor-element-eebacdf elementor-widget elementor-widget-text-editor\" data-id=\"eebacdf\" data-element_type=\"widget\" data-e-type=\"widget\" data-widget_type=\"text-editor.default\">\n\t\t\t\t<div class=\"elementor-widget-container\">\n\t\t\t\t\t\t\t\t\t<p>Jofsin kantatila sijaitsi osoitteessa Ratavallintie 19 nykyisen ylikulkusillan paikalla. Jouppi-nimisi\u00e4 katuja l\u00f6ytyy alueella, jolla oli Jofsin tilan peltoja. 1980-luvulla palanut tilan p\u00e4\u00e4rakennus sijaitsi nykyisen rautatien pohjoispuolella l\u00e4hell\u00e4 radanylityst\u00e4. 1900-luvulla l\u00e4hist\u00f6n suomenkieliset asukkaat kutsuivat taloa nimell\u00e4 Joussi, mutta asemakaavan paikannimiss\u00e4 on k\u00e4ytetty vastinetta Jouppi.<\/p>\t\t\t\t\t\t\t\t<\/div>\n\t\t\t\t<\/div>\n\t\t\t\t\t<\/div>\n\t\t<\/div>\n\t\t\t\t<div class=\"elementor-column elementor-col-50 elementor-top-column elementor-element elementor-element-5bad77c\" data-id=\"5bad77c\" data-element_type=\"column\" data-e-type=\"column\">\n\t\t\t<div class=\"elementor-widget-wrap elementor-element-populated\">\n\t\t\t\t\t\t<div class=\"elementor-element elementor-element-151ec1e elementor-widget elementor-widget-image\" data-id=\"151ec1e\" data-element_type=\"widget\" data-e-type=\"widget\" data-widget_type=\"image.default\">\n\t\t\t\t<div class=\"elementor-widget-container\">\n\t\t\t\t\t\t\t\t\t\t\t\t\t\t\t<img decoding=\"async\" width=\"768\" height=\"551\" src=\"https:\/\/keskiespooseura.fi\/wp-content\/uploads\/2023\/03\/jofs-768x551.jpg\" class=\"attachment-medium_large size-medium_large wp-image-153\" alt=\"\" srcset=\"https:\/\/keskiespooseura.fi\/wp-content\/uploads\/2023\/03\/jofs-768x551.jpg 768w, https:\/\/keskiespooseura.fi\/wp-content\/uploads\/2023\/03\/jofs-300x215.jpg 300w, https:\/\/keskiespooseura.fi\/wp-content\/uploads\/2023\/03\/jofs-1024x735.jpg 1024w, https:\/\/keskiespooseura.fi\/wp-content\/uploads\/2023\/03\/jofs-1536x1103.jpg 1536w, https:\/\/keskiespooseura.fi\/wp-content\/uploads\/2023\/03\/jofs-2048x1470.jpg 2048w\" sizes=\"(max-width: 768px) 100vw, 768px\" \/>\t\t\t\t\t\t\t\t\t\t\t\t\t\t\t<\/div>\n\t\t\t\t<\/div>\n\t\t\t\t<div class=\"elementor-element elementor-element-ca41be0 elementor-widget elementor-widget-text-editor\" data-id=\"ca41be0\" data-element_type=\"widget\" data-e-type=\"widget\" data-widget_type=\"text-editor.default\">\n\t\t\t\t<div class=\"elementor-widget-container\">\n\t\t\t\t\t\t\t\t\t<p>Jofsin kantatila<\/p>\t\t\t\t\t\t\t\t<\/div>\n\t\t\t\t<\/div>\n\t\t\t\t\t<\/div>\n\t\t<\/div>\n\t\t\t\t\t<\/div>\n\t\t<\/section>\n\t\t\t\t<section class=\"elementor-section elementor-top-section elementor-element elementor-element-268a310 elementor-section-boxed elementor-section-height-default elementor-section-height-default\" data-id=\"268a310\" data-element_type=\"section\" data-e-type=\"section\">\n\t\t\t\t\t\t<div class=\"elementor-container elementor-column-gap-default\">\n\t\t\t\t\t<div class=\"elementor-column elementor-col-50 elementor-top-column elementor-element elementor-element-e68627f\" data-id=\"e68627f\" data-element_type=\"column\" data-e-type=\"column\">\n\t\t\t<div class=\"elementor-widget-wrap elementor-element-populated\">\n\t\t\t\t\t\t<div class=\"elementor-element elementor-element-0765f8e elementor-widget elementor-widget-heading\" data-id=\"0765f8e\" data-element_type=\"widget\" data-e-type=\"widget\" data-widget_type=\"heading.default\">\n\t\t\t\t<div class=\"elementor-widget-container\">\n\t\t\t\t\t<h2 class=\"elementor-heading-title elementor-size-default\">Kirstin (Kirstins) kantatila<\/h2>\t\t\t\t<\/div>\n\t\t\t\t<\/div>\n\t\t\t\t<div class=\"elementor-element elementor-element-7122c5b elementor-widget elementor-widget-text-editor\" data-id=\"7122c5b\" data-element_type=\"widget\" data-e-type=\"widget\" data-widget_type=\"text-editor.default\">\n\t\t\t\t<div class=\"elementor-widget-container\">\n\t\t\t\t\t\t\t\t\t<p>Kirstin (Kirstins) kantatila tuli Segersvenin suvun omistukseen 1897. Suku myi 68 hehtaarin tilan Espoon kauppalalle. 1965, jonka j\u00e4lkeen myyj\u00e4, Karl-Erik Segersven sai viljell\u00e4 maitaan vuoteen 1970.<\/p><p>Viimeinen p\u00e4\u00e4rakennus nykyisen Kirstinm\u00e4ki 8:n kohdalla oli vuodelta 1914 ja purettiin 1970-luvulla. Kirstinm\u00e4ell\u00e4 kasvava tammi on yli 160 vuotias ja rauhoitettu. Vanhojen lehtitietojen mukaan puu olisi siirretty Kirstin tilan pihapiiriin Kilonmalmilta 1851. Tilalla asutettiin 1900-luvun alussa kiinalaisia ty\u00f6miehi\u00e4, jotka ven\u00e4l\u00e4iset olivat tuoneet mets\u00e4nhakkuuseen Helsingin maalinnoituksen rakentamisen yhteydess\u00e4. Sota-aikana tilalla pidettiin ven\u00e4l\u00e4isi\u00e4 vankeja.<\/p>\t\t\t\t\t\t\t\t<\/div>\n\t\t\t\t<\/div>\n\t\t\t\t\t<\/div>\n\t\t<\/div>\n\t\t\t\t<div class=\"elementor-column elementor-col-50 elementor-top-column elementor-element elementor-element-649a9ff\" data-id=\"649a9ff\" data-element_type=\"column\" data-e-type=\"column\">\n\t\t\t<div class=\"elementor-widget-wrap elementor-element-populated\">\n\t\t\t\t\t\t<div class=\"elementor-element elementor-element-1bc2110 elementor-widget elementor-widget-image\" data-id=\"1bc2110\" data-element_type=\"widget\" data-e-type=\"widget\" data-widget_type=\"image.default\">\n\t\t\t\t<div class=\"elementor-widget-container\">\n\t\t\t\t\t\t\t\t\t\t\t\t\t\t\t<img decoding=\"async\" width=\"768\" height=\"522\" src=\"https:\/\/keskiespooseura.fi\/wp-content\/uploads\/2023\/03\/kirstinkantatila-768x522.jpg\" class=\"attachment-medium_large size-medium_large wp-image-154\" alt=\"\" srcset=\"https:\/\/keskiespooseura.fi\/wp-content\/uploads\/2023\/03\/kirstinkantatila-768x522.jpg 768w, https:\/\/keskiespooseura.fi\/wp-content\/uploads\/2023\/03\/kirstinkantatila-300x204.jpg 300w, https:\/\/keskiespooseura.fi\/wp-content\/uploads\/2023\/03\/kirstinkantatila-1024x696.jpg 1024w, https:\/\/keskiespooseura.fi\/wp-content\/uploads\/2023\/03\/kirstinkantatila-1536x1044.jpg 1536w, https:\/\/keskiespooseura.fi\/wp-content\/uploads\/2023\/03\/kirstinkantatila.jpg 1978w\" sizes=\"(max-width: 768px) 100vw, 768px\" \/>\t\t\t\t\t\t\t\t\t\t\t\t\t\t\t<\/div>\n\t\t\t\t<\/div>\n\t\t\t\t<div class=\"elementor-element elementor-element-0f93193 elementor-widget elementor-widget-text-editor\" data-id=\"0f93193\" data-element_type=\"widget\" data-e-type=\"widget\" data-widget_type=\"text-editor.default\">\n\t\t\t\t<div class=\"elementor-widget-container\">\n\t\t\t\t\t\t\t\t\t<p>Kirstin (Kirstins) kantatila<\/p>\t\t\t\t\t\t\t\t<\/div>\n\t\t\t\t<\/div>\n\t\t\t\t\t<\/div>\n\t\t<\/div>\n\t\t\t\t\t<\/div>\n\t\t<\/section>\n\t\t\t\t<section class=\"elementor-section elementor-top-section elementor-element elementor-element-c48ed10 elementor-section-boxed elementor-section-height-default elementor-section-height-default\" data-id=\"c48ed10\" data-element_type=\"section\" data-e-type=\"section\">\n\t\t\t\t\t\t<div class=\"elementor-container elementor-column-gap-default\">\n\t\t\t\t\t<div class=\"elementor-column elementor-col-50 elementor-top-column elementor-element elementor-element-19bace5\" data-id=\"19bace5\" data-element_type=\"column\" data-e-type=\"column\">\n\t\t\t<div class=\"elementor-widget-wrap elementor-element-populated\">\n\t\t\t\t\t\t<div class=\"elementor-element elementor-element-7d21c19 elementor-widget elementor-widget-heading\" data-id=\"7d21c19\" data-element_type=\"widget\" data-e-type=\"widget\" data-widget_type=\"heading.default\">\n\t\t\t\t<div class=\"elementor-widget-container\">\n\t\t\t\t\t<h2 class=\"elementor-heading-title elementor-size-default\">Sunan kantatila<\/h2>\t\t\t\t<\/div>\n\t\t\t\t<\/div>\n\t\t\t\t<div class=\"elementor-element elementor-element-c312f0e elementor-widget elementor-widget-text-editor\" data-id=\"c312f0e\" data-element_type=\"widget\" data-e-type=\"widget\" data-widget_type=\"text-editor.default\">\n\t\t\t\t<div class=\"elementor-widget-container\">\n\t\t\t\t\t\t\t\t\t<p>Sunan kantatila Espoonjoen rannalla (Vanha Lakelantie) oli ollut Weckstr\u00f6min suvun hallussa vuodesta 1662. Tilaan oli kuulunut 1920-luvulla noin 180 hehtaaria. Vuodesta 1961 l\u00e4htien maat olivat olleet vuokralla Kirstin is\u00e4nn\u00e4ll\u00e4 Karl-Erik Segersvenill\u00e4.<\/p><p>Suku myi l\u00e4hes 100 hehtaaria k\u00e4sitt\u00e4v\u00e4n Sunan ja Backasin tilat Espoon kauppalalle 1965. N\u00e4ille maille rakennettiin my\u00f6hemmin Kirstin pientaloalue. P\u00e4\u00e4rakennus purettiin ja j\u00e4ljell\u00e4 on vain valkoinen 1900-luvun alkupuolella rakennettu navetta, johon Kuvataidetaloyhdistys Suna ry on jo pitk\u00e4\u00e4n suunnitellut perustaa taidekeskuksen. Espoonjoen rannalla Lagstadin kotiseututalon pohjoispuolella on tilalle kuulunut savusauna, jonka sanotaan olevan Suomen vanhin paikallaan s\u00e4ilynyt savusauna. Sen p\u00e4\u00e4dyss\u00e4 on vuosiluku 1839. Rakennusta hallinnoi nyky\u00e4\u00e4n Kuninkaantien Saunaseura ry.<\/p><p>Espoon keskuksen kehitt\u00e4minen oli 1960-luvulta l\u00e4htien kirjattu t\u00e4rke\u00e4ksi kuntasuunnittelukohteeksi. Rakentamista seurasi aluerakentamistoimikunta, joka seurasi Suvelan toteuttamisen laatutasoa. Toimikunta k\u00e4vi keskusteluja sopimuskumppaneiden kanssa rakentamisen laadusta. Vuonna 1975 perustettiin Espoon keskustan rakentamisprojekti.<\/p><p>Nykyisin Espoon keskukseen kuuluvat Kiltakallion, Kirkkoj\u00e4rven, Saarniraivion, Sunan, Suvelan ja Tuomarilan osa-alueet.<\/p><p>Pirkko Sillanp\u00e4\u00e4<br \/>\u00a0<br \/>L\u00e4hteet:<br \/>\u00a0<br \/>Arkisto:<br \/>\u2022 Espoon kaupunginmuseo, kuva-arkisto.<br \/>\u2022 Keski-Espoon Sanomat 1\/1989-2\/2016<br \/>\u2022 El\u00e4m\u00e4\u00e4 l\u00e4hi\u00f6ss\u00e4, Riitta Astikainen, Riitta Heiskanen ja\u2028\u00a0 Raija Kaikkonen, Helsingin Sanomat 1997, Sulkava.<br \/>\u00a0<br \/>\u2022 Maisala Pertti 2008. Espoo- oma lukunsa, Kaupunkisuunnittelun,\u2028\u00a0 kaupunkirakentamisen ja kaavoitushallinnon kehitys vuoteen 2000, \u2028\u00a0 Vanha-Espoo.\u00a0 Espoon kaupunkisuunnittelukeskus.<br \/>\u2022 Sillanp\u00e4\u00e4 Pirkko, Laakso Tommi 1998.\u00a0 Kivikauden kyl\u00e4st\u00e4\u2028\u00a0 kaupunkikeskukseksi.\u00a0 Keski-Espoo -seura. Jyv\u00e4skyl\u00e4.<\/p>\t\t\t\t\t\t\t\t<\/div>\n\t\t\t\t<\/div>\n\t\t\t\t\t<\/div>\n\t\t<\/div>\n\t\t\t\t<div class=\"elementor-column elementor-col-50 elementor-top-column elementor-element elementor-element-65dc2f7\" data-id=\"65dc2f7\" data-element_type=\"column\" data-e-type=\"column\">\n\t\t\t<div class=\"elementor-widget-wrap elementor-element-populated\">\n\t\t\t\t\t\t<div class=\"elementor-element elementor-element-ec27dde elementor-widget elementor-widget-image\" data-id=\"ec27dde\" data-element_type=\"widget\" data-e-type=\"widget\" data-widget_type=\"image.default\">\n\t\t\t\t<div class=\"elementor-widget-container\">\n\t\t\t\t\t\t\t\t\t\t\t\t\t\t\t<img loading=\"lazy\" decoding=\"async\" width=\"768\" height=\"485\" src=\"https:\/\/keskiespooseura.fi\/wp-content\/uploads\/2023\/03\/sunankantatila-768x485.jpg\" class=\"attachment-medium_large size-medium_large wp-image-155\" alt=\"\" srcset=\"https:\/\/keskiespooseura.fi\/wp-content\/uploads\/2023\/03\/sunankantatila-768x485.jpg 768w, https:\/\/keskiespooseura.fi\/wp-content\/uploads\/2023\/03\/sunankantatila-300x190.jpg 300w, https:\/\/keskiespooseura.fi\/wp-content\/uploads\/2023\/03\/sunankantatila-1024x647.jpg 1024w, https:\/\/keskiespooseura.fi\/wp-content\/uploads\/2023\/03\/sunankantatila-1536x970.jpg 1536w, https:\/\/keskiespooseura.fi\/wp-content\/uploads\/2023\/03\/sunankantatila-2048x1294.jpg 2048w\" sizes=\"(max-width: 768px) 100vw, 768px\" \/>\t\t\t\t\t\t\t\t\t\t\t\t\t\t\t<\/div>\n\t\t\t\t<\/div>\n\t\t\t\t<div class=\"elementor-element elementor-element-8aa3526 elementor-widget elementor-widget-text-editor\" data-id=\"8aa3526\" data-element_type=\"widget\" data-e-type=\"widget\" data-widget_type=\"text-editor.default\">\n\t\t\t\t<div class=\"elementor-widget-container\">\n\t\t\t\t\t\t\t\t\t<p>Sunan kantatila<\/p>\t\t\t\t\t\t\t\t<\/div>\n\t\t\t\t<\/div>\n\t\t\t\t\t<\/div>\n\t\t<\/div>\n\t\t\t\t\t<\/div>\n\t\t<\/section>\n\t\t\t\t<\/div>\n\t\t","protected":false},"excerpt":{"rendered":"<p>S\u00f6drikin kyl\u00e4n kantatilat rakentuivat l\u00e4hi\u00f6iksi Espoon keskus on vuosisatojen aikana kehittynyt S\u00f6drikin kyl\u00e4n viiden kantatilan maille. Espoon historiassa on 1433 ensimm\u00e4inen maininta kyl\u00e4st\u00e4 nimelt\u00e4 \u201dSoderrike\u201d eli S\u00f6drik. Ruotsinkieliset kylien nimet Espoossa saivat suomenkieliset vastineet 1965. S\u00f6drik on nyky\u00e4\u00e4n Suvelan asuinalueen ruotsinkielielinen nimi. Suvelan alue k\u00e4sitt\u00e4\u00e4 vain osan entisist\u00e4 S\u00f6drikin kyl\u00e4n kantatiloihin kuuluneista maista. Kantatilat ovat [&hellip;]<\/p>\n","protected":false},"author":2,"featured_media":0,"parent":0,"menu_order":0,"comment_status":"closed","ping_status":"closed","template":"","meta":{"footnotes":""},"class_list":["post-21","page","type-page","status-publish","hentry"],"_links":{"self":[{"href":"https:\/\/keskiespooseura.fi\/index.php?rest_route=\/wp\/v2\/pages\/21","targetHints":{"allow":["GET"]}}],"collection":[{"href":"https:\/\/keskiespooseura.fi\/index.php?rest_route=\/wp\/v2\/pages"}],"about":[{"href":"https:\/\/keskiespooseura.fi\/index.php?rest_route=\/wp\/v2\/types\/page"}],"author":[{"embeddable":true,"href":"https:\/\/keskiespooseura.fi\/index.php?rest_route=\/wp\/v2\/users\/2"}],"replies":[{"embeddable":true,"href":"https:\/\/keskiespooseura.fi\/index.php?rest_route=%2Fwp%2Fv2%2Fcomments&post=21"}],"version-history":[{"count":16,"href":"https:\/\/keskiespooseura.fi\/index.php?rest_route=\/wp\/v2\/pages\/21\/revisions"}],"predecessor-version":[{"id":172,"href":"https:\/\/keskiespooseura.fi\/index.php?rest_route=\/wp\/v2\/pages\/21\/revisions\/172"}],"wp:attachment":[{"href":"https:\/\/keskiespooseura.fi\/index.php?rest_route=%2Fwp%2Fv2%2Fmedia&parent=21"}],"curies":[{"name":"wp","href":"https:\/\/api.w.org\/{rel}","templated":true}]}}