{"id":257,"date":"2023-03-07T12:07:39","date_gmt":"2023-03-07T10:07:39","guid":{"rendered":"https:\/\/uusisivu.keskiespooseura.fi\/?page_id=257"},"modified":"2023-06-26T15:09:53","modified_gmt":"2023-06-26T12:09:53","slug":"arkisto","status":"publish","type":"page","link":"https:\/\/keskiespooseura.fi\/?page_id=257","title":{"rendered":"Arkisto"},"content":{"rendered":"\t\t<div data-elementor-type=\"wp-page\" data-elementor-id=\"257\" class=\"elementor elementor-257\">\n\t\t\t\t\t\t<section class=\"elementor-section elementor-top-section elementor-element elementor-element-cc06ef5 elementor-section-boxed elementor-section-height-default elementor-section-height-default\" data-id=\"cc06ef5\" data-element_type=\"section\" data-e-type=\"section\">\n\t\t\t\t\t\t<div class=\"elementor-container elementor-column-gap-default\">\n\t\t\t\t\t<div class=\"elementor-column elementor-col-100 elementor-top-column elementor-element elementor-element-e87f94c\" data-id=\"e87f94c\" data-element_type=\"column\" data-e-type=\"column\">\n\t\t\t<div class=\"elementor-widget-wrap elementor-element-populated\">\n\t\t\t\t\t\t<div class=\"elementor-element elementor-element-9e6affe elementor-widget elementor-widget-heading\" data-id=\"9e6affe\" data-element_type=\"widget\" data-e-type=\"widget\" data-widget_type=\"heading.default\">\n\t\t\t\t<div class=\"elementor-widget-container\">\n\t\t\t\t\t<h2 class=\"elementor-heading-title elementor-size-default\">Arkisto<\/h2>\t\t\t\t<\/div>\n\t\t\t\t<\/div>\n\t\t\t\t\t<\/div>\n\t\t<\/div>\n\t\t\t\t\t<\/div>\n\t\t<\/section>\n\t\t\t\t<section class=\"elementor-section elementor-top-section elementor-element elementor-element-cbb0f47 elementor-section-boxed elementor-section-height-default elementor-section-height-default\" data-id=\"cbb0f47\" data-element_type=\"section\" data-e-type=\"section\">\n\t\t\t\t\t\t<div class=\"elementor-container elementor-column-gap-default\">\n\t\t\t\t\t<div class=\"elementor-column elementor-col-50 elementor-top-column elementor-element elementor-element-9fc303d\" data-id=\"9fc303d\" data-element_type=\"column\" data-e-type=\"column\">\n\t\t\t<div class=\"elementor-widget-wrap elementor-element-populated\">\n\t\t\t\t\t\t<div class=\"elementor-element elementor-element-e1383bc elementor-widget elementor-widget-heading\" data-id=\"e1383bc\" data-element_type=\"widget\" data-e-type=\"widget\" data-widget_type=\"heading.default\">\n\t\t\t\t<div class=\"elementor-widget-container\">\n\t\t\t\t\t<h2 class=\"elementor-heading-title elementor-size-default\">Keski-Espoon Sanomat 2020<\/h2>\t\t\t\t<\/div>\n\t\t\t\t<\/div>\n\t\t\t\t<div class=\"elementor-element elementor-element-c418df4 elementor-widget elementor-widget-text-editor\" data-id=\"c418df4\" data-element_type=\"widget\" data-e-type=\"widget\" data-widget_type=\"text-editor.default\">\n\t\t\t\t<div class=\"elementor-widget-container\">\n\t\t\t\t\t\t\t\t\t<p>T\u00e4ss\u00e4 vuoden 2020 numerot. Voit lukea pdf-lehdet linkeist\u00e4.<\/p><p><a href=\"https:\/\/uusisivu.keskiespooseura.fi\/wp-content\/uploads\/2023\/03\/KES_1_2020.pdf\" target=\"_blank\" rel=\"noopener\">Keski-Espoon Sanomat 1 2020<\/a><br \/><a href=\"https:\/\/uusisivu.keskiespooseura.fi\/wp-content\/uploads\/2023\/03\/KES_2_2020.pdf\" target=\"_blank\" rel=\"noopener\">Keski-Espoon Sanomat 2 2020<\/a><br \/><a href=\"https:\/\/uusisivu.keskiespooseura.fi\/wp-content\/uploads\/2023\/03\/KES_3_2020.pdf\" target=\"_blank\" rel=\"noopener\">Keski-Espoon Sanomat 3 2020<\/a><br \/><a href=\"https:\/\/uusisivu.keskiespooseura.fi\/wp-content\/uploads\/2023\/03\/KES_4_2020.pdf\" target=\"_blank\" rel=\"noopener\">Keski-Espoon Sanomat 4 2020<\/a><\/p>\t\t\t\t\t\t\t\t<\/div>\n\t\t\t\t<\/div>\n\t\t\t\t\t<\/div>\n\t\t<\/div>\n\t\t\t\t<div class=\"elementor-column elementor-col-50 elementor-top-column elementor-element elementor-element-e684620\" data-id=\"e684620\" data-element_type=\"column\" data-e-type=\"column\">\n\t\t\t<div class=\"elementor-widget-wrap elementor-element-populated\">\n\t\t\t\t\t\t<div class=\"elementor-element elementor-element-957683e elementor-widget elementor-widget-heading\" data-id=\"957683e\" data-element_type=\"widget\" data-e-type=\"widget\" data-widget_type=\"heading.default\">\n\t\t\t\t<div class=\"elementor-widget-container\">\n\t\t\t\t\t<h2 class=\"elementor-heading-title elementor-size-default\">Keski-Espoon Sanomat 2019<\/h2>\t\t\t\t<\/div>\n\t\t\t\t<\/div>\n\t\t\t\t<div class=\"elementor-element elementor-element-0495723 elementor-widget elementor-widget-text-editor\" data-id=\"0495723\" data-element_type=\"widget\" data-e-type=\"widget\" data-widget_type=\"text-editor.default\">\n\t\t\t\t<div class=\"elementor-widget-container\">\n\t\t\t\t\t\t\t\t\t<p>T\u00e4ss\u00e4 vuoden 2019 numerot. Voit lukea pdf-lehdet linkeist\u00e4.<\/p><p><a href=\"https:\/\/uusisivu.keskiespooseura.fi\/wp-content\/uploads\/2023\/03\/KES_1_2019.pdf\" target=\"_blank\" rel=\"noopener\">Keski-Espoon Sanomat 1 2019<\/a><br \/><a href=\"https:\/\/uusisivu.keskiespooseura.fi\/wp-content\/uploads\/2023\/03\/KES_2_2019.pdf\" target=\"_blank\" rel=\"noopener\">Keski-Espoon Sanomat 2 2019<\/a><br \/><a href=\"https:\/\/uusisivu.keskiespooseura.fi\/wp-content\/uploads\/2023\/03\/KES_3_2019.pdf\" target=\"_blank\" rel=\"noopener\">Keski-Espoon Sanomat 3 2019<\/a><br \/><a href=\"https:\/\/uusisivu.keskiespooseura.fi\/wp-content\/uploads\/2023\/03\/KES_4_2019.pdf\" target=\"_blank\" rel=\"noopener\">Keski-Espoon Sanomat 4 2019<\/a><\/p>\t\t\t\t\t\t\t\t<\/div>\n\t\t\t\t<\/div>\n\t\t\t\t\t<\/div>\n\t\t<\/div>\n\t\t\t\t\t<\/div>\n\t\t<\/section>\n\t\t\t\t<section class=\"elementor-section elementor-top-section elementor-element elementor-element-a95bf64 elementor-section-boxed elementor-section-height-default elementor-section-height-default\" data-id=\"a95bf64\" data-element_type=\"section\" data-e-type=\"section\">\n\t\t\t\t\t\t<div class=\"elementor-container elementor-column-gap-default\">\n\t\t\t\t\t<div class=\"elementor-column elementor-col-50 elementor-top-column elementor-element elementor-element-ced1422\" data-id=\"ced1422\" data-element_type=\"column\" data-e-type=\"column\">\n\t\t\t<div class=\"elementor-widget-wrap elementor-element-populated\">\n\t\t\t\t\t\t<div class=\"elementor-element elementor-element-77917f0 elementor-widget elementor-widget-heading\" data-id=\"77917f0\" data-element_type=\"widget\" data-e-type=\"widget\" data-widget_type=\"heading.default\">\n\t\t\t\t<div class=\"elementor-widget-container\">\n\t\t\t\t\t<h2 class=\"elementor-heading-title elementor-size-default\">Keski-Espoon Sanomat 2018<\/h2>\t\t\t\t<\/div>\n\t\t\t\t<\/div>\n\t\t\t\t<div class=\"elementor-element elementor-element-e2b2b85 elementor-widget elementor-widget-text-editor\" data-id=\"e2b2b85\" data-element_type=\"widget\" data-e-type=\"widget\" data-widget_type=\"text-editor.default\">\n\t\t\t\t<div class=\"elementor-widget-container\">\n\t\t\t\t\t\t\t\t\t<p>T\u00e4ss\u00e4 vuoden 2018 numerot. Voit lukea pdf-lehdet linkeist\u00e4.<\/p><p><a href=\"https:\/\/uusisivu.keskiespooseura.fi\/wp-content\/uploads\/2023\/03\/KES_1_2018.pdf\" target=\"_blank\" rel=\"noopener\">Keski-Espoon Sanomat 1 2018<\/a><br \/><a href=\"https:\/\/uusisivu.keskiespooseura.fi\/wp-content\/uploads\/2023\/03\/KES_2_2018.pdf\" target=\"_blank\" rel=\"noopener\">Keski-Espoon Sanomat 2 2018<\/a><br \/><a href=\"https:\/\/uusisivu.keskiespooseura.fi\/wp-content\/uploads\/2023\/03\/KES_3_2018.pdf\" target=\"_blank\" rel=\"noopener\">Keski-Espoon Sanomat 3 2018<\/a><br \/>Keski-Espoon Sanomat 4 2018<\/p>\t\t\t\t\t\t\t\t<\/div>\n\t\t\t\t<\/div>\n\t\t\t\t\t<\/div>\n\t\t<\/div>\n\t\t\t\t<div class=\"elementor-column elementor-col-50 elementor-top-column elementor-element elementor-element-82007ab\" data-id=\"82007ab\" data-element_type=\"column\" data-e-type=\"column\">\n\t\t\t<div class=\"elementor-widget-wrap elementor-element-populated\">\n\t\t\t\t\t\t<div class=\"elementor-element elementor-element-b93b615 elementor-widget elementor-widget-heading\" data-id=\"b93b615\" data-element_type=\"widget\" data-e-type=\"widget\" data-widget_type=\"heading.default\">\n\t\t\t\t<div class=\"elementor-widget-container\">\n\t\t\t\t\t<h2 class=\"elementor-heading-title elementor-size-default\">Keski-Espoon Sanomat 2017<\/h2>\t\t\t\t<\/div>\n\t\t\t\t<\/div>\n\t\t\t\t<div class=\"elementor-element elementor-element-29c4761 elementor-widget elementor-widget-text-editor\" data-id=\"29c4761\" data-element_type=\"widget\" data-e-type=\"widget\" data-widget_type=\"text-editor.default\">\n\t\t\t\t<div class=\"elementor-widget-container\">\n\t\t\t\t\t\t\t\t\t<p>T\u00e4ss\u00e4 vuoden 2017 numerot. Voit lukea pdf-lehdet linkeist\u00e4.<\/p><p><a href=\"https:\/\/uusisivu.keskiespooseura.fi\/wp-content\/uploads\/2023\/03\/KES_1_2017.pdf\" target=\"_blank\" rel=\"noopener\">Keski-Espoon Sanomat 1 2017<\/a><br \/><a href=\"https:\/\/uusisivu.keskiespooseura.fi\/wp-content\/uploads\/2023\/03\/KES_2_2017.pdf\" target=\"_blank\" rel=\"noopener\">Keski-Espoon Sanomat 2 2017<\/a><br \/><a href=\"https:\/\/uusisivu.keskiespooseura.fi\/wp-content\/uploads\/2023\/03\/KES_3_2017.pdf\" target=\"_blank\" rel=\"noopener\">Keski-Espoon Sanomat 3 2017<\/a><br \/><a href=\"https:\/\/uusisivu.keskiespooseura.fi\/wp-content\/uploads\/2023\/03\/KES_4_2017.pdf\" target=\"_blank\" rel=\"noopener\">Keski-Espoon Sanomat 4 2017<\/a><\/p>\t\t\t\t\t\t\t\t<\/div>\n\t\t\t\t<\/div>\n\t\t\t\t\t<\/div>\n\t\t<\/div>\n\t\t\t\t\t<\/div>\n\t\t<\/section>\n\t\t\t\t<section class=\"elementor-section elementor-top-section elementor-element elementor-element-39456ec elementor-section-boxed elementor-section-height-default elementor-section-height-default\" data-id=\"39456ec\" data-element_type=\"section\" data-e-type=\"section\">\n\t\t\t\t\t\t<div class=\"elementor-container elementor-column-gap-default\">\n\t\t\t\t\t<div class=\"elementor-column elementor-col-50 elementor-top-column elementor-element elementor-element-ef0fd43\" data-id=\"ef0fd43\" data-element_type=\"column\" data-e-type=\"column\">\n\t\t\t<div class=\"elementor-widget-wrap elementor-element-populated\">\n\t\t\t\t\t\t<div class=\"elementor-element elementor-element-e31cd5d elementor-widget elementor-widget-heading\" data-id=\"e31cd5d\" data-element_type=\"widget\" data-e-type=\"widget\" data-widget_type=\"heading.default\">\n\t\t\t\t<div class=\"elementor-widget-container\">\n\t\t\t\t\t<h2 class=\"elementor-heading-title elementor-size-default\">Keski-Espoon Sanomat 2016<\/h2>\t\t\t\t<\/div>\n\t\t\t\t<\/div>\n\t\t\t\t<div class=\"elementor-element elementor-element-299506d elementor-widget elementor-widget-text-editor\" data-id=\"299506d\" data-element_type=\"widget\" data-e-type=\"widget\" data-widget_type=\"text-editor.default\">\n\t\t\t\t<div class=\"elementor-widget-container\">\n\t\t\t\t\t\t\t\t\t<p>T\u00e4ss\u00e4 vuoden 2016 numerot. Voit lukea pdf-lehdet linkeist\u00e4.<\/p><p><a href=\"https:\/\/uusisivu.keskiespooseura.fi\/wp-content\/uploads\/2023\/03\/KES_1_2016.pdf\" target=\"_blank\" rel=\"noopener\">Keski-Espoon Sanomat 1 2016<\/a><br \/><a href=\"https:\/\/uusisivu.keskiespooseura.fi\/wp-content\/uploads\/2023\/03\/KES_2_2016.pdf\" target=\"_blank\" rel=\"noopener\">Keski-Espoon Sanomat 2 2016<\/a><br \/><a href=\"https:\/\/uusisivu.keskiespooseura.fi\/wp-content\/uploads\/2023\/03\/KES_3_2016.pdf\" target=\"_blank\" rel=\"noopener\">Keski-Espoon Sanomat 3 2016<\/a><br \/><a href=\"https:\/\/uusisivu.keskiespooseura.fi\/wp-content\/uploads\/2023\/03\/KES_4_2016.pdf\" target=\"_blank\" rel=\"noopener\">Keski-Espoon Sanomat 4 2016<\/a><\/p>\t\t\t\t\t\t\t\t<\/div>\n\t\t\t\t<\/div>\n\t\t\t\t\t<\/div>\n\t\t<\/div>\n\t\t\t\t<div class=\"elementor-column elementor-col-50 elementor-top-column elementor-element elementor-element-8c2ca51\" data-id=\"8c2ca51\" data-element_type=\"column\" data-e-type=\"column\">\n\t\t\t<div class=\"elementor-widget-wrap\">\n\t\t\t\t\t\t\t<\/div>\n\t\t<\/div>\n\t\t\t\t\t<\/div>\n\t\t<\/section>\n\t\t\t\t<\/div>\n\t\t","protected":false},"excerpt":{"rendered":"<p>Arkisto Keski-Espoon Sanomat 2020 T\u00e4ss\u00e4 vuoden 2020 numerot. Voit lukea pdf-lehdet linkeist\u00e4. Keski-Espoon Sanomat 1 2020Keski-Espoon Sanomat 2 2020Keski-Espoon Sanomat 3 2020Keski-Espoon Sanomat 4 2020 Keski-Espoon Sanomat 2019 T\u00e4ss\u00e4 vuoden 2019 numerot. Voit lukea pdf-lehdet linkeist\u00e4. Keski-Espoon Sanomat 1 2019Keski-Espoon Sanomat 2 2019Keski-Espoon Sanomat 3 2019Keski-Espoon Sanomat 4 2019 Keski-Espoon Sanomat 2018 T\u00e4ss\u00e4 vuoden 2018 [&hellip;]<\/p>\n","protected":false},"author":2,"featured_media":0,"parent":0,"menu_order":0,"comment_status":"closed","ping_status":"closed","template":"elementor_header_footer","meta":{"footnotes":""},"class_list":["post-257","page","type-page","status-publish","hentry"],"_links":{"self":[{"href":"https:\/\/keskiespooseura.fi\/index.php?rest_route=\/wp\/v2\/pages\/257","targetHints":{"allow":["GET"]}}],"collection":[{"href":"https:\/\/keskiespooseura.fi\/index.php?rest_route=\/wp\/v2\/pages"}],"about":[{"href":"https:\/\/keskiespooseura.fi\/index.php?rest_route=\/wp\/v2\/types\/page"}],"author":[{"embeddable":true,"href":"https:\/\/keskiespooseura.fi\/index.php?rest_route=\/wp\/v2\/users\/2"}],"replies":[{"embeddable":true,"href":"https:\/\/keskiespooseura.fi\/index.php?rest_route=%2Fwp%2Fv2%2Fcomments&post=257"}],"version-history":[{"count":55,"href":"https:\/\/keskiespooseura.fi\/index.php?rest_route=\/wp\/v2\/pages\/257\/revisions"}],"predecessor-version":[{"id":573,"href":"https:\/\/keskiespooseura.fi\/index.php?rest_route=\/wp\/v2\/pages\/257\/revisions\/573"}],"wp:attachment":[{"href":"https:\/\/keskiespooseura.fi\/index.php?rest_route=%2Fwp%2Fv2%2Fmedia&parent=257"}],"curies":[{"name":"wp","href":"https:\/\/api.w.org\/{rel}","templated":true}]}}