{"id":27,"date":"2023-03-01T11:58:11","date_gmt":"2023-03-01T09:58:11","guid":{"rendered":"https:\/\/uusisivu.keskiespooseura.fi\/?page_id=27"},"modified":"2026-03-24T20:16:06","modified_gmt":"2026-03-24T18:16:06","slug":"yhteystiedot","status":"publish","type":"page","link":"https:\/\/keskiespooseura.fi\/?page_id=27","title":{"rendered":"Yhteystiedot"},"content":{"rendered":"\t\t<div data-elementor-type=\"wp-page\" data-elementor-id=\"27\" class=\"elementor elementor-27\">\n\t\t\t\t\t\t<section class=\"elementor-section elementor-top-section elementor-element elementor-element-2b75b34 elementor-section-boxed elementor-section-height-default elementor-section-height-default\" data-id=\"2b75b34\" data-element_type=\"section\" data-e-type=\"section\">\n\t\t\t\t\t\t<div class=\"elementor-container elementor-column-gap-default\">\n\t\t\t\t\t<div class=\"elementor-column elementor-col-50 elementor-top-column elementor-element elementor-element-9fbf787\" data-id=\"9fbf787\" data-element_type=\"column\" data-e-type=\"column\">\n\t\t\t<div class=\"elementor-widget-wrap elementor-element-populated\">\n\t\t\t\t\t\t<div class=\"elementor-element elementor-element-8bad57d elementor-widget elementor-widget-heading\" data-id=\"8bad57d\" data-element_type=\"widget\" data-e-type=\"widget\" data-widget_type=\"heading.default\">\n\t\t\t\t<div class=\"elementor-widget-container\">\n\t\t\t\t\t<h2 class=\"elementor-heading-title elementor-size-default\">Keski-Espoo -seuran yhteystiedot 2025<\/h2>\t\t\t\t<\/div>\n\t\t\t\t<\/div>\n\t\t\t\t<div class=\"elementor-element elementor-element-de68734 elementor-widget elementor-widget-text-editor\" data-id=\"de68734\" data-element_type=\"widget\" data-e-type=\"widget\" data-widget_type=\"text-editor.default\">\n\t\t\t\t<div class=\"elementor-widget-container\">\n\t\t\t\t\t\t\t\t\t<p>Keski-Espoo -seuran johtokunnan j\u00e4senet\u00a0<br \/>Johtokunta\/Toimituskunta<br \/>Puheenjohtaja\/P\u00e4\u00e4toimittaja<br \/>Pirkko Sillanp\u00e4\u00e4<br \/>pirkko.h.sillanpaa(at)gmail.com<br \/>0440466002<\/p><p>Varapuheenjohtaja\/Myynti- ja markkinointi<br \/>Kari R\u00e4ty<br \/>kari.t.raty55(at)gmail.com<br \/>050 4913991<\/p><p>Sihteeri<br \/>Sisko V\u00e4yrynen-H\u00e4m\u00e4l\u00e4inen<br \/>siskovayrynenhamalainen@gmail.com<\/p><p>J\u00e4sen<br \/>Henri Korhonen<br \/>henri.m.korhonen(at)gmail.com<br \/>0405847134<\/p><p>Rainer Lahti<br \/>050 3622054<\/p><p>Sirkka-Liisa Suvanto<br \/>050 3092726\u00a0<\/p><p>Keski-Espoo -seuran postiosoite:<br \/>Blominkuja 6, 02780 Espoo<\/p><p>Keski-Espoo -seuran tili on<br \/>Nordea FI82 1428 3000 1807 58<\/p>\t\t\t\t\t\t\t\t<\/div>\n\t\t\t\t<\/div>\n\t\t\t\t\t<\/div>\n\t\t<\/div>\n\t\t\t\t<div class=\"elementor-column elementor-col-50 elementor-top-column elementor-element elementor-element-3b2c60a\" data-id=\"3b2c60a\" data-element_type=\"column\" data-e-type=\"column\">\n\t\t\t<div class=\"elementor-widget-wrap elementor-element-populated\">\n\t\t\t\t\t\t<div class=\"elementor-element elementor-element-b14c801 elementor-widget elementor-widget-heading\" data-id=\"b14c801\" data-element_type=\"widget\" data-e-type=\"widget\" data-widget_type=\"heading.default\">\n\t\t\t\t<div class=\"elementor-widget-container\">\n\t\t\t\t\t<h2 class=\"elementor-heading-title elementor-size-default\">Keski-Espoon Sanomat yhteystiedot 2026<\/h2>\t\t\t\t<\/div>\n\t\t\t\t<\/div>\n\t\t\t\t<div class=\"elementor-element elementor-element-19ff90e elementor-widget elementor-widget-text-editor\" data-id=\"19ff90e\" data-element_type=\"widget\" data-e-type=\"widget\" data-widget_type=\"text-editor.default\">\n\t\t\t\t<div class=\"elementor-widget-container\">\n\t\t\t\t\t\t\t\t\t<p>Keski-Espoon Sanomat 2026<br \/>37. vuosikerta<br \/>Seuraava lehti ilmestyy:<br \/><strong>20.5.2026 ja DL 3.5.2026<\/strong><br \/>Keski-Espoon asukkaiden yhteinen puolueisiin\u2028sitoutumaton tiedotuslehti<\/p><p>Julkaisija: Keski-Espoo -seura ry<br \/>ISSN 0788- 6128<br \/>Sivunvalmistus: Luova Ratkaisu Oy,<br \/>Puh. 040 5322907\u00a0 Pirjo(at) luovaratkaisu.fi<br \/>Painopaikka: Lehtisep\u00e4t Oy<\/p><p>Ilmoitukset: Ilmoitushinta:1.50e\/pmm + alv.<br \/>Tarkemmat tiedot ilmoitusmyyjilt\u00e4<\/p><p>Johtokunta\/Toimituskunta<br \/>Puheenjohtaja\/P\u00e4\u00e4toimittaja: Pirkko Sillanp\u00e4\u00e4<br \/>Blominkuja 6<br \/>02780 Espoo<br \/>044 046 6002<br \/>pirkko.h.sillanpaa(at)gmail.com<\/p><p>Varapuheenjohtaja\/ Myynti- ja markkinointip\u00e4\u00e4llikk\u00f6<br \/>Kari R\u00e4ty<br \/>puh. 050-491 3991<br \/>kari.t.raty55(at)gmail.com<\/p><p>Sihteeri:<br \/>Sisko V\u00e4yrynen-H\u00e4m\u00e4l\u00e4inen<br \/>siskovayrynenhamalainen@gmail.com<\/p><p>J\u00e4sen<br \/>Henri Korhonen<br \/>henri.m.korhonen(at)gmail.com<br \/>0405847134<\/p><p>Rainer Lahti<br \/>050 3622054<\/p><p>Sirkka-Liisa Suvanto<br \/>050 3092726<br \/><br \/><br \/><\/p>\t\t\t\t\t\t\t\t<\/div>\n\t\t\t\t<\/div>\n\t\t\t\t\t<\/div>\n\t\t<\/div>\n\t\t\t\t\t<\/div>\n\t\t<\/section>\n\t\t\t\t<\/div>\n\t\t","protected":false},"excerpt":{"rendered":"<p>Keski-Espoo -seuran yhteystiedot 2025 Keski-Espoo -seuran johtokunnan j\u00e4senet\u00a0Johtokunta\/ToimituskuntaPuheenjohtaja\/P\u00e4\u00e4toimittajaPirkko Sillanp\u00e4\u00e4pirkko.h.sillanpaa(at)gmail.com0440466002 Varapuheenjohtaja\/Myynti- ja markkinointiKari R\u00e4tykari.t.raty55(at)gmail.com050 4913991 SihteeriSisko V\u00e4yrynen-H\u00e4m\u00e4l\u00e4inensiskovayrynenhamalainen@gmail.com J\u00e4senHenri Korhonenhenri.m.korhonen(at)gmail.com0405847134 Rainer Lahti050 3622054 Sirkka-Liisa Suvanto050 3092726\u00a0 Keski-Espoo -seuran postiosoite:Blominkuja 6, 02780 Espoo Keski-Espoo -seuran tili onNordea FI82 1428 3000 1807 58 Keski-Espoon Sanomat yhteystiedot 2026 Keski-Espoon Sanomat 202637. vuosikertaSeuraava lehti ilmestyy:20.5.2026 ja DL 3.5.2026Keski-Espoon asukkaiden yhteinen puolueisiin\u2028sitoutumaton [&hellip;]<\/p>\n","protected":false},"author":2,"featured_media":0,"parent":0,"menu_order":0,"comment_status":"closed","ping_status":"closed","template":"elementor_header_footer","meta":{"footnotes":""},"class_list":["post-27","page","type-page","status-publish","hentry"],"_links":{"self":[{"href":"https:\/\/keskiespooseura.fi\/index.php?rest_route=\/wp\/v2\/pages\/27","targetHints":{"allow":["GET"]}}],"collection":[{"href":"https:\/\/keskiespooseura.fi\/index.php?rest_route=\/wp\/v2\/pages"}],"about":[{"href":"https:\/\/keskiespooseura.fi\/index.php?rest_route=\/wp\/v2\/types\/page"}],"author":[{"embeddable":true,"href":"https:\/\/keskiespooseura.fi\/index.php?rest_route=\/wp\/v2\/users\/2"}],"replies":[{"embeddable":true,"href":"https:\/\/keskiespooseura.fi\/index.php?rest_route=%2Fwp%2Fv2%2Fcomments&post=27"}],"version-history":[{"count":137,"href":"https:\/\/keskiespooseura.fi\/index.php?rest_route=\/wp\/v2\/pages\/27\/revisions"}],"predecessor-version":[{"id":1937,"href":"https:\/\/keskiespooseura.fi\/index.php?rest_route=\/wp\/v2\/pages\/27\/revisions\/1937"}],"wp:attachment":[{"href":"https:\/\/keskiespooseura.fi\/index.php?rest_route=%2Fwp%2Fv2%2Fmedia&parent=27"}],"curies":[{"name":"wp","href":"https:\/\/api.w.org\/{rel}","templated":true}]}}