{"id":368,"date":"2023-03-07T14:33:31","date_gmt":"2023-03-07T12:33:31","guid":{"rendered":"https:\/\/uusisivu.keskiespooseura.fi\/?page_id=368"},"modified":"2025-05-13T14:59:45","modified_gmt":"2025-05-13T11:59:45","slug":"toimintakertomus","status":"publish","type":"page","link":"https:\/\/keskiespooseura.fi\/?page_id=368","title":{"rendered":"Toimintakertomus vuodelta 2024"},"content":{"rendered":"\t\t<div data-elementor-type=\"wp-page\" data-elementor-id=\"368\" class=\"elementor elementor-368\">\n\t\t\t\t\t\t<section class=\"elementor-section elementor-top-section elementor-element elementor-element-4fc205e elementor-section-boxed elementor-section-height-default elementor-section-height-default\" data-id=\"4fc205e\" data-element_type=\"section\" data-e-type=\"section\">\n\t\t\t\t\t\t<div class=\"elementor-container elementor-column-gap-default\">\n\t\t\t\t\t<div class=\"elementor-column elementor-col-100 elementor-top-column elementor-element elementor-element-3e46050\" data-id=\"3e46050\" data-element_type=\"column\" data-e-type=\"column\">\n\t\t\t<div class=\"elementor-widget-wrap elementor-element-populated\">\n\t\t\t\t\t\t<div class=\"elementor-element elementor-element-2900bc1 elementor-widget elementor-widget-heading\" data-id=\"2900bc1\" data-element_type=\"widget\" data-e-type=\"widget\" data-widget_type=\"heading.default\">\n\t\t\t\t<div class=\"elementor-widget-container\">\n\t\t\t\t\t<h2 class=\"elementor-heading-title elementor-size-default\">Toimintakertomus vuodelta 2024<\/h2>\t\t\t\t<\/div>\n\t\t\t\t<\/div>\n\t\t\t\t\t<\/div>\n\t\t<\/div>\n\t\t\t\t\t<\/div>\n\t\t<\/section>\n\t\t\t\t<section class=\"elementor-section elementor-top-section elementor-element elementor-element-4a8dce7 elementor-section-boxed elementor-section-height-default elementor-section-height-default\" data-id=\"4a8dce7\" data-element_type=\"section\" data-e-type=\"section\">\n\t\t\t\t\t\t<div class=\"elementor-container elementor-column-gap-default\">\n\t\t\t\t\t<div class=\"elementor-column elementor-col-50 elementor-top-column elementor-element elementor-element-400053d\" data-id=\"400053d\" data-element_type=\"column\" data-e-type=\"column\">\n\t\t\t<div class=\"elementor-widget-wrap\">\n\t\t\t\t\t\t\t<\/div>\n\t\t<\/div>\n\t\t\t\t<div class=\"elementor-column elementor-col-50 elementor-top-column elementor-element elementor-element-e49c2a7\" data-id=\"e49c2a7\" data-element_type=\"column\" data-e-type=\"column\">\n\t\t\t<div class=\"elementor-widget-wrap\">\n\t\t\t\t\t\t\t<\/div>\n\t\t<\/div>\n\t\t\t\t\t<\/div>\n\t\t<\/section>\n\t\t\t\t<section class=\"elementor-section elementor-top-section elementor-element elementor-element-e3750db elementor-section-boxed elementor-section-height-default elementor-section-height-default\" data-id=\"e3750db\" data-element_type=\"section\" data-e-type=\"section\">\n\t\t\t\t\t\t<div class=\"elementor-container elementor-column-gap-default\">\n\t\t\t\t\t<div class=\"elementor-column elementor-col-50 elementor-top-column elementor-element elementor-element-c2c4968\" data-id=\"c2c4968\" data-element_type=\"column\" data-e-type=\"column\">\n\t\t\t<div class=\"elementor-widget-wrap elementor-element-populated\">\n\t\t\t\t\t\t<div class=\"elementor-element elementor-element-8de35d7 elementor-widget elementor-widget-text-editor\" data-id=\"8de35d7\" data-element_type=\"widget\" data-e-type=\"widget\" data-widget_type=\"text-editor.default\">\n\t\t\t\t<div class=\"elementor-widget-container\">\n\t\t\t\t\t\t\t\t\t<p><strong>Seuran toiminta-ajatus<\/strong><br \/>Keski-Espoo-seura pyrkii parantamaan toiminta-alueensa viihtyisyytt\u00e4, asuntorakentamisen monipuolisuutta sek\u00e4 alueen yksityist\u00e4 ja julkista palvelutarjontaa vaikuttamalla aktiivisesti kaavoitusasioihin kaupunkikeskuksen (Espoon keskus) ja sen l\u00e4hialueiden erityispiirteet huomioon ottaen. Seura toimii yhteisty\u00f6ss\u00e4 muiden j\u00e4rjest\u00f6jen ja yhteis\u00f6jen kanssa edell\u00e4 mainittujen tavoitteiden saavuttamiseksi.<\/p><p>Lis\u00e4ksi seura toimii kaupunkikeskuksen asukkaiden tietoisuuden lis\u00e4\u00e4miseksi oman asuinalueensa historiasta ja nykytilasta. Asukkaita pyrit\u00e4\u00e4n my\u00f6s sitouttamaan ja juurruttamaan alueelle ja t\u00e4t\u00e4 kautta aktivoimaan mukaan alueen kehitt\u00e4misty\u00f6h\u00f6n.<\/p><p><strong>Keski-Espoo-seuran toiminta ja kannanotot<br \/><\/strong>Keski-Espoo-seura piti s\u00e4\u00e4nt\u00f6m\u00e4\u00e4r\u00e4isen vuosikokouksen 22.4.2024. Johtokunta kokoontui 6 kertaa vuoden aikana.<\/p><p>Keski-Espoo-seura seurasi omalla toiminta-alueella tapahtuvaa asemakaavoitus- ja rakennustoimintaa. Seura on ollut jatkuvasti mukana my\u00f6s Keskuspuiston laajentamista koskevan aloitteen tekemisisess\u00e4. <br \/>Keski-Espoossa on meneill\u00e4\u00e4n useita suuria rakennushankkeita kuten Suviniityn asuinalue, Virastokeskuksen ja Espoontorin laajentamista koskevat hankkeet. Seurassa seurataan Espoolaistentalon rakennussuunnitelmia, Espoonjokeen liittyvi\u00e4 toimenpiteit\u00e4 sek\u00e4 Kannukulman alueeseen liittyvi\u00e4 suunnitelmia. Keski-Espoon alueella on meneill\u00e4\u00e4n my\u00f6s useita kaavoituskohteita kuten Sokinsuonkuja (Sokinsuonkujan liikerakennus, 611520).<\/p><p>Keski-Espoo-seura seurasi my\u00f6s tie- ja katuverkoston kehittymist\u00e4. Huomion kohteena on meneill\u00e4\u00e4n olevan kaupunkiradan rakennusty\u00f6t Espoon keskuksessa. Seura osallistui Espoonjokilaakson virkistysk\u00e4yt\u00f6n lis\u00e4\u00e4miseen t\u00e4ht\u00e4\u00e4vien hankkeiden edist\u00e4miseen. Keski-Espoo-seura ottaa tarvittaessa kantaa hankkeisiin esimerkiksi antamalla lausuntoja. Keski-Espoon Sanomissa esiteltiin my\u00f6s alueella tapahtuvaa rakennus- ja kaavoitustoimintaa.<\/p><p><strong>Keski-Espoo-seuran j\u00e4rjest\u00e4m\u00e4t tapahtumat ja osallistuminen tapahtumiin<\/strong><br \/><br \/>Keski-Espoo-seuran perinteinen luentosarja pidettiin helmikuussa ja maaliskuussa.<br \/><br \/>Luentosarja koostui seuraavista luennoista:<\/p><p><strong>Keski-Espoo-seura j\u00e4rjest\u00e4\u00e4 kev\u00e4\u00e4ll\u00e4 2024 luentosarjan:<\/strong><\/p><p><strong>28.2.2024<\/strong> Terveytt\u00e4 ja hyvinvointia vauvasta vaariin. Mia Laiho, Kansanedustaja, LT, L\u00e4nsi-Uudenmaan aluehallituksen puheenjohtaja<br \/><br \/><strong>6.3.2024<\/strong> J\u00e4\u00e4mist\u00f6suunnittelua (testamentit, lahjat, henkivakuutusten edunsaajam\u00e4\u00e4r\u00e4ykset ja edunvalvontavaltuutus). Taisto Eronen, lakimies, OTM<br \/><br \/><strong>13.3.2024<\/strong> Espoolaisia kartanoita Pirkko Sillanp\u00e4\u00e4, Keski-Espoo-seura.<br \/><br \/><strong>20.3.2024<\/strong> \u201dEspoon keskuksen kehityskuvia\u201d. Espoon keskuksen kehitt\u00e4misprojektin projektijohtaja Mikko Kivinen, Tekninen ja ymp\u00e4rist\u00f6toimi, Espoon kaupunki<br \/><br \/><\/p><p><strong>Seura j\u00e4rjesti Entressen kirjastossa Espoo-p\u00e4iv\u00e4n\u00e4 31.8. seuraavat luennot:<\/strong><\/p><p>Maatilojen Espoo, Esko Uotila, Espoon perinneseura ry<br \/>Espoonjoen ja Kirkkoj\u00e4rven historiasta ja suunnitelmista Erkki Lindell, Pro Espoonjoki ry<\/p><p>Keski-Espoo-seura oli my\u00f6s mukana suunnittelemassa ja toteuttamassa Suvelan asukaspuistossa j\u00e4rjestett\u00e4v\u00e4ss\u00e4 Suvelan basaari -tapahtumassa 14.9.2024.<\/p><p>Espoon tuomioseurakunta j\u00e4rjesti perinteiset SyysMatin Markkinat 21\u201322.9,2024. Keski-Espoo-seuralla oli oma esittelyteltta tapahtumassa.<\/p><p><strong>Keski-Espoo-seuran 35-vuotisjuhla 18.11.2024<\/strong><\/p><p>Keski-Espoo-seura j\u00e4rjesti j\u00e4senilleen ja yhteisty\u00f6kumppaneilleen 35-vuotisjuhlan Lagstadin kotiseututalossa 18.11.2024. <br \/>Ohjelmassa oli Suomen Kotiseutuliiton hallituksen puheenjohtajan Sampo Suihkon ja toimitusjohtaja Ilkka J Karin puheet sek\u00e4 musiikkiesityksi\u00e4 Musiikkiopisto Avoniasta. Sampo Suihko jakoi ansioituneille Keski-Espoo-seuran j\u00e4senille Sisko Koivumaalle, Henri Korhoselle ja Peter Vihralle Suomen Kotiseutuliiton hopeiset ansiomerkit.<\/p><p>Keski-Espoo-seurasta on osallistuttu my\u00f6s Espoon kaupungin ja Suomen Kotiseutuliiton yhdistyksille suunnattuihin ty\u00f6pajoihin. Seura osallistui my\u00f6s Espoon kaupungin kulttuuritoimen j\u00e4rjest\u00e4miin ty\u00f6pajoihin. Keski-Espoo-seuran hallituksen j\u00e4seni\u00e4 on mukana monissa Keski-Espoon aluetta koskevien hankkeiden suunnittelussa. Hallituksen j\u00e4senet Henri Korhonen ja Rainer Lahti ovat mukana Pro Espoonjoen hallituksessa. <\/p><p>\u00a0<\/p><p>\u00a0<\/p><p>\u00a0<\/p><p>\u00a0<\/p>\t\t\t\t\t\t\t\t<\/div>\n\t\t\t\t<\/div>\n\t\t\t\t\t<\/div>\n\t\t<\/div>\n\t\t\t\t<div class=\"elementor-column elementor-col-50 elementor-top-column elementor-element elementor-element-099d7d3\" data-id=\"099d7d3\" data-element_type=\"column\" data-e-type=\"column\">\n\t\t\t<div class=\"elementor-widget-wrap elementor-element-populated\">\n\t\t\t\t\t\t<div class=\"elementor-element elementor-element-563cded elementor-widget elementor-widget-text-editor\" data-id=\"563cded\" data-element_type=\"widget\" data-e-type=\"widget\" data-widget_type=\"text-editor.default\">\n\t\t\t\t<div class=\"elementor-widget-container\">\n\t\t\t\t\t\t\t\t\t<p><strong>Keski-Espoo-seuran julkaisutoiminta<\/strong> <\/p><p><strong>Keski-Espoon Sanomat<br \/><\/strong>Keski-Espoon Sanomat ilmestyi 4 kertaa vuonna 2024. Keski-Espoon Sanomien painosm\u00e4\u00e4r\u00e4 oli 20 000 kpl. Lehti jaettiin kaikkiin seuran toiminta-alueen ja sen reunavy\u00f6hykkeiden talouksiin luukkujakeluna. Sanomilla on Entressen kirjastossa ja Espoontorilla oma jakelupiste. Lehden rahoitus perustuu Espoon kaupungilta saatuun avustukseen ja yrityksilt\u00e4 saatuihin ilmoitusmyyntituloihin. <br \/>Vuonna 2021 Keski-Espoon Sanomista aloitettiin julkaisemaan my\u00f6s digiversiota, joka on luettavissa osoitteessa <a href=\"https:\/\/issuu.com\/keski-espoon-sanomat\/docs\/\" target=\"_blank\" rel=\"noopener\">https:\/\/issuu.com\/keski-espoon-sanomat\/docs\/<\/a><\/p><p><strong>Keski-Espoo-seuran julkaisemat historiikit ja postikortit<br \/><\/strong>Keski-Espoo \u2013seuran vuonna 2017 julkaisema historiikki \u201dKeski-Espoo 45 vuotta osana kaupunkia\u201d oli myynniss\u00e4 Talomuseo Glimsiss\u00e4. Historiikissa k\u00e4sitell\u00e4\u00e4n Espoon keskuksen monimuotoista kehityksest\u00e4 1970-luvulta nykyp\u00e4iv\u00e4\u00e4n. Historiikissa valotetaan Espoon keskuksen nopeaa kehityst\u00e4 kantatiloista monikulttuuriseksi kaupungin keskukseksi. Seuran aikaisemmin julkaisemat historiikit \u201dKeski-Espoo \u2013 Kivikauden kyl\u00e4st\u00e4 kaupunkikeskukseksi\u201d ja \u201dKartanoita ja huviloita Keski-Espoossa\u201d ovat loppuunmyytyj\u00e4. Vanhoja seuran painattamia postikortteja jaettiin tapahtumissa.<\/p><p><strong>Keski-Espoo-seuran kotisivut<br \/><\/strong>Oman lehden lis\u00e4ksi tiedottamisessa k\u00e4ytet\u00e4\u00e4n seuran www-sivuja osoitteessa: https:\/\/www.keskiespooseura.fi\/ Kotis Keski-Espoo-seuran sivuilla on laajasti esitelty Keski-Espoon historiaa. Seuran kotisivuilla ilmoitetaan seuran oman tiedottamisen lis\u00e4ksi my\u00f6s muiden alueella toimivien yhdistysten ja Espoon kaupungin tapahtumista. Kotisivuilla on my\u00f6s Keski-Espoon Sanomien vuosikertoja ja viimeisimm\u00e4t ilmestyneet lehdet sek\u00e4 j\u00e4sentiedoteet. <br \/>Keski-Espoo-seuran vuonna 2023 tekem\u00e4 Kiltakallion kaupunkipolku on n\u00e4ht\u00e4viss\u00e4 osoiitteessa:\u00a0emuseo.fi\/kiltakalliojasuvela.<\/p><p><strong>Talous ja j\u00e4senist\u00f6<br \/><\/strong>Toimintansa rahoittamiseksi seura ker\u00e4\u00e4 vuosittain j\u00e4senmaksun henkil\u00f6- ja yhteis\u00f6j\u00e4senilt\u00e4\u00e4n ja hakee avustuksia eri tahoilta, ensi sijassa Espoon kaupungilta. Yrityksilt\u00e4 saatavat ilmoitustulot ovat t\u00e4rke\u00e4 tulol\u00e4hde seuran toiminnalle. Julkaisutoiminnan mahdollinen tuotto k\u00e4ytet\u00e4\u00e4n seuran yleisen ja julkaisutoiminnan kehitt\u00e4miseen. Taloutta pyrittiin eri keinoin vahvistamaan, jotta toiminta ja Keski-Espoon Sanomien julkaiseminen olisi mahdollista.<br \/>J\u00e4senmaksut p\u00e4\u00e4tettiin pit\u00e4\u00e4 ennallaan: henkil\u00f6j\u00e4sen 15 \u20ac, saman perheen muut j\u00e4senet 5 \u20ac, el\u00e4kel\u00e4iset 10 \u20ac ja kannatusj\u00e4senet 50 \u20ac. Seuran j\u00e4senm\u00e4\u00e4r\u00e4\u00e4 pyrittiin kasvattamaan esittelem\u00e4ll\u00e4 seuran toimintaa mahdollisuuksien mukaan eri yhteyksiss\u00e4.<br \/><br \/><strong>Yhteisty\u00f6kumppanit<br \/><\/strong>Keski-Espoo-seura teki yhteisty\u00f6t\u00e4 monien eri tahojen kanssa. Yhteisty\u00f6t\u00e4 tehtiin Pro Espoonjoki ry:n kanssa. Johtokunnan j\u00e4sen Henri Korhonen oli mukana em. yhdistysten toiminnassa. Seura teki yhteisty\u00f6t\u00e4 monien Espoon keskuksen alueella toimivien yhdistysten kuten Keski-Espoon seniorien ja Esbo Hembygdsf\u00f6rening rf:n kanssa. Yhdistykset saivat ilmoittaa toiminnastaan Keski-Espoon Sanomissa. Yhteisty\u00f6t\u00e4 tehtiin my\u00f6s Helin\u00e4 Rautavaaran museon kanssa. Seura on j\u00e4senen\u00e4 Espoon Kaupunginosayhdistysten Liitossa (EKYL) ja Suomen Kotiseutuliitossa.<\/p><p>T\u00e4rkeit\u00e4 yhteisty\u00f6kumppaneita olivat ilmoituksia lehteen antaneet yritt\u00e4j\u00e4t, Espoon tuomioseurakunta ja Espoon kaupunki. Keski-Espoon Sanomissa pyrit\u00e4\u00e4n mahdollisuuksien mukaan esittelem\u00e4\u00e4n Keski-Espoon alueella toimivien eri alojen yritt\u00e4ji\u00e4.<\/p><p><strong>Keski-Espoo \u2013seuran tila<\/strong><br \/>Keski-Espoo-seuralla on ollut vuokrattuna maaliskuusta 2022 l\u00e4htien pieni varastohuone Lagstadin Kotiseututalossa. Seura on yritt\u00e4nyt jatkuvasti saada k\u00e4ytt\u00f6\u00f6ns\u00e4 suuremman tilan, jossa yhdistys voisi j\u00e4rjest\u00e4\u00e4 tapahtumia ja ty\u00f6pajoja.<\/p><p>T\u00e4ss\u00e4 jo ilmestyneet lehdet vuodelta 2024:<br \/><a href=\"https:\/\/indd.adobe.com\/view\/dd50fed0-4123-483a-a14b-d306bbc9c386\" target=\"_blank\" rel=\"noopener\">Keski-Espoon Sanomat_1<\/a><br \/><a href=\"https:\/\/indd.adobe.com\/view\/dd50fed0-4123-483a-a14b-d306bbc9c386\" target=\"_blank\" rel=\"noopener\">Keski-Espoon Sanomat_2<\/a><br \/><a href=\"https:\/\/indd.adobe.com\/view\/75aef95b-a4e2-42c8-adee-0b0de8119a72\" target=\"_blank\" rel=\"noopener\">Keski-Espoon Sanomat 3<\/a><br \/><a href=\"https:\/\/indd.adobe.com\/view\/6d4ec517-0ae4-4403-afb7-a6b1689ed555\" target=\"_blank\" rel=\"noopener\">Keski-Espoon Sanomat 4<\/a><\/p><p>\u00a0<\/p>\t\t\t\t\t\t\t\t<\/div>\n\t\t\t\t<\/div>\n\t\t\t\t\t<\/div>\n\t\t<\/div>\n\t\t\t\t\t<\/div>\n\t\t<\/section>\n\t\t\t\t<\/div>\n\t\t","protected":false},"excerpt":{"rendered":"<p>Toimintakertomus vuodelta 2024 Seuran toiminta-ajatusKeski-Espoo-seura pyrkii parantamaan toiminta-alueensa viihtyisyytt\u00e4, asuntorakentamisen monipuolisuutta sek\u00e4 alueen yksityist\u00e4 ja julkista palvelutarjontaa vaikuttamalla aktiivisesti kaavoitusasioihin kaupunkikeskuksen (Espoon keskus) ja sen l\u00e4hialueiden erityispiirteet huomioon ottaen. Seura toimii yhteisty\u00f6ss\u00e4 muiden j\u00e4rjest\u00f6jen ja yhteis\u00f6jen kanssa edell\u00e4 mainittujen tavoitteiden saavuttamiseksi. Lis\u00e4ksi seura toimii kaupunkikeskuksen asukkaiden tietoisuuden lis\u00e4\u00e4miseksi oman asuinalueensa historiasta ja nykytilasta. Asukkaita pyrit\u00e4\u00e4n [&hellip;]<\/p>\n","protected":false},"author":2,"featured_media":0,"parent":0,"menu_order":0,"comment_status":"closed","ping_status":"closed","template":"elementor_header_footer","meta":{"footnotes":""},"class_list":["post-368","page","type-page","status-publish","hentry"],"_links":{"self":[{"href":"https:\/\/keskiespooseura.fi\/index.php?rest_route=\/wp\/v2\/pages\/368","targetHints":{"allow":["GET"]}}],"collection":[{"href":"https:\/\/keskiespooseura.fi\/index.php?rest_route=\/wp\/v2\/pages"}],"about":[{"href":"https:\/\/keskiespooseura.fi\/index.php?rest_route=\/wp\/v2\/types\/page"}],"author":[{"embeddable":true,"href":"https:\/\/keskiespooseura.fi\/index.php?rest_route=\/wp\/v2\/users\/2"}],"replies":[{"embeddable":true,"href":"https:\/\/keskiespooseura.fi\/index.php?rest_route=%2Fwp%2Fv2%2Fcomments&post=368"}],"version-history":[{"count":71,"href":"https:\/\/keskiespooseura.fi\/index.php?rest_route=\/wp\/v2\/pages\/368\/revisions"}],"predecessor-version":[{"id":1718,"href":"https:\/\/keskiespooseura.fi\/index.php?rest_route=\/wp\/v2\/pages\/368\/revisions\/1718"}],"wp:attachment":[{"href":"https:\/\/keskiespooseura.fi\/index.php?rest_route=%2Fwp%2Fv2%2Fmedia&parent=368"}],"curies":[{"name":"wp","href":"https:\/\/api.w.org\/{rel}","templated":true}]}}