{"id":384,"date":"2023-03-07T14:49:44","date_gmt":"2023-03-07T12:49:44","guid":{"rendered":"https:\/\/uusisivu.keskiespooseura.fi\/?page_id=384"},"modified":"2026-04-14T10:41:50","modified_gmt":"2026-04-14T07:41:50","slug":"jasentiedote","status":"publish","type":"page","link":"https:\/\/keskiespooseura.fi\/?page_id=384","title":{"rendered":"J\u00e4sentiedote"},"content":{"rendered":"\t\t<div data-elementor-type=\"wp-page\" data-elementor-id=\"384\" class=\"elementor elementor-384\">\n\t\t\t\t\t\t<section class=\"elementor-section elementor-top-section elementor-element elementor-element-6785b86 elementor-section-boxed elementor-section-height-default elementor-section-height-default\" data-id=\"6785b86\" data-element_type=\"section\" data-e-type=\"section\">\n\t\t\t\t\t\t<div class=\"elementor-container elementor-column-gap-default\">\n\t\t\t\t\t<div class=\"elementor-column elementor-col-50 elementor-top-column elementor-element elementor-element-ad382ef\" data-id=\"ad382ef\" data-element_type=\"column\" data-e-type=\"column\">\n\t\t\t<div class=\"elementor-widget-wrap\">\n\t\t\t\t\t\t\t<\/div>\n\t\t<\/div>\n\t\t\t\t<div class=\"elementor-column elementor-col-50 elementor-top-column elementor-element elementor-element-3b0b889\" data-id=\"3b0b889\" data-element_type=\"column\" data-e-type=\"column\">\n\t\t\t<div class=\"elementor-widget-wrap\">\n\t\t\t\t\t\t\t<\/div>\n\t\t<\/div>\n\t\t\t\t\t<\/div>\n\t\t<\/section>\n\t\t\t\t<section class=\"elementor-section elementor-top-section elementor-element elementor-element-69cfe27 elementor-section-boxed elementor-section-height-default elementor-section-height-default\" data-id=\"69cfe27\" data-element_type=\"section\" data-e-type=\"section\">\n\t\t\t\t\t\t<div class=\"elementor-container elementor-column-gap-default\">\n\t\t\t\t\t<div class=\"elementor-column elementor-col-50 elementor-top-column elementor-element elementor-element-edc7b76\" data-id=\"edc7b76\" data-element_type=\"column\" data-e-type=\"column\">\n\t\t\t<div class=\"elementor-widget-wrap elementor-element-populated\">\n\t\t\t\t\t\t<div class=\"elementor-element elementor-element-8c3bf44 elementor-widget elementor-widget-heading\" data-id=\"8c3bf44\" data-element_type=\"widget\" data-e-type=\"widget\" data-widget_type=\"heading.default\">\n\t\t\t\t<div class=\"elementor-widget-container\">\n\t\t\t\t\t<h2 class=\"elementor-heading-title elementor-size-default\">J\u00e4sentiedote Huhtikuu 2026<\/h2>\t\t\t\t<\/div>\n\t\t\t\t<\/div>\n\t\t\t\t<div class=\"elementor-element elementor-element-4188c5f elementor-widget elementor-widget-text-editor\" data-id=\"4188c5f\" data-element_type=\"widget\" data-e-type=\"widget\" data-widget_type=\"text-editor.default\">\n\t\t\t\t<div class=\"elementor-widget-container\">\n\t\t\t\t\t\t\t\t\t<p>Keski-Espoo-seura on ker\u00e4nnyt j\u00e4senmaksuja vuoden 2026 alkupuolella. Keski-Espoo-seura toivoo, ett\u00e4 j\u00e4senmaksu suoritetaan huhtikuun loppuun menness\u00e4. J\u00e4seneksi voi liitty\u00e4 my\u00f6s kotisivuilla ja Keski-Espoon Sanomissa olevien tietojen kautta.<\/p><p>J\u00e4senmaksut p\u00e4\u00e4tettiin 24.4.2025 pidetyss\u00e4 vuosikokouksessa. J\u00e4senmaksu on 15 \u20ac, saman perheen muilta j\u00e4senilt\u00e4 5 \u20ac, el\u00e4kel\u00e4isilt\u00e4 10 \u20ac ja kannattajaj\u00e4senilt\u00e4 50 \u20ac. Tilisiirron VIESTI-kohtaan kirjoitetaan nimi ja osoite tai s\u00e4hk\u00f6postiosoite. N\u00e4in voimme l\u00e4hett\u00e4\u00e4 seuran tiedotteita j\u00e4senille. J\u00e4senasioista ja tapahtumista on seuran kotisivuilla osoitteessa:\u00a0 <a href=\"https:\/\/www.keskiespooseura.fi\/\">https:\/\/www.keskiespooseura.fi\/<\/a><\/p><p>Keski-Espoo-seura j\u00e4rjest\u00e4\u00e4 kev\u00e4\u00e4n aikana perinteisen luentosarjan Entressen kirjaston Sinisess\u00e4 huoneessa Siltakatu 11, 02770 Espoo. Luentosarja on jo alkanut ja ilmoitettu 25.3 2026 ilmestyneess\u00e4 Keski-Espoon Sanomissa. Luentosarja on n\u00e4ht\u00e4vill\u00e4 my\u00f6s seuran kotisivuilla.<\/p><p>Keski-Espoo-seuran vuosikokous pidet\u00e4\u00e4n <strong>tiistaina 28.4.2026 klo 18 Koulumuseo Lagstadissa, <\/strong>Vanha Lagstadintie 4. Kokouskutsu on my\u00f6s kotisivuilla.<br \/><br \/><\/p><p><strong>Keski-Espoon Sanomat 2\/2026<\/strong><\/p><p>Seuraava lehti ilmestyy <strong>20.5. ja DL on 3.5.2026<\/strong><\/p><p><strong>Keski-Espoo-seuran vuosikokouksessa 24.4.2025 johtokuntaan valittiin j\u00e4seniksi:<\/strong>\u00a0 \u00a0 \u00a0 \u00a0 \u00a0 \u00a0 \u00a0 \u00a0 \u00a0 \u00a0 <br \/><br \/>Pirkko Sillanp\u00e4\u00e4, puheenjohtaja,\u00a0 <a href=\"mailto:pirkko.h.sillanpaa@gmail.com\">pirkko.h.sillanpaa@gmail.com<\/a>,<br \/>p. 0440466002\u00a0<br \/><br \/>Kari R\u00e4ty, varapuheenjohtaja,\u00a0 <a href=\"mailto:kari.t.raty55@gmail.com\">kari.t.raty55@gmail.com<\/a>,<br \/>p. 050 491 3991\u00a0\u00a0\u00a0\u00a0\u00a0\u00a0\u00a0\u00a0\u00a0<\/p><p>Henri Korhonen, <a href=\"mailto:henri.m.korhonen@gmail.com\">henri.m.korhonen@gmail.com<\/a>, <br \/>040 5847134\u00a0\u00a0\u00a0<\/p><p>Rainer Lahti,<br \/><a href=\"mailto:rainer.lahti@saunalahti.fi\">rainer.lahti@saunalahti.fi<\/a>.,<br \/>050 3622054\u00a0\u00a0\u00a0\u00a0\u00a0\u00a0\u00a0\u00a0\u00a0\u00a0\u00a0\u00a0\u00a0\u00a0\u00a0\u00a0\u00a0\u00a0\u00a0\u00a0<br \/>\u00a0 \u00a0 \u00a0 \u00a0 \u00a0 \u00a0 \u00a0 \u00a0 \u00a0 \u00a0 \u00a0 \u00a0 \u00a0 \u00a0 \u00a0 \u00a0 \u00a0 \u00a0 \u00a0 \u00a0 \u00a0 \u00a0 \u00a0 \u00a0 \u00a0 \u00a0 \u00a0 \u00a0 \u00a0 \u00a0 \u00a0 \u00a0 \u00a0 \u00a0 \u00a0 \u00a0 \u00a0 \u00a0 \u00a0 \u00a0 \u00a0 \u00a0 \u00a0 \u00a0 \u00a0 \u00a0 \u00a0 \u00a0 \u00a0 \u00a0 \u00a0 \u00a0<\/p>\t\t\t\t\t\t\t\t<\/div>\n\t\t\t\t<\/div>\n\t\t\t\t<div class=\"elementor-element elementor-element-036b1bf elementor-widget elementor-widget-heading\" data-id=\"036b1bf\" data-element_type=\"widget\" data-e-type=\"widget\" data-widget_type=\"heading.default\">\n\t\t\t\t<div class=\"elementor-widget-container\">\n\t\t\t\t\t<h2 class=\"elementor-heading-title elementor-size-default\">Keski-Espoon Sanomat ilmestymisajat vuonna 2026     <\/h2>\t\t\t\t<\/div>\n\t\t\t\t<\/div>\n\t\t\t\t<div class=\"elementor-element elementor-element-5b4ea5c elementor-widget elementor-widget-text-editor\" data-id=\"5b4ea5c\" data-element_type=\"widget\" data-e-type=\"widget\" data-widget_type=\"text-editor.default\">\n\t\t\t\t<div class=\"elementor-widget-container\">\n\t\t\t\t\t\t\t\t\t<p><strong>\u00a0 \u00a0 \u00a0 \u00a0 \u00a0 \u00a0 \u00a0 \u00a0 \u00a0 Ilmestyy\u00a0 \u00a0 \u00a0 \u00a0 \u00a0 \u00a0 \u00a0DL<\/strong> <br \/>1\/2026\u00a0 \u00a0 \u00a025.03.2026\u00a0 \u00a0 \u00a0 \u00a0 08.03.2026<br \/>2\/2026\u00a0 \u00a0 \u00a020.05.2026\u00a0 \u00a0 \u00a0 \u00a0 03.05.2026 <br \/>3\/2026\u00a0 \u00a0 \u00a009.09.2026\u00a0 \u00a0 \u00a0 \u00a0 23.08.2026 <br \/>4\/2026\u00a0 \u00a0 \u00a009.12.2026\u00a0 \u00a0 \u00a0 \u00a022.11.2026 <br \/><br \/><br \/><br \/><\/p>\t\t\t\t\t\t\t\t<\/div>\n\t\t\t\t<\/div>\n\t\t\t\t\t<\/div>\n\t\t<\/div>\n\t\t\t\t<div class=\"elementor-column elementor-col-50 elementor-top-column elementor-element elementor-element-aa4cebc\" data-id=\"aa4cebc\" data-element_type=\"column\" data-e-type=\"column\">\n\t\t\t<div class=\"elementor-widget-wrap elementor-element-populated\">\n\t\t\t\t\t\t<div class=\"elementor-element elementor-element-7c8642b elementor-widget elementor-widget-text-editor\" data-id=\"7c8642b\" data-element_type=\"widget\" data-e-type=\"widget\" data-widget_type=\"text-editor.default\">\n\t\t\t\t<div class=\"elementor-widget-container\">\n\t\t\t\t\t\t\t\t\t<p><strong>Otamme vastaan juttuja ja ilmoituksia alueeltamme.<\/strong><\/p><p>Keski-Espooseen liittyv\u00e4\u00e4 aineistoa vied\u00e4\u00e4n my\u00f6s Keski-Espoo-seuran omille kotisivuille, https:\/\/www.keskiespooseura.fi\/ . Juttuja ja haastattelupyynt\u00f6j\u00e4 voi l\u00e4hett\u00e4\u00e4 p\u00e4\u00e4toimittajalle tai johtokunnan j\u00e4senille. Keski-Espoon Sanomista tehd\u00e4\u00e4n my\u00f6s digiversio, joka on luettavissa osoitteessa https:\/\/indd.adobe.com\/view\/1397cc51-8de2-448c-9e45-ad7a826ecc49<\/p><p><strong>J\u00e4senmaksut<\/strong><\/p><p>Keski-Espoo-seura l\u00e4hett\u00e4\u00e4 j\u00e4senmaksulomakkeita joko s\u00e4hk\u00f6postilla tai postitse alkuvuodesta 2026. J\u00e4senmaksu on 15 \u20ac, saman perheen muilta j\u00e4senilt\u00e4 5 \u20ac, el\u00e4kel\u00e4isilt\u00e4 10 \u20ac ja kannattajaj\u00e4senilt\u00e4 50 \u20ac. Kirjoita tilisiirron VIESTI-kohtaan nimesi, osoitteesi ja mahdollinen s\u00e4hk\u00f6postiosoitteesi. N\u00e4in voimme l\u00e4hett\u00e4\u00e4 seuran tiedotteita j\u00e4senelle. J\u00e4senasioista on seuran kotisivuilla ja osoitteessa: jasenasiat(at)keskiespooseura.fi<\/p><p>Keski-Espoo-seuran s\u00e4\u00e4nn\u00f6t p\u00e4ivitettiin kev\u00e4\u00e4ll\u00e4 2024 ja uudet s\u00e4\u00e4nn\u00f6t tulivat voimaan 9.4.2024. Uusien s\u00e4\u00e4nt\u00f6jen mukaan seura pit\u00e4\u00e4 vuosittain vain vuosikokouksen.<\/p><p><strong>Liity Keski-Espoo-seuran j\u00e4seneksi ja tue seuran toimintaa.<\/strong><\/p>\t\t\t\t\t\t\t\t<\/div>\n\t\t\t\t<\/div>\n\t\t\t\t\t<\/div>\n\t\t<\/div>\n\t\t\t\t\t<\/div>\n\t\t<\/section>\n\t\t\t\t<\/div>\n\t\t","protected":false},"excerpt":{"rendered":"<p>J\u00e4sentiedote Huhtikuu 2026 Keski-Espoo-seura on ker\u00e4nnyt j\u00e4senmaksuja vuoden 2026 alkupuolella. Keski-Espoo-seura toivoo, ett\u00e4 j\u00e4senmaksu suoritetaan huhtikuun loppuun menness\u00e4. J\u00e4seneksi voi liitty\u00e4 my\u00f6s kotisivuilla ja Keski-Espoon Sanomissa olevien tietojen kautta. J\u00e4senmaksut p\u00e4\u00e4tettiin 24.4.2025 pidetyss\u00e4 vuosikokouksessa. J\u00e4senmaksu on 15 \u20ac, saman perheen muilta j\u00e4senilt\u00e4 5 \u20ac, el\u00e4kel\u00e4isilt\u00e4 10 \u20ac ja kannattajaj\u00e4senilt\u00e4 50 \u20ac. Tilisiirron VIESTI-kohtaan kirjoitetaan nimi [&hellip;]<\/p>\n","protected":false},"author":2,"featured_media":0,"parent":0,"menu_order":0,"comment_status":"closed","ping_status":"closed","template":"elementor_header_footer","meta":{"footnotes":""},"class_list":["post-384","page","type-page","status-publish","hentry"],"_links":{"self":[{"href":"https:\/\/keskiespooseura.fi\/index.php?rest_route=\/wp\/v2\/pages\/384","targetHints":{"allow":["GET"]}}],"collection":[{"href":"https:\/\/keskiespooseura.fi\/index.php?rest_route=\/wp\/v2\/pages"}],"about":[{"href":"https:\/\/keskiespooseura.fi\/index.php?rest_route=\/wp\/v2\/types\/page"}],"author":[{"embeddable":true,"href":"https:\/\/keskiespooseura.fi\/index.php?rest_route=\/wp\/v2\/users\/2"}],"replies":[{"embeddable":true,"href":"https:\/\/keskiespooseura.fi\/index.php?rest_route=%2Fwp%2Fv2%2Fcomments&post=384"}],"version-history":[{"count":190,"href":"https:\/\/keskiespooseura.fi\/index.php?rest_route=\/wp\/v2\/pages\/384\/revisions"}],"predecessor-version":[{"id":2043,"href":"https:\/\/keskiespooseura.fi\/index.php?rest_route=\/wp\/v2\/pages\/384\/revisions\/2043"}],"wp:attachment":[{"href":"https:\/\/keskiespooseura.fi\/index.php?rest_route=%2Fwp%2Fv2%2Fmedia&parent=384"}],"curies":[{"name":"wp","href":"https:\/\/api.w.org\/{rel}","templated":true}]}}