{"id":39,"date":"2023-03-01T12:48:40","date_gmt":"2023-03-01T10:48:40","guid":{"rendered":"https:\/\/uusisivu.keskiespooseura.fi\/?page_id=39"},"modified":"2023-03-07T13:42:07","modified_gmt":"2023-03-07T11:42:07","slug":"jasenlomake","status":"publish","type":"page","link":"https:\/\/keskiespooseura.fi\/?page_id=39","title":{"rendered":"J\u00e4senlomake"},"content":{"rendered":"\t\t<div data-elementor-type=\"wp-page\" data-elementor-id=\"39\" class=\"elementor elementor-39\">\n\t\t\t\t\t\t<section class=\"elementor-section elementor-top-section elementor-element elementor-element-6c4bccd elementor-section-boxed elementor-section-height-default elementor-section-height-default\" data-id=\"6c4bccd\" data-element_type=\"section\" data-e-type=\"section\">\n\t\t\t\t\t\t<div class=\"elementor-container elementor-column-gap-default\">\n\t\t\t\t\t<div class=\"elementor-column elementor-col-50 elementor-top-column elementor-element elementor-element-6ec8c2f\" data-id=\"6ec8c2f\" data-element_type=\"column\" data-e-type=\"column\">\n\t\t\t<div class=\"elementor-widget-wrap elementor-element-populated\">\n\t\t\t\t\t\t<div class=\"elementor-element elementor-element-25c82aa elementor-widget elementor-widget-heading\" data-id=\"25c82aa\" data-element_type=\"widget\" data-e-type=\"widget\" data-widget_type=\"heading.default\">\n\t\t\t\t<div class=\"elementor-widget-container\">\n\t\t\t\t\t<h2 class=\"elementor-heading-title elementor-size-default\">Tervetuloa j\u00e4seneksi!<\/h2>\t\t\t\t<\/div>\n\t\t\t\t<\/div>\n\t\t\t\t<div class=\"elementor-element elementor-element-eb145bf elementor-widget elementor-widget-text-editor\" data-id=\"eb145bf\" data-element_type=\"widget\" data-e-type=\"widget\" data-widget_type=\"text-editor.default\">\n\t\t\t\t<div class=\"elementor-widget-container\">\n\t\t\t\t\t\t\t\t\t<p><strong>Tule mukaan Keski-Espoo -seuran toimintaan ja vaikuttamaan Keski-Espoon kehitykseen.<\/strong><br \/><br \/>Maksa j\u00e4senmaksu tilille <strong>Nordea FI82 1428 3000 1807 58<\/strong><br \/>\u00a0<br \/><strong>J\u00e4senmaksut:<\/strong><br \/>Seuran j\u00e4senmaksu on 15 \u20ac ja saman perheen muilta j\u00e4senilt\u00e4 5 \u20ac,<br \/>el\u00e4kel\u00e4isilt\u00e4 10 \u20ac ja kannattajaj\u00e4senilt\u00e4 50 \u20ac.<br \/><br \/>Kirjoita tilisiirron VIESTI-kohtaan alla olevat tiedot, jotta tied\u00e4mme kenelt\u00e4 maksu on tullut.<br \/><br \/>S\u00e4hk\u00f6posti<br \/>Katuosoite\u2028<br \/>Postinumero<br \/>\u2028Sukunimi\u2028<br \/>Etunimi<br \/><br \/>J\u00e4senyytt\u00e4 koskevissa kysymyksiss\u00e4 palvelee osoite: \u2028jasenasiat@keskiespooseura.fi<br \/>\u00a0<br \/>Liittym\u00e4ll\u00e4 Keski-Espoo -seuran s\u00e4hk\u00f6postilistalle saat pari kertaa vuodessa seuran tiedotteen.<br \/><br \/><br \/><\/p><p>\u00a0<\/p>\t\t\t\t\t\t\t\t<\/div>\n\t\t\t\t<\/div>\n\t\t\t\t\t<\/div>\n\t\t<\/div>\n\t\t\t\t<div class=\"elementor-column elementor-col-50 elementor-top-column elementor-element elementor-element-8c54e66\" data-id=\"8c54e66\" data-element_type=\"column\" data-e-type=\"column\">\n\t\t\t<div class=\"elementor-widget-wrap elementor-element-populated\">\n\t\t\t\t\t\t<div class=\"elementor-element elementor-element-4e0fa3c elementor-widget elementor-widget-image\" data-id=\"4e0fa3c\" data-element_type=\"widget\" data-e-type=\"widget\" data-widget_type=\"image.default\">\n\t\t\t\t<div class=\"elementor-widget-container\">\n\t\t\t\t\t\t\t\t\t\t\t\t\t\t\t<img fetchpriority=\"high\" decoding=\"async\" width=\"300\" height=\"250\" src=\"https:\/\/keskiespooseura.fi\/wp-content\/uploads\/2023\/03\/tervetuloa-jaseneksi-300x250.png\" class=\"attachment-medium size-medium wp-image-321\" alt=\"\" srcset=\"https:\/\/keskiespooseura.fi\/wp-content\/uploads\/2023\/03\/tervetuloa-jaseneksi-300x250.png 300w, https:\/\/keskiespooseura.fi\/wp-content\/uploads\/2023\/03\/tervetuloa-jaseneksi.png 567w\" sizes=\"(max-width: 300px) 100vw, 300px\" \/>\t\t\t\t\t\t\t\t\t\t\t\t\t\t\t<\/div>\n\t\t\t\t<\/div>\n\t\t\t\t\t<\/div>\n\t\t<\/div>\n\t\t\t\t\t<\/div>\n\t\t<\/section>\n\t\t\t\t<\/div>\n\t\t","protected":false},"excerpt":{"rendered":"<p>Tervetuloa j\u00e4seneksi! Tule mukaan Keski-Espoo -seuran toimintaan ja vaikuttamaan Keski-Espoon kehitykseen. Maksa j\u00e4senmaksu tilille Nordea FI82 1428 3000 1807 58\u00a0J\u00e4senmaksut:Seuran j\u00e4senmaksu on 15 \u20ac ja saman perheen muilta j\u00e4senilt\u00e4 5 \u20ac,el\u00e4kel\u00e4isilt\u00e4 10 \u20ac ja kannattajaj\u00e4senilt\u00e4 50 \u20ac. Kirjoita tilisiirron VIESTI-kohtaan alla olevat tiedot, jotta tied\u00e4mme kenelt\u00e4 maksu on tullut. S\u00e4hk\u00f6postiKatuosoite\u2028Postinumero\u2028Sukunimi\u2028Etunimi J\u00e4senyytt\u00e4 koskevissa kysymyksiss\u00e4 palvelee osoite: [&hellip;]<\/p>\n","protected":false},"author":2,"featured_media":0,"parent":0,"menu_order":0,"comment_status":"closed","ping_status":"closed","template":"elementor_header_footer","meta":{"footnotes":""},"class_list":["post-39","page","type-page","status-publish","hentry"],"_links":{"self":[{"href":"https:\/\/keskiespooseura.fi\/index.php?rest_route=\/wp\/v2\/pages\/39","targetHints":{"allow":["GET"]}}],"collection":[{"href":"https:\/\/keskiespooseura.fi\/index.php?rest_route=\/wp\/v2\/pages"}],"about":[{"href":"https:\/\/keskiespooseura.fi\/index.php?rest_route=\/wp\/v2\/types\/page"}],"author":[{"embeddable":true,"href":"https:\/\/keskiespooseura.fi\/index.php?rest_route=\/wp\/v2\/users\/2"}],"replies":[{"embeddable":true,"href":"https:\/\/keskiespooseura.fi\/index.php?rest_route=%2Fwp%2Fv2%2Fcomments&post=39"}],"version-history":[{"count":7,"href":"https:\/\/keskiespooseura.fi\/index.php?rest_route=\/wp\/v2\/pages\/39\/revisions"}],"predecessor-version":[{"id":327,"href":"https:\/\/keskiespooseura.fi\/index.php?rest_route=\/wp\/v2\/pages\/39\/revisions\/327"}],"wp:attachment":[{"href":"https:\/\/keskiespooseura.fi\/index.php?rest_route=%2Fwp%2Fv2%2Fmedia&parent=39"}],"curies":[{"name":"wp","href":"https:\/\/api.w.org\/{rel}","templated":true}]}}