{"id":7,"date":"2023-03-01T11:50:58","date_gmt":"2023-03-01T09:50:58","guid":{"rendered":"https:\/\/uusisivu.keskiespooseura.fi\/?page_id=7"},"modified":"2026-04-14T10:46:03","modified_gmt":"2026-04-14T07:46:03","slug":"etusivu","status":"publish","type":"page","link":"https:\/\/keskiespooseura.fi\/","title":{"rendered":"Etusivu"},"content":{"rendered":"\t\t<div data-elementor-type=\"wp-page\" data-elementor-id=\"7\" class=\"elementor elementor-7\">\n\t\t\t\t\t\t<section class=\"elementor-section elementor-top-section elementor-element elementor-element-c2d89ee elementor-section-height-min-height elementor-section-content-middle elementor-section-boxed elementor-section-height-default elementor-section-items-middle\" data-id=\"c2d89ee\" data-element_type=\"section\" data-e-type=\"section\" data-settings=\"{&quot;background_background&quot;:&quot;slideshow&quot;,&quot;background_slideshow_gallery&quot;:[{&quot;id&quot;:82,&quot;url&quot;:&quot;https:\\\/\\\/uusisivu.keskiespooseura.fi\\\/wp-content\\\/uploads\\\/2023\\\/03\\\/kuva-a.png&quot;},{&quot;id&quot;:83,&quot;url&quot;:&quot;https:\\\/\\\/uusisivu.keskiespooseura.fi\\\/wp-content\\\/uploads\\\/2023\\\/03\\\/kuva-b.png&quot;},{&quot;id&quot;:84,&quot;url&quot;:&quot;https:\\\/\\\/uusisivu.keskiespooseura.fi\\\/wp-content\\\/uploads\\\/2023\\\/03\\\/kuva-c.png&quot;},{&quot;id&quot;:85,&quot;url&quot;:&quot;https:\\\/\\\/uusisivu.keskiespooseura.fi\\\/wp-content\\\/uploads\\\/2023\\\/03\\\/kuva-d.png&quot;},{&quot;id&quot;:86,&quot;url&quot;:&quot;https:\\\/\\\/uusisivu.keskiespooseura.fi\\\/wp-content\\\/uploads\\\/2023\\\/03\\\/kuva-e.png&quot;},{&quot;id&quot;:87,&quot;url&quot;:&quot;https:\\\/\\\/uusisivu.keskiespooseura.fi\\\/wp-content\\\/uploads\\\/2023\\\/03\\\/kuva-f.png&quot;},{&quot;id&quot;:88,&quot;url&quot;:&quot;https:\\\/\\\/uusisivu.keskiespooseura.fi\\\/wp-content\\\/uploads\\\/2023\\\/03\\\/kuva-g.png&quot;},{&quot;id&quot;:89,&quot;url&quot;:&quot;https:\\\/\\\/uusisivu.keskiespooseura.fi\\\/wp-content\\\/uploads\\\/2023\\\/03\\\/kuva-h.png&quot;},{&quot;id&quot;:90,&quot;url&quot;:&quot;https:\\\/\\\/uusisivu.keskiespooseura.fi\\\/wp-content\\\/uploads\\\/2023\\\/03\\\/kuva-i.png&quot;},{&quot;id&quot;:91,&quot;url&quot;:&quot;https:\\\/\\\/uusisivu.keskiespooseura.fi\\\/wp-content\\\/uploads\\\/2023\\\/03\\\/kuva-j-scaled.jpg&quot;},{&quot;id&quot;:92,&quot;url&quot;:&quot;https:\\\/\\\/uusisivu.keskiespooseura.fi\\\/wp-content\\\/uploads\\\/2023\\\/03\\\/kuva-k-scaled.jpg&quot;}],&quot;background_slideshow_loop&quot;:&quot;yes&quot;,&quot;background_slideshow_slide_duration&quot;:5000,&quot;background_slideshow_slide_transition&quot;:&quot;fade&quot;,&quot;background_slideshow_transition_duration&quot;:500}\">\n\t\t\t\t\t\t<div class=\"elementor-container elementor-column-gap-default\">\n\t\t\t\t\t<div class=\"elementor-column elementor-col-100 elementor-top-column elementor-element elementor-element-4e7a528\" data-id=\"4e7a528\" data-element_type=\"column\" data-e-type=\"column\" data-settings=\"{&quot;background_background&quot;:&quot;slideshow&quot;,&quot;background_slideshow_gallery&quot;:[],&quot;background_slideshow_loop&quot;:&quot;yes&quot;,&quot;background_slideshow_slide_duration&quot;:5000,&quot;background_slideshow_slide_transition&quot;:&quot;fade&quot;,&quot;background_slideshow_transition_duration&quot;:500}\">\n\t\t\t<div class=\"elementor-widget-wrap\">\n\t\t\t\t\t\t\t<\/div>\n\t\t<\/div>\n\t\t\t\t\t<\/div>\n\t\t<\/section>\n\t\t\t\t<section class=\"elementor-section elementor-top-section elementor-element elementor-element-c55d81a elementor-section-boxed elementor-section-height-default elementor-section-height-default\" data-id=\"c55d81a\" data-element_type=\"section\" data-e-type=\"section\">\n\t\t\t\t\t\t<div class=\"elementor-container elementor-column-gap-default\">\n\t\t\t\t\t<div class=\"elementor-column elementor-col-50 elementor-top-column elementor-element elementor-element-e41f2df\" data-id=\"e41f2df\" data-element_type=\"column\" data-e-type=\"column\">\n\t\t\t<div class=\"elementor-widget-wrap elementor-element-populated\">\n\t\t\t\t\t\t<div class=\"elementor-element elementor-element-1468b8f elementor-widget elementor-widget-heading\" data-id=\"1468b8f\" data-element_type=\"widget\" data-e-type=\"widget\" data-widget_type=\"heading.default\">\n\t\t\t\t<div class=\"elementor-widget-container\">\n\t\t\t\t\t<h1 class=\"elementor-heading-title elementor-size-default\">Lue uusin lehti<\/h1>\t\t\t\t<\/div>\n\t\t\t\t<\/div>\n\t\t\t\t\t<\/div>\n\t\t<\/div>\n\t\t\t\t<div class=\"elementor-column elementor-col-50 elementor-top-column elementor-element elementor-element-2b8acee\" data-id=\"2b8acee\" data-element_type=\"column\" data-e-type=\"column\">\n\t\t\t<div class=\"elementor-widget-wrap\">\n\t\t\t\t\t\t\t<\/div>\n\t\t<\/div>\n\t\t\t\t\t<\/div>\n\t\t<\/section>\n\t\t\t\t<section class=\"elementor-section elementor-top-section elementor-element elementor-element-1df9fa6 elementor-section-boxed elementor-section-height-default elementor-section-height-default\" data-id=\"1df9fa6\" data-element_type=\"section\" data-e-type=\"section\">\n\t\t\t\t\t\t<div class=\"elementor-container elementor-column-gap-default\">\n\t\t\t\t\t<div class=\"elementor-column elementor-col-50 elementor-top-column elementor-element elementor-element-e8b85e6\" data-id=\"e8b85e6\" data-element_type=\"column\" data-e-type=\"column\">\n\t\t\t<div class=\"elementor-widget-wrap elementor-element-populated\">\n\t\t\t\t\t\t<div class=\"elementor-element elementor-element-847b3e1 elementor-widget elementor-widget-text-editor\" data-id=\"847b3e1\" data-element_type=\"widget\" data-e-type=\"widget\" data-widget_type=\"text-editor.default\">\n\t\t\t\t<div class=\"elementor-widget-container\">\n\t\t\t\t\t\t\t\t\t<p><a href=\"https:\/\/indd.adobe.com\/view\/fe35517e-0c4f-4075-b07a-c53a3aa84d55\" target=\"_blank\" rel=\"noopener\">Keski-Espoon Sanomat 1 2026<\/a><\/p>\t\t\t\t\t\t\t\t<\/div>\n\t\t\t\t<\/div>\n\t\t\t\t\t<\/div>\n\t\t<\/div>\n\t\t\t\t<div class=\"elementor-column elementor-col-50 elementor-top-column elementor-element elementor-element-1a08a98\" data-id=\"1a08a98\" data-element_type=\"column\" data-e-type=\"column\">\n\t\t\t<div class=\"elementor-widget-wrap\">\n\t\t\t\t\t\t\t<\/div>\n\t\t<\/div>\n\t\t\t\t\t<\/div>\n\t\t<\/section>\n\t\t\t\t<section class=\"elementor-section elementor-top-section elementor-element elementor-element-9a0b2c6 elementor-section-boxed elementor-section-height-default elementor-section-height-default\" data-id=\"9a0b2c6\" data-element_type=\"section\" data-e-type=\"section\">\n\t\t\t\t\t\t<div class=\"elementor-container elementor-column-gap-default\">\n\t\t\t\t\t<div class=\"elementor-column elementor-col-100 elementor-top-column elementor-element elementor-element-63d6846\" data-id=\"63d6846\" data-element_type=\"column\" data-e-type=\"column\">\n\t\t\t<div class=\"elementor-widget-wrap elementor-element-populated\">\n\t\t\t\t\t\t<div class=\"elementor-element elementor-element-d9a8e2f elementor-widget elementor-widget-heading\" data-id=\"d9a8e2f\" data-element_type=\"widget\" data-e-type=\"widget\" data-widget_type=\"heading.default\">\n\t\t\t\t<div class=\"elementor-widget-container\">\n\t\t\t\t\t<h2 class=\"elementor-heading-title elementor-size-default\">Keski-Espoo-seuran luentosarja\n<\/h2>\t\t\t\t<\/div>\n\t\t\t\t<\/div>\n\t\t\t\t\t<\/div>\n\t\t<\/div>\n\t\t\t\t\t<\/div>\n\t\t<\/section>\n\t\t\t\t<section class=\"elementor-section elementor-top-section elementor-element elementor-element-cc7104f elementor-section-boxed elementor-section-height-default elementor-section-height-default\" data-id=\"cc7104f\" data-element_type=\"section\" data-e-type=\"section\">\n\t\t\t\t\t\t<div class=\"elementor-container elementor-column-gap-default\">\n\t\t\t\t\t<div class=\"elementor-column elementor-col-50 elementor-top-column elementor-element elementor-element-2a49fdf\" data-id=\"2a49fdf\" data-element_type=\"column\" data-e-type=\"column\">\n\t\t\t<div class=\"elementor-widget-wrap elementor-element-populated\">\n\t\t\t\t\t\t<div class=\"elementor-element elementor-element-125bf34 elementor-widget elementor-widget-text-editor\" data-id=\"125bf34\" data-element_type=\"widget\" data-e-type=\"widget\" data-widget_type=\"text-editor.default\">\n\t\t\t\t<div class=\"elementor-widget-container\">\n\t\t\t\t\t\t\t\t\t<p>Keski-Espoo-seura j\u00e4rjest\u00e4\u00e4 luentosarjan Entressen kirjaston Sinisess\u00e4 huoneessa Siltakatu 11, 02770 Espoo. Luennot pidet\u00e4\u00e4n keskiviikkoisin iltap\u00e4iv\u00e4ll\u00e4.<br \/><strong>Huomio luentojen vaihtelevat ajankohdat!<br \/><\/strong><\/p><p><strong>8.4.2026 klo 16\u201317<\/strong>, Mit\u00e4 uutta Espoon koulu- ja sote-palveluissa?\u00a0 \u00a0 \u00a0 \u00a0 \u00a0 \u00a0 \u00a0 \u00a0 \u00a0 \u00a0 \u00a0 \u00a0 \u00a0 \u00a0 \u00a0 \u00a0 Mia Laiho, kansanedustaja, Espoon kasvun ja oppimisen lautakunnan pj<br \/>ja L\u00e4nsi-Uudenmaan aluehallituksen pj.\u00a0 \u00a0 \u00a0 \u00a0 \u00a0 \u00a0 \u00a0 \u00a0 \u00a0 \u00a0 \u00a0 \u00a0 \u00a0 \u00a0 \u00a0 \u00a0 \u00a0 \u00a0 \u00a0 \u00a0 \u00a0 \u00a0 \u00a0 \u00a0 \u00a0 \u00a0 \u00a0 \u00a0 \u00a0 \u00a0 \u00a0 \u00a0 \u00a0 \u00a0 \u00a0 \u00a0 \u00a0 <strong>15.4.<\/strong><strong> klo 16\u201317<\/strong>, Espoon kaupunkirata: Hankkeen tavoitteet ja rakentamisen tilanne kev\u00e4\u00e4ll\u00e4 2026.\u00a0 <br \/>Tommi Rosenvall, projektip\u00e4\u00e4llikk\u00f6. V\u00e4yl\u00e4virasto.\u00a0 \u00a0<br \/><strong><br \/>22.4. 2025 klo 15.45. \u2013 16.45, <\/strong>Espoon keskuksen kehityskuvia<br \/>Mikko Kivinen, Espoon keskuksen kehitt\u00e4misprojektin projektijohtaja, Tekninen ja ymp\u00e4rist\u00f6toimi, Espoon kaupunki. \u00a0 \u00a0 \u00a0 \u00a0 \u00a0 \u00a0 \u00a0 \u00a0 \u00a0 \u00a0 \u00a0 \u00a0 \u00a0 \u00a0 \u00a0 \u00a0 \u00a0 \u00a0<\/p><p><strong>29.4.2026 klo 14.30\u201315.30<\/strong>, 72 tuntia &#8211; varautuminen ja kotivara.\u00a0<br \/>Hanna Sayilir, Suomen Pelastusalan Keskusj\u00e4rjest\u00f6 (SPEK) kouluttama varautumisen asiantuntija\u00a0 \u00a0 \u00a0 \u00a0\u00a0<\/p>\t\t\t\t\t\t\t\t<\/div>\n\t\t\t\t<\/div>\n\t\t\t\t\t<\/div>\n\t\t<\/div>\n\t\t\t\t<div class=\"elementor-column elementor-col-50 elementor-top-column elementor-element elementor-element-91d7ff6\" data-id=\"91d7ff6\" data-element_type=\"column\" data-e-type=\"column\">\n\t\t\t<div class=\"elementor-widget-wrap elementor-element-populated\">\n\t\t\t\t\t\t<div class=\"elementor-element elementor-element-f16d70f elementor-widget elementor-widget-heading\" data-id=\"f16d70f\" data-element_type=\"widget\" data-e-type=\"widget\" data-widget_type=\"heading.default\">\n\t\t\t\t<div class=\"elementor-widget-container\">\n\t\t\t\t\t<h2 class=\"elementor-heading-title elementor-size-default\">Keski-Espoon Sanomat ilmestymisajat vuonna 2026<\/h2>\t\t\t\t<\/div>\n\t\t\t\t<\/div>\n\t\t\t\t<div class=\"elementor-element elementor-element-249b387 elementor-widget elementor-widget-text-editor\" data-id=\"249b387\" data-element_type=\"widget\" data-e-type=\"widget\" data-widget_type=\"text-editor.default\">\n\t\t\t\t<div class=\"elementor-widget-container\">\n\t\t\t\t\t\t\t\t\t<div class=\"leipis clearfix grpelem\">\u00a0\u00a0<strong>\u00a0 \u00a0 \u00a0 \u00a0 \u00a0 \u00a0 \u00a0 \u00a0 \u00a0 \u00a0 \u00a0 \u00a0Ilmestyy\u00a0<\/strong> \u00a0 \u00a0 \u00a0 \u00a0 \u00a0 \u00a0 \u00a0 <strong>\u00a0 \u00a0 \u00a0 \u00a0 DL<\/strong>\u00a0<br \/>1\/2026\u00a0 \u00a0 \u00a0 \u00a0 \u00a0 \u00a0 25.03.2026\u00a0 \u00a0 \u00a0 \u00a0 \u00a0 \u00a0 \u00a0 08.03.2026<\/div><div>2\/2026\u00a0 \u00a0 \u00a0 \u00a0 \u00a0 \u00a0 20.05.2026\u00a0 \u00a0 \u00a0 \u00a0 \u00a0 \u00a0 \u00a0 \u00a003.05.2026 <br \/>3\/2026.\u00a0 \u00a0 \u00a0 \u00a0 \u00a0 \u00a009.09.2026\u00a0 \u00a0 \u00a0 \u00a0 \u00a0 \u00a0 \u00a0 23.08.2026 <br \/>4\/2026\u00a0 \u00a0 \u00a0 \u00a0 \u00a0 \u00a0 09.12.2026\u00a0 \u00a0 \u00a0 \u00a0 \u00a0 \u00a0 \u00a0 22.11.2026<\/div>\t\t\t\t\t\t\t\t<\/div>\n\t\t\t\t<\/div>\n\t\t\t\t<div class=\"elementor-element elementor-element-66e3276 elementor-widget elementor-widget-text-editor\" data-id=\"66e3276\" data-element_type=\"widget\" data-e-type=\"widget\" data-widget_type=\"text-editor.default\">\n\t\t\t\t<div class=\"elementor-widget-container\">\n\t\t\t\t\t\t\t\t\t<p>\u00a0<\/p><p>\u00a0<\/p>\t\t\t\t\t\t\t\t<\/div>\n\t\t\t\t<\/div>\n\t\t\t\t\t<\/div>\n\t\t<\/div>\n\t\t\t\t\t<\/div>\n\t\t<\/section>\n\t\t\t\t<section class=\"elementor-section elementor-top-section elementor-element elementor-element-5f48493 elementor-section-boxed elementor-section-height-default elementor-section-height-default\" data-id=\"5f48493\" data-element_type=\"section\" data-e-type=\"section\">\n\t\t\t\t\t\t<div class=\"elementor-container elementor-column-gap-default\">\n\t\t\t\t\t<div class=\"elementor-column elementor-col-100 elementor-top-column elementor-element elementor-element-ab24a04\" data-id=\"ab24a04\" data-element_type=\"column\" data-e-type=\"column\">\n\t\t\t<div class=\"elementor-widget-wrap elementor-element-populated\">\n\t\t\t\t\t\t<div class=\"elementor-element elementor-element-10d0db4 elementor-widget elementor-widget-heading\" data-id=\"10d0db4\" data-element_type=\"widget\" data-e-type=\"widget\" data-widget_type=\"heading.default\">\n\t\t\t\t<div class=\"elementor-widget-container\">\n\t\t\t\t\t<h2 class=\"elementor-heading-title elementor-size-default\">Vuosikokouskutsu<\/h2>\t\t\t\t<\/div>\n\t\t\t\t<\/div>\n\t\t\t\t\t<\/div>\n\t\t<\/div>\n\t\t\t\t\t<\/div>\n\t\t<\/section>\n\t\t\t\t<section class=\"elementor-section elementor-top-section elementor-element elementor-element-5374cf1 elementor-section-boxed elementor-section-height-default elementor-section-height-default\" data-id=\"5374cf1\" data-element_type=\"section\" data-e-type=\"section\">\n\t\t\t\t\t\t<div class=\"elementor-container elementor-column-gap-default\">\n\t\t\t\t\t<div class=\"elementor-column elementor-col-50 elementor-top-column elementor-element elementor-element-1771c88\" data-id=\"1771c88\" data-element_type=\"column\" data-e-type=\"column\">\n\t\t\t<div class=\"elementor-widget-wrap elementor-element-populated\">\n\t\t\t\t\t\t<div class=\"elementor-element elementor-element-59d623e elementor-widget elementor-widget-text-editor\" data-id=\"59d623e\" data-element_type=\"widget\" data-e-type=\"widget\" data-widget_type=\"text-editor.default\">\n\t\t\t\t<div class=\"elementor-widget-container\">\n\t\t\t\t\t\t\t\t\t<div><p><strong>Keski-Espoo-seura pit\u00e4\u00e4 s\u00e4\u00e4nt\u00f6m\u00e4\u00e4r\u00e4isen VUOSIKOKOUKSEN tiistaina 28.4.2026 klo 18.00 Koulumuseo Lagstadissa<\/strong><\/p><p>Osoite Vanha Lagstadintie 4, 02770 Espoo.<br \/>Kokouksessa k\u00e4sitell\u00e4\u00e4n vuosikokoukselle kuuluvat s\u00e4\u00e4nt\u00f6m\u00e4\u00e4r\u00e4iset asiat.<\/p><p>Kokouksessa keskustellaan lopuksi ajankohtaisista asioista ja tutustutaan uuteen koulumuseoon.<\/p><p><strong>Kahvitarjoilu!<\/strong><br \/><strong>Tervetuloa<\/strong><\/p><\/div><div>\u00a0<\/div><div class=\"leipis clearfix grpelem\">\u00a0<\/div>\t\t\t\t\t\t\t\t<\/div>\n\t\t\t\t<\/div>\n\t\t\t\t\t<\/div>\n\t\t<\/div>\n\t\t\t\t<div class=\"elementor-column elementor-col-50 elementor-top-column elementor-element elementor-element-55f2e19\" data-id=\"55f2e19\" data-element_type=\"column\" data-e-type=\"column\">\n\t\t\t<div class=\"elementor-widget-wrap elementor-element-populated\">\n\t\t\t\t\t\t\t<\/div>\n\t\t<\/div>\n\t\t\t\t\t<\/div>\n\t\t<\/section>\n\t\t\t\t<\/div>\n\t\t","protected":false},"excerpt":{"rendered":"<p>Lue uusin lehti Keski-Espoon Sanomat 1 2026 Keski-Espoo-seuran luentosarja Keski-Espoo-seura j\u00e4rjest\u00e4\u00e4 luentosarjan Entressen kirjaston Sinisess\u00e4 huoneessa Siltakatu 11, 02770 Espoo. Luennot pidet\u00e4\u00e4n keskiviikkoisin iltap\u00e4iv\u00e4ll\u00e4.Huomio luentojen vaihtelevat ajankohdat! 8.4.2026 klo 16\u201317, Mit\u00e4 uutta Espoon koulu- ja sote-palveluissa?\u00a0 \u00a0 \u00a0 \u00a0 \u00a0 \u00a0 \u00a0 \u00a0 \u00a0 \u00a0 \u00a0 \u00a0 \u00a0 \u00a0 \u00a0 \u00a0 Mia Laiho, kansanedustaja, Espoon [&hellip;]<\/p>\n","protected":false},"author":2,"featured_media":0,"parent":0,"menu_order":0,"comment_status":"closed","ping_status":"closed","template":"elementor_header_footer","meta":{"footnotes":""},"class_list":["post-7","page","type-page","status-publish","hentry"],"_links":{"self":[{"href":"https:\/\/keskiespooseura.fi\/index.php?rest_route=\/wp\/v2\/pages\/7","targetHints":{"allow":["GET"]}}],"collection":[{"href":"https:\/\/keskiespooseura.fi\/index.php?rest_route=\/wp\/v2\/pages"}],"about":[{"href":"https:\/\/keskiespooseura.fi\/index.php?rest_route=\/wp\/v2\/types\/page"}],"author":[{"embeddable":true,"href":"https:\/\/keskiespooseura.fi\/index.php?rest_route=\/wp\/v2\/users\/2"}],"replies":[{"embeddable":true,"href":"https:\/\/keskiespooseura.fi\/index.php?rest_route=%2Fwp%2Fv2%2Fcomments&post=7"}],"version-history":[{"count":557,"href":"https:\/\/keskiespooseura.fi\/index.php?rest_route=\/wp\/v2\/pages\/7\/revisions"}],"predecessor-version":[{"id":2052,"href":"https:\/\/keskiespooseura.fi\/index.php?rest_route=\/wp\/v2\/pages\/7\/revisions\/2052"}],"wp:attachment":[{"href":"https:\/\/keskiespooseura.fi\/index.php?rest_route=%2Fwp%2Fv2%2Fmedia&parent=7"}],"curies":[{"name":"wp","href":"https:\/\/api.w.org\/{rel}","templated":true}]}}